{"id":26994,"date":"2026-02-17T23:06:58","date_gmt":"2026-02-17T23:06:58","guid":{"rendered":"https:\/\/logic-vault.com\/product\/lyrics-to-brand-strategy\/"},"modified":"2026-02-17T23:06:58","modified_gmt":"2026-02-17T23:06:58","slug":"lyrics-to-brand-strategy","status":"publish","type":"product","link":"https:\/\/logic-vault.com\/tr\/urun\/lyrics-to-brand-strategy\/","title":{"rendered":"Marka Stratejisine Giden Yol"},"content":{"rendered":"<p>\ud83c\udfb5 M\u00fczi\u011fi anlama d\u00f6n\u00fc\u015ft\u00fcr\u00fcn.<\/p>\n<p>\u270d Bu y\u00f6nerge, bir \u015fark\u0131n\u0131n s\u00f6zlerini eksiksiz bir marka stratejisine d\u00f6n\u00fc\u015ft\u00fcr\u00fcyor. \u015eark\u0131daki duygusal temalar\u0131, tonu, tavr\u0131 ve sembolizmi \u00e7\u00f6z\u00fcml\u00fcyor ve ard\u0131ndan bunlar\u0131 do\u011frudan belirli bir marka ni\u015fine uyguluyor.<\/p>\n<p>\ud83c\udfaf Sadece ak\u0131ll\u0131ca g\u00f6r\u00fcnmekle kalmay\u0131p, bir \u015feyler hissettiren markalar yaratmak isteyen kurucular, yarat\u0131c\u0131lar ve pazarlamac\u0131lar i\u00e7in m\u00fckemmel.<\/p>","protected":false},"excerpt":{"rendered":"<p>\ud83c\udfb5 Turn music into meaning. \u270d This prompt transforms a song\u2019s lyrics into a complete brand strategy. It decodes emotional themes, tone, attitude, and symbolism from the song, then applies them directly to a specific brand niche. \ud83c\udfaf Perfect for founders, creatives, and marketers who want brands that feel something \u2014 not just sound smart.<\/p>","protected":false},"featured_media":26993,"comment_status":"open","ping_status":"closed","template":"","meta":[],"product_brand":[],"product_cat":[4097],"product_tag":[],"class_list":{"0":"post-26994","1":"product","2":"type-product","3":"status-publish","4":"has-post-thumbnail","6":"product_cat-design-creativity","8":"first","9":"instock","10":"downloadable","11":"virtual","12":"product-type-simple"},"bundled_by":[],"bundle_stock_status":"instock","bundle_stock_quantity":null,"bundle_virtual":false,"bundle_layout":"","bundle_add_to_cart_form_location":"","bundle_editable_in_cart":false,"bundle_sold_individually_context":"","bundle_item_grouping":"","bundle_min_size":"","bundle_max_size":"","bundle_price":[],"bundled_items":[],"bundle_sell_ids":[],"_links":{"self":[{"href":"https:\/\/logic-vault.com\/tr\/wp-json\/wp\/v2\/product\/26994","targetHints":{"allow":["GET"]}}],"collection":[{"href":"https:\/\/logic-vault.com\/tr\/wp-json\/wp\/v2\/product"}],"about":[{"href":"https:\/\/logic-vault.com\/tr\/wp-json\/wp\/v2\/types\/product"}],"replies":[{"embeddable":true,"href":"https:\/\/logic-vault.com\/tr\/wp-json\/wp\/v2\/comments?post=26994"}],"wp:featuredmedia":[{"embeddable":true,"href":"https:\/\/logic-vault.com\/tr\/wp-json\/wp\/v2\/media\/26993"}],"wp:attachment":[{"href":"https:\/\/logic-vault.com\/tr\/wp-json\/wp\/v2\/media?parent=26994"}],"wp:term":[{"taxonomy":"product_brand","embeddable":true,"href":"https:\/\/logic-vault.com\/tr\/wp-json\/wp\/v2\/product_brand?post=26994"},{"taxonomy":"product_cat","embeddable":true,"href":"https:\/\/logic-vault.com\/tr\/wp-json\/wp\/v2\/product_cat?post=26994"},{"taxonomy":"product_tag","embeddable":true,"href":"https:\/\/logic-vault.com\/tr\/wp-json\/wp\/v2\/product_tag?post=26994"}],"curies":[{"name":"wp","href":"https:\/\/api.w.org\/{rel}","templated":true}]}}