{"id":26986,"date":"2026-02-17T23:06:56","date_gmt":"2026-02-17T23:06:56","guid":{"rendered":"https:\/\/logic-vault.com\/product\/spotify-playlist-creator\/"},"modified":"2026-02-17T23:06:57","modified_gmt":"2026-02-17T23:06:57","slug":"spotify-playlist-creator","status":"publish","type":"product","link":"https:\/\/logic-vault.com\/tr\/urun\/spotify-playlist-creator\/","title":{"rendered":"Spotify \u00c7alma Listesi Olu\u015fturucu"},"content":{"rendered":"<p>SEO ve dijital pazarlama en iyi uygulamalar\u0131yla uyumlu bu yakla\u015f\u0131m, yaln\u0131zca ilgi \u00e7ekici olmakla kalmay\u0131p ayn\u0131 zamanda aramalarda ve \u00f6nerilerde de iyi s\u0131ralarda yer alan bir tropikal house m\u00fczik Spotify \u00e7alma listesi olu\u015fturmal\u0131d\u0131r.<\/p>","protected":false},"excerpt":{"rendered":"<p>SEO ve dijital pazarlama en iyi uygulamalar\u0131yla uyumlu bu yakla\u015f\u0131m, yaln\u0131zca ilgi \u00e7ekici olmakla kalmay\u0131p ayn\u0131 zamanda aramalarda ve \u00f6nerilerde de iyi s\u0131ralarda yer alan bir tropikal house m\u00fczik Spotify \u00e7alma listesi olu\u015fturmal\u0131d\u0131r.<\/p>","protected":false},"featured_media":26985,"comment_status":"open","ping_status":"closed","template":"","meta":[],"product_brand":[],"product_cat":[4097],"product_tag":[],"class_list":{"0":"post-26986","1":"product","2":"type-product","3":"status-publish","4":"has-post-thumbnail","6":"product_cat-design-creativity","8":"first","9":"instock","10":"downloadable","11":"virtual","12":"product-type-simple"},"bundled_by":[],"bundle_stock_status":"instock","bundle_stock_quantity":null,"bundle_virtual":false,"bundle_layout":"","bundle_add_to_cart_form_location":"","bundle_editable_in_cart":false,"bundle_sold_individually_context":"","bundle_item_grouping":"","bundle_min_size":"","bundle_max_size":"","bundle_price":[],"bundled_items":[],"bundle_sell_ids":[],"_links":{"self":[{"href":"https:\/\/logic-vault.com\/tr\/wp-json\/wp\/v2\/product\/26986","targetHints":{"allow":["GET"]}}],"collection":[{"href":"https:\/\/logic-vault.com\/tr\/wp-json\/wp\/v2\/product"}],"about":[{"href":"https:\/\/logic-vault.com\/tr\/wp-json\/wp\/v2\/types\/product"}],"replies":[{"embeddable":true,"href":"https:\/\/logic-vault.com\/tr\/wp-json\/wp\/v2\/comments?post=26986"}],"wp:featuredmedia":[{"embeddable":true,"href":"https:\/\/logic-vault.com\/tr\/wp-json\/wp\/v2\/media\/26985"}],"wp:attachment":[{"href":"https:\/\/logic-vault.com\/tr\/wp-json\/wp\/v2\/media?parent=26986"}],"wp:term":[{"taxonomy":"product_brand","embeddable":true,"href":"https:\/\/logic-vault.com\/tr\/wp-json\/wp\/v2\/product_brand?post=26986"},{"taxonomy":"product_cat","embeddable":true,"href":"https:\/\/logic-vault.com\/tr\/wp-json\/wp\/v2\/product_cat?post=26986"},{"taxonomy":"product_tag","embeddable":true,"href":"https:\/\/logic-vault.com\/tr\/wp-json\/wp\/v2\/product_tag?post=26986"}],"curies":[{"name":"wp","href":"https:\/\/api.w.org\/{rel}","templated":true}]}}