{"id":26984,"date":"2026-02-17T23:06:56","date_gmt":"2026-02-17T23:06:56","guid":{"rendered":"https:\/\/logic-vault.com\/product\/text-to-music-udio-prompt-generator\/"},"modified":"2026-02-17T23:06:56","modified_gmt":"2026-02-17T23:06:56","slug":"text-to-music-udio-prompt-generator","status":"publish","type":"product","link":"https:\/\/logic-vault.com\/tr\/urun\/text-to-music-udio-prompt-generator\/","title":{"rendered":"Metni M\u00fczi\u011fe D\u00f6n\u00fc\u015ft\u00fcrme Sesli \u0130stemi Olu\u015fturucu"},"content":{"rendered":"<p>Herhangi bir uzman, metni videoya d\u00f6n\u00fc\u015ft\u00fcrme ile g\u00f6r\u00fcnt\u00fcy\u00fc videoya d\u00f6n\u00fc\u015ft\u00fcrme aras\u0131ndaki fark\u0131 bilir. <\/p>\n<p>Bu GPT harika komut istemi, i\u015f y\u00fck\u00fcn\u00fc omuzlar\u0131n\u0131zdan alacak ve ister a\u00e7\u0131klaman\u0131z\u0131 ister (iste\u011fe ba\u011fl\u0131 olarak birlikte y\u00fckledi\u011finiz) resminizi kullanarak kullan\u0131ma haz\u0131r komut istemleri olu\u015fturacakt\u0131r. <\/p>\n<p>Bu, GPT&#039;ye ihtiya\u00e7 duydu\u011fu t\u00fcm bilgileri sa\u011flayacakt\u0131r. Sonu\u00e7 olarak, resminiz i\u00e7in y\u00fcksek kaliteli bir animasyonlu komut istemi elde edeceksiniz!<\/p>","protected":false},"excerpt":{"rendered":"<p>Any expert knows the difference between text to video VS image to video prompting. This GPT beast prompt will take the hustle from your shoulder and create for you ready to use prompt using either description or your image (optionally uploaded with it). It will feed GPT with all information it needs. You&#8217;ll end up [&hellip;]<\/p>\n","protected":false},"featured_media":26983,"comment_status":"open","ping_status":"closed","template":"","meta":[],"product_brand":[],"product_cat":[4097],"product_tag":[],"class_list":{"0":"post-26984","1":"product","2":"type-product","3":"status-publish","4":"has-post-thumbnail","6":"product_cat-design-creativity","8":"first","9":"instock","10":"downloadable","11":"virtual","12":"product-type-simple"},"bundled_by":[],"bundle_stock_status":"instock","bundle_stock_quantity":null,"bundle_virtual":false,"bundle_layout":"","bundle_add_to_cart_form_location":"","bundle_editable_in_cart":false,"bundle_sold_individually_context":"","bundle_item_grouping":"","bundle_min_size":"","bundle_max_size":"","bundle_price":[],"bundled_items":[],"bundle_sell_ids":[],"_links":{"self":[{"href":"https:\/\/logic-vault.com\/tr\/wp-json\/wp\/v2\/product\/26984","targetHints":{"allow":["GET"]}}],"collection":[{"href":"https:\/\/logic-vault.com\/tr\/wp-json\/wp\/v2\/product"}],"about":[{"href":"https:\/\/logic-vault.com\/tr\/wp-json\/wp\/v2\/types\/product"}],"replies":[{"embeddable":true,"href":"https:\/\/logic-vault.com\/tr\/wp-json\/wp\/v2\/comments?post=26984"}],"wp:featuredmedia":[{"embeddable":true,"href":"https:\/\/logic-vault.com\/tr\/wp-json\/wp\/v2\/media\/26983"}],"wp:attachment":[{"href":"https:\/\/logic-vault.com\/tr\/wp-json\/wp\/v2\/media?parent=26984"}],"wp:term":[{"taxonomy":"product_brand","embeddable":true,"href":"https:\/\/logic-vault.com\/tr\/wp-json\/wp\/v2\/product_brand?post=26984"},{"taxonomy":"product_cat","embeddable":true,"href":"https:\/\/logic-vault.com\/tr\/wp-json\/wp\/v2\/product_cat?post=26984"},{"taxonomy":"product_tag","embeddable":true,"href":"https:\/\/logic-vault.com\/tr\/wp-json\/wp\/v2\/product_tag?post=26984"}],"curies":[{"name":"wp","href":"https:\/\/api.w.org\/{rel}","templated":true}]}}