{"id":26982,"date":"2026-02-17T23:06:56","date_gmt":"2026-02-17T23:06:56","guid":{"rendered":"https:\/\/logic-vault.com\/product\/master-lyricist-creator\/"},"modified":"2026-02-17T23:06:56","modified_gmt":"2026-02-17T23:06:56","slug":"master-lyricist-creator","status":"publish","type":"product","link":"https:\/\/logic-vault.com\/tr\/urun\/master-lyricist-creator\/","title":{"rendered":"Usta \u015eark\u0131 S\u00f6z\u00fc Yazar\u0131 ve Yarat\u0131c\u0131"},"content":{"rendered":"<p>Bu y\u00f6nerge, Claude&#039;un m\u00fczik end\u00fcstrisinde ba\u015far\u0131ya ula\u015fmay\u0131 hedefleyen sanat\u00e7\u0131lar i\u00e7in \u00fcst d\u00fczey, yenilik\u00e7i \u015fark\u0131 s\u00f6z\u00fc fikirleri ve stratejik tavsiyeler \u00fcretmesine yard\u0131mc\u0131 olmak amac\u0131yla tasarlanm\u0131\u015ft\u0131r.<\/p>","protected":false},"excerpt":{"rendered":"<p>Bu y\u00f6nerge, Claude&#039;un m\u00fczik end\u00fcstrisinde ba\u015far\u0131ya ula\u015fmay\u0131 hedefleyen sanat\u00e7\u0131lar i\u00e7in \u00fcst d\u00fczey, yenilik\u00e7i \u015fark\u0131 s\u00f6z\u00fc fikirleri ve stratejik tavsiyeler \u00fcretmesine yard\u0131mc\u0131 olmak amac\u0131yla tasarlanm\u0131\u015ft\u0131r.<\/p>","protected":false},"featured_media":26981,"comment_status":"open","ping_status":"closed","template":"","meta":[],"product_brand":[],"product_cat":[4097],"product_tag":[],"class_list":{"0":"post-26982","1":"product","2":"type-product","3":"status-publish","4":"has-post-thumbnail","6":"product_cat-design-creativity","8":"first","9":"instock","10":"downloadable","11":"virtual","12":"product-type-simple"},"bundled_by":[],"bundle_stock_status":"instock","bundle_stock_quantity":null,"bundle_virtual":false,"bundle_layout":"","bundle_add_to_cart_form_location":"","bundle_editable_in_cart":false,"bundle_sold_individually_context":"","bundle_item_grouping":"","bundle_min_size":"","bundle_max_size":"","bundle_price":[],"bundled_items":[],"bundle_sell_ids":[],"_links":{"self":[{"href":"https:\/\/logic-vault.com\/tr\/wp-json\/wp\/v2\/product\/26982","targetHints":{"allow":["GET"]}}],"collection":[{"href":"https:\/\/logic-vault.com\/tr\/wp-json\/wp\/v2\/product"}],"about":[{"href":"https:\/\/logic-vault.com\/tr\/wp-json\/wp\/v2\/types\/product"}],"replies":[{"embeddable":true,"href":"https:\/\/logic-vault.com\/tr\/wp-json\/wp\/v2\/comments?post=26982"}],"wp:featuredmedia":[{"embeddable":true,"href":"https:\/\/logic-vault.com\/tr\/wp-json\/wp\/v2\/media\/26981"}],"wp:attachment":[{"href":"https:\/\/logic-vault.com\/tr\/wp-json\/wp\/v2\/media?parent=26982"}],"wp:term":[{"taxonomy":"product_brand","embeddable":true,"href":"https:\/\/logic-vault.com\/tr\/wp-json\/wp\/v2\/product_brand?post=26982"},{"taxonomy":"product_cat","embeddable":true,"href":"https:\/\/logic-vault.com\/tr\/wp-json\/wp\/v2\/product_cat?post=26982"},{"taxonomy":"product_tag","embeddable":true,"href":"https:\/\/logic-vault.com\/tr\/wp-json\/wp\/v2\/product_tag?post=26982"}],"curies":[{"name":"wp","href":"https:\/\/api.w.org\/{rel}","templated":true}]}}