{"id":26976,"date":"2026-02-17T23:06:55","date_gmt":"2026-02-17T23:06:55","guid":{"rendered":"https:\/\/logic-vault.com\/product\/suno-best-prompt-generator\/"},"modified":"2026-02-17T23:06:55","modified_gmt":"2026-02-17T23:06:55","slug":"suno-best-prompt-generator","status":"publish","type":"product","link":"https:\/\/logic-vault.com\/tr\/urun\/suno-best-prompt-generator\/","title":{"rendered":"Suno \u2013 En \u0130yi Bilgi \u0130stemi Olu\u015fturucu"},"content":{"rendered":"<p>This prompt generator will help you create in no-time correctly built prompts for SUNO Ai.<br \/>\nYou can give it brief idea you have for song or even detailed. <\/p>\n<p>It will make sure to create based on your idea , a properly constructed prompt for SUNO so it gives you best outcome.<\/p>","protected":false},"excerpt":{"rendered":"<p>This prompt generator will help you create in no-time correctly built prompts for SUNO Ai. You can give it brief idea you have for song or even detailed. It will make sure to create based on your idea , a properly constructed prompt for SUNO so it gives you best outcome.<\/p>","protected":false},"featured_media":26975,"comment_status":"open","ping_status":"closed","template":"","meta":[],"product_brand":[],"product_cat":[4097],"product_tag":[],"class_list":{"0":"post-26976","1":"product","2":"type-product","3":"status-publish","4":"has-post-thumbnail","6":"product_cat-design-creativity","8":"first","9":"instock","10":"downloadable","11":"virtual","12":"product-type-simple"},"bundled_by":[],"bundle_stock_status":"instock","bundle_stock_quantity":null,"bundle_virtual":false,"bundle_layout":"","bundle_add_to_cart_form_location":"","bundle_editable_in_cart":false,"bundle_sold_individually_context":"","bundle_item_grouping":"","bundle_min_size":"","bundle_max_size":"","bundle_price":[],"bundled_items":[],"bundle_sell_ids":[],"_links":{"self":[{"href":"https:\/\/logic-vault.com\/tr\/wp-json\/wp\/v2\/product\/26976","targetHints":{"allow":["GET"]}}],"collection":[{"href":"https:\/\/logic-vault.com\/tr\/wp-json\/wp\/v2\/product"}],"about":[{"href":"https:\/\/logic-vault.com\/tr\/wp-json\/wp\/v2\/types\/product"}],"replies":[{"embeddable":true,"href":"https:\/\/logic-vault.com\/tr\/wp-json\/wp\/v2\/comments?post=26976"}],"wp:featuredmedia":[{"embeddable":true,"href":"https:\/\/logic-vault.com\/tr\/wp-json\/wp\/v2\/media\/26975"}],"wp:attachment":[{"href":"https:\/\/logic-vault.com\/tr\/wp-json\/wp\/v2\/media?parent=26976"}],"wp:term":[{"taxonomy":"product_brand","embeddable":true,"href":"https:\/\/logic-vault.com\/tr\/wp-json\/wp\/v2\/product_brand?post=26976"},{"taxonomy":"product_cat","embeddable":true,"href":"https:\/\/logic-vault.com\/tr\/wp-json\/wp\/v2\/product_cat?post=26976"},{"taxonomy":"product_tag","embeddable":true,"href":"https:\/\/logic-vault.com\/tr\/wp-json\/wp\/v2\/product_tag?post=26976"}],"curies":[{"name":"wp","href":"https:\/\/api.w.org\/{rel}","templated":true}]}}