{"id":26967,"date":"2026-02-17T21:25:51","date_gmt":"2026-02-17T21:25:51","guid":{"rendered":"https:\/\/logic-vault.com\/product\/embedded-risk-intelligence\/"},"modified":"2026-02-17T21:25:52","modified_gmt":"2026-02-17T21:25:52","slug":"embedded-risk-intelligence","status":"publish","type":"product","link":"https:\/\/logic-vault.com\/tr\/urun\/embedded-risk-intelligence\/","title":{"rendered":"G\u00f6m\u00fcl\u00fc Risk Zekas\u0131"},"content":{"rendered":"<p>Bu y\u00f6nerge, karma\u015f\u0131k risk sinyallerini net ve uygulanabilir kararlara d\u00f6n\u00fc\u015ft\u00fcren, SaaS platformum i\u00e7in geli\u015fmi\u015f bir G\u00f6m\u00fcl\u00fc Finans Risk \u0130stihbarat sistemi tasarlaman\u0131za yard\u0131mc\u0131 olur. \u00d6l\u00e7eklenebilirlik, d\u00fczenleyici denetim ve para kazanma i\u00e7in tasarlanan bu sistem, kurucular\u0131, risk liderlerini ve \u00fcr\u00fcn ekiplerini g\u00f6m\u00fcl\u00fc finans\u0131 g\u00fcvenle y\u00f6netmeye ve yeni gelir f\u0131rsatlar\u0131n\u0131n kilidini a\u00e7maya olanak tan\u0131r.<\/p>","protected":false},"excerpt":{"rendered":"<p>Bu y\u00f6nerge, karma\u015f\u0131k risk sinyallerini net ve uygulanabilir kararlara d\u00f6n\u00fc\u015ft\u00fcren, SaaS platformum i\u00e7in geli\u015fmi\u015f bir G\u00f6m\u00fcl\u00fc Finans Risk \u0130stihbarat sistemi tasarlaman\u0131za yard\u0131mc\u0131 olur. \u00d6l\u00e7eklenebilirlik, d\u00fczenleyici denetim ve para kazanma i\u00e7in tasarlanan bu sistem, kurucular\u0131, risk liderlerini ve \u00fcr\u00fcn ekiplerini g\u00f6m\u00fcl\u00fc finans\u0131 g\u00fcvenle y\u00f6netmeye ve yeni gelir f\u0131rsatlar\u0131n\u0131n kilidini a\u00e7maya olanak tan\u0131r.<\/p>","protected":false},"featured_media":26966,"comment_status":"open","ping_status":"closed","template":"","meta":[],"product_brand":[],"product_cat":[4096],"product_tag":[],"class_list":{"0":"post-26967","1":"product","2":"type-product","3":"status-publish","4":"has-post-thumbnail","6":"product_cat-customer-support-sales","8":"first","9":"instock","10":"downloadable","11":"virtual","12":"product-type-simple"},"bundled_by":[],"bundle_stock_status":"instock","bundle_stock_quantity":null,"bundle_virtual":false,"bundle_layout":"","bundle_add_to_cart_form_location":"","bundle_editable_in_cart":false,"bundle_sold_individually_context":"","bundle_item_grouping":"","bundle_min_size":"","bundle_max_size":"","bundle_price":[],"bundled_items":[],"bundle_sell_ids":[],"_links":{"self":[{"href":"https:\/\/logic-vault.com\/tr\/wp-json\/wp\/v2\/product\/26967","targetHints":{"allow":["GET"]}}],"collection":[{"href":"https:\/\/logic-vault.com\/tr\/wp-json\/wp\/v2\/product"}],"about":[{"href":"https:\/\/logic-vault.com\/tr\/wp-json\/wp\/v2\/types\/product"}],"replies":[{"embeddable":true,"href":"https:\/\/logic-vault.com\/tr\/wp-json\/wp\/v2\/comments?post=26967"}],"wp:featuredmedia":[{"embeddable":true,"href":"https:\/\/logic-vault.com\/tr\/wp-json\/wp\/v2\/media\/26966"}],"wp:attachment":[{"href":"https:\/\/logic-vault.com\/tr\/wp-json\/wp\/v2\/media?parent=26967"}],"wp:term":[{"taxonomy":"product_brand","embeddable":true,"href":"https:\/\/logic-vault.com\/tr\/wp-json\/wp\/v2\/product_brand?post=26967"},{"taxonomy":"product_cat","embeddable":true,"href":"https:\/\/logic-vault.com\/tr\/wp-json\/wp\/v2\/product_cat?post=26967"},{"taxonomy":"product_tag","embeddable":true,"href":"https:\/\/logic-vault.com\/tr\/wp-json\/wp\/v2\/product_tag?post=26967"}],"curies":[{"name":"wp","href":"https:\/\/api.w.org\/{rel}","templated":true}]}}