{"id":26965,"date":"2026-02-17T21:25:51","date_gmt":"2026-02-17T21:25:51","guid":{"rendered":"https:\/\/logic-vault.com\/product\/discover-trending-products\/"},"modified":"2026-02-17T21:25:51","modified_gmt":"2026-02-17T21:25:51","slug":"discover-trending-products","status":"publish","type":"product","link":"https:\/\/logic-vault.com\/tr\/urun\/discover-trending-products\/","title":{"rendered":"Trend \u00dcr\u00fcnleri Ke\u015ffedin"},"content":{"rendered":"<p>Optimize your business strategy with this prompt for ChatGPT, designed to systematically analyze and identify trending products in niche markets. Gain actionable insights on product demand, profitability, and competitive strategies to ensure your business remains ahead in the market.<\/p>","protected":false},"excerpt":{"rendered":"<p>Optimize your business strategy with this prompt for ChatGPT, designed to systematically analyze and identify trending products in niche markets. Gain actionable insights on product demand, profitability, and competitive strategies to ensure your business remains ahead in the market.<\/p>","protected":false},"featured_media":26964,"comment_status":"open","ping_status":"closed","template":"","meta":[],"product_brand":[],"product_cat":[4096],"product_tag":[],"class_list":{"0":"post-26965","1":"product","2":"type-product","3":"status-publish","4":"has-post-thumbnail","6":"product_cat-customer-support-sales","8":"first","9":"instock","10":"downloadable","11":"virtual","12":"product-type-simple"},"bundled_by":[],"bundle_stock_status":"instock","bundle_stock_quantity":null,"bundle_virtual":false,"bundle_layout":"","bundle_add_to_cart_form_location":"","bundle_editable_in_cart":false,"bundle_sold_individually_context":"","bundle_item_grouping":"","bundle_min_size":"","bundle_max_size":"","bundle_price":[],"bundled_items":[],"bundle_sell_ids":[],"_links":{"self":[{"href":"https:\/\/logic-vault.com\/tr\/wp-json\/wp\/v2\/product\/26965","targetHints":{"allow":["GET"]}}],"collection":[{"href":"https:\/\/logic-vault.com\/tr\/wp-json\/wp\/v2\/product"}],"about":[{"href":"https:\/\/logic-vault.com\/tr\/wp-json\/wp\/v2\/types\/product"}],"replies":[{"embeddable":true,"href":"https:\/\/logic-vault.com\/tr\/wp-json\/wp\/v2\/comments?post=26965"}],"wp:featuredmedia":[{"embeddable":true,"href":"https:\/\/logic-vault.com\/tr\/wp-json\/wp\/v2\/media\/26964"}],"wp:attachment":[{"href":"https:\/\/logic-vault.com\/tr\/wp-json\/wp\/v2\/media?parent=26965"}],"wp:term":[{"taxonomy":"product_brand","embeddable":true,"href":"https:\/\/logic-vault.com\/tr\/wp-json\/wp\/v2\/product_brand?post=26965"},{"taxonomy":"product_cat","embeddable":true,"href":"https:\/\/logic-vault.com\/tr\/wp-json\/wp\/v2\/product_cat?post=26965"},{"taxonomy":"product_tag","embeddable":true,"href":"https:\/\/logic-vault.com\/tr\/wp-json\/wp\/v2\/product_tag?post=26965"}],"curies":[{"name":"wp","href":"https:\/\/api.w.org\/{rel}","templated":true}]}}