{"id":26963,"date":"2026-02-17T21:25:51","date_gmt":"2026-02-17T21:25:51","guid":{"rendered":"https:\/\/logic-vault.com\/product\/indepth-stock-analysis-with-trend\/"},"modified":"2026-02-17T21:25:51","modified_gmt":"2026-02-17T21:25:51","slug":"indepth-stock-analysis-with-trend","status":"publish","type":"product","link":"https:\/\/logic-vault.com\/tr\/urun\/indepth-stock-analysis-with-trend\/","title":{"rendered":"Trend Analiziyle Derinlemesine Hisse Senedi Analizi"},"content":{"rendered":"<p>\u201cDerinlemesine borsa analizi i\u00e7in yapay zekan\u0131n g\u00fcc\u00fcn\u00fc ke\u015ffedin! Bu ara\u00e7, eksiksiz bir hisse senedi performans\u0131 g\u00f6r\u00fcn\u00fcm\u00fc i\u00e7in yapay zeka destekli duygu analizi, piyasa trendleri ve finansal modellemeyi bir araya getiriyor. Sekt\u00f6r kar\u015f\u0131la\u015ft\u0131rmas\u0131, ESG fakt\u00f6rleri ve ger\u00e7ek zamanl\u0131 tahminler hakk\u0131nda bilgi edinerek bilin\u00e7li kararlar al\u0131n. Yat\u0131r\u0131mc\u0131 hedeflerine g\u00f6re uyarlanm\u0131\u015f bu ara\u00e7, piyasa senaryolar\u0131nda yol g\u00f6stermeye yard\u0131mc\u0131 olarak trendlerin \u00f6n\u00fcnde kalmak ve daha ak\u0131ll\u0131 yat\u0131r\u0131m se\u00e7imleri yapmak i\u00e7in m\u00fckemmel bir ara\u00e7 sunuyor.\u201d<\/p>","protected":false},"excerpt":{"rendered":"<p>&#8220;Unlock AI\u2019s power for in-depth stock market analysis! This prompt combines AI-driven sentiment analysis, market trends, and financial modeling for a complete stock performance outlook. Get insights into industry comparison, ESG factors, and real-time projections to make informed decisions. Tailored to investor goals, this prompt helps navigate market scenarios, offering the perfect tool for staying [&hellip;]<\/p>\n","protected":false},"featured_media":26962,"comment_status":"open","ping_status":"closed","template":"","meta":[],"product_brand":[],"product_cat":[4096],"product_tag":[],"class_list":{"0":"post-26963","1":"product","2":"type-product","3":"status-publish","4":"has-post-thumbnail","6":"product_cat-customer-support-sales","8":"first","9":"instock","10":"downloadable","11":"virtual","12":"product-type-simple"},"bundled_by":[],"bundle_stock_status":"instock","bundle_stock_quantity":null,"bundle_virtual":false,"bundle_layout":"","bundle_add_to_cart_form_location":"","bundle_editable_in_cart":false,"bundle_sold_individually_context":"","bundle_item_grouping":"","bundle_min_size":"","bundle_max_size":"","bundle_price":[],"bundled_items":[],"bundle_sell_ids":[],"_links":{"self":[{"href":"https:\/\/logic-vault.com\/tr\/wp-json\/wp\/v2\/product\/26963","targetHints":{"allow":["GET"]}}],"collection":[{"href":"https:\/\/logic-vault.com\/tr\/wp-json\/wp\/v2\/product"}],"about":[{"href":"https:\/\/logic-vault.com\/tr\/wp-json\/wp\/v2\/types\/product"}],"replies":[{"embeddable":true,"href":"https:\/\/logic-vault.com\/tr\/wp-json\/wp\/v2\/comments?post=26963"}],"wp:featuredmedia":[{"embeddable":true,"href":"https:\/\/logic-vault.com\/tr\/wp-json\/wp\/v2\/media\/26962"}],"wp:attachment":[{"href":"https:\/\/logic-vault.com\/tr\/wp-json\/wp\/v2\/media?parent=26963"}],"wp:term":[{"taxonomy":"product_brand","embeddable":true,"href":"https:\/\/logic-vault.com\/tr\/wp-json\/wp\/v2\/product_brand?post=26963"},{"taxonomy":"product_cat","embeddable":true,"href":"https:\/\/logic-vault.com\/tr\/wp-json\/wp\/v2\/product_cat?post=26963"},{"taxonomy":"product_tag","embeddable":true,"href":"https:\/\/logic-vault.com\/tr\/wp-json\/wp\/v2\/product_tag?post=26963"}],"curies":[{"name":"wp","href":"https:\/\/api.w.org\/{rel}","templated":true}]}}