{"id":26959,"date":"2026-02-17T21:25:50","date_gmt":"2026-02-17T21:25:50","guid":{"rendered":"https:\/\/logic-vault.com\/product\/business-clarity-generator\/"},"modified":"2026-02-17T21:25:50","modified_gmt":"2026-02-17T21:25:50","slug":"business-clarity-generator","status":"publish","type":"product","link":"https:\/\/logic-vault.com\/tr\/urun\/business-clarity-generator\/","title":{"rendered":"\u0130\u015f Netli\u011fi Olu\u015fturucu"},"content":{"rendered":"<p>Bir\u00e7ok giri\u015fimcinin iyi fikirleri vard\u0131r ancak bunlar\u0131 net bir i\u015f stratejisine d\u00f6n\u00fc\u015ft\u00fcrmekte zorlan\u0131rlar.<br \/>\nBu y\u00f6nlendirme, da\u011f\u0131n\u0131k d\u00fc\u015f\u00fcnceleri net bir konumland\u0131rmaya, odaklanm\u0131\u015f bir teklife ve somut sonraki ad\u0131mlara d\u00f6n\u00fc\u015ft\u00fcrmeye yard\u0131mc\u0131 olarak karar vermeyi kolayla\u015ft\u0131r\u0131r.<br \/>\n\u2728 Al\u0131c\u0131ya Sa\u011flanan Faydalar:<br \/>\n\ud83e\udde0 \u0130\u015fletmenin ger\u00e7ekte neyle ilgili oldu\u011funu a\u00e7\u0131kl\u0131\u011fa kavu\u015fturuyor.<br \/>\n\ud83c\udfaf Keskin konumland\u0131rma ve hedef kitle odakl\u0131l\u0131k<br \/>\n\ud83d\udce6 Basitle\u015ftirilmi\u015f teklif yap\u0131s\u0131<br \/>\n\ud83e\ude9c Net ve pratik sonraki ad\u0131mlar<br \/>\n\ud83e\udde9 Kurucular, serbest \u00e7al\u0131\u015fanlar ve erken a\u015fama ekipler i\u00e7in faydal\u0131<br \/>\nCTA:<br \/>\n\ud83d\udc49 Bu ipucunu kullanarak netlik sa\u011flayabilirsiniz.<\/p>","protected":false},"excerpt":{"rendered":"<p>Many founders have good ideas but struggle to turn them into a clear business direction. This prompt helps organize scattered thoughts into clear positioning, a focused offer, and concrete next steps\u2014so decision-making becomes easier. \u2728 Buyer Benefits: \ud83e\udde0 Clarifies what the business is really about \ud83c\udfaf Sharp positioning and audience focus \ud83d\udce6 Simplified offer structure [&hellip;]<\/p>\n","protected":false},"featured_media":26958,"comment_status":"open","ping_status":"closed","template":"","meta":[],"product_brand":[],"product_cat":[4097],"product_tag":[],"class_list":{"0":"post-26959","1":"product","2":"type-product","3":"status-publish","4":"has-post-thumbnail","6":"product_cat-design-creativity","8":"first","9":"instock","10":"downloadable","11":"virtual","12":"product-type-simple"},"bundled_by":[],"bundle_stock_status":"instock","bundle_stock_quantity":null,"bundle_virtual":false,"bundle_layout":"","bundle_add_to_cart_form_location":"","bundle_editable_in_cart":false,"bundle_sold_individually_context":"","bundle_item_grouping":"","bundle_min_size":"","bundle_max_size":"","bundle_price":[],"bundled_items":[],"bundle_sell_ids":[],"_links":{"self":[{"href":"https:\/\/logic-vault.com\/tr\/wp-json\/wp\/v2\/product\/26959","targetHints":{"allow":["GET"]}}],"collection":[{"href":"https:\/\/logic-vault.com\/tr\/wp-json\/wp\/v2\/product"}],"about":[{"href":"https:\/\/logic-vault.com\/tr\/wp-json\/wp\/v2\/types\/product"}],"replies":[{"embeddable":true,"href":"https:\/\/logic-vault.com\/tr\/wp-json\/wp\/v2\/comments?post=26959"}],"wp:featuredmedia":[{"embeddable":true,"href":"https:\/\/logic-vault.com\/tr\/wp-json\/wp\/v2\/media\/26958"}],"wp:attachment":[{"href":"https:\/\/logic-vault.com\/tr\/wp-json\/wp\/v2\/media?parent=26959"}],"wp:term":[{"taxonomy":"product_brand","embeddable":true,"href":"https:\/\/logic-vault.com\/tr\/wp-json\/wp\/v2\/product_brand?post=26959"},{"taxonomy":"product_cat","embeddable":true,"href":"https:\/\/logic-vault.com\/tr\/wp-json\/wp\/v2\/product_cat?post=26959"},{"taxonomy":"product_tag","embeddable":true,"href":"https:\/\/logic-vault.com\/tr\/wp-json\/wp\/v2\/product_tag?post=26959"}],"curies":[{"name":"wp","href":"https:\/\/api.w.org\/{rel}","templated":true}]}}