{"id":26957,"date":"2026-02-17T21:25:50","date_gmt":"2026-02-17T21:25:50","guid":{"rendered":"https:\/\/logic-vault.com\/product\/business-meeting-notes-action-system\/"},"modified":"2026-02-17T21:25:50","modified_gmt":"2026-02-17T21:25:50","slug":"business-meeting-notes-action-system","status":"publish","type":"product","link":"https:\/\/logic-vault.com\/tr\/urun\/business-meeting-notes-action-system\/","title":{"rendered":"\u0130\u015f Toplant\u0131s\u0131 Notlar\u0131 Eylem Sistemi"},"content":{"rendered":"<p>Toplant\u0131lar \u00e7o\u011fu zaman konu\u015fmalarla bitiyor, ancak somut bir eylem ortaya \u00e7\u0131km\u0131yor. \ud83d\uddd2\ufe0f\ud83d\ude35<br \/>\nBu ipucu nas\u0131l yard\u0131mc\u0131 olur:<br \/>\n\ud83e\udde0 Notlar\u0131 net ve h\u0131zl\u0131 bir \u015fekilde yap\u0131land\u0131r\u0131r.<br \/>\n\ud83c\udfaf Sadece tart\u0131\u015fmalar\u0131 de\u011fil, kararlar\u0131 da kaydeder.<br \/>\n\u2705 Sorumlular\u0131 ve teslim tarihlerini atar<br \/>\n\ud83d\udd01 Takip i\u015flemlerinin unutulmas\u0131n\u0131 \u00f6nler<br \/>\n\ud83d\udcc8 Toplant\u0131lar\u0131 daha verimli hale getirir<br \/>\n\ud83d\udc49 Bu y\u00f6nergeyi kullanarak toplant\u0131lar\u0131 somut eylemlere d\u00f6n\u00fc\u015ft\u00fcr\u00fcn.<\/p>","protected":false},"excerpt":{"rendered":"<p>Meetings often end with talk\u2014but no clear action. \ud83d\uddd2\ufe0f\ud83d\ude35 How this prompt helps: \ud83e\udde0 Structures notes clearly and quickly \ud83c\udfaf Captures decisions, not just discussion \u2705 Assigns owners and deadlines \ud83d\udd01 Prevents forgotten follow-ups \ud83d\udcc8 Makes meetings more productive \ud83d\udc49 Use this prompt to turn meetings into clear action.<\/p>","protected":false},"featured_media":26956,"comment_status":"open","ping_status":"closed","template":"","meta":[],"product_brand":[],"product_cat":[4097],"product_tag":[],"class_list":{"0":"post-26957","1":"product","2":"type-product","3":"status-publish","4":"has-post-thumbnail","6":"product_cat-design-creativity","8":"first","9":"instock","10":"downloadable","11":"virtual","12":"product-type-simple"},"bundled_by":[],"bundle_stock_status":"instock","bundle_stock_quantity":null,"bundle_virtual":false,"bundle_layout":"","bundle_add_to_cart_form_location":"","bundle_editable_in_cart":false,"bundle_sold_individually_context":"","bundle_item_grouping":"","bundle_min_size":"","bundle_max_size":"","bundle_price":[],"bundled_items":[],"bundle_sell_ids":[],"_links":{"self":[{"href":"https:\/\/logic-vault.com\/tr\/wp-json\/wp\/v2\/product\/26957","targetHints":{"allow":["GET"]}}],"collection":[{"href":"https:\/\/logic-vault.com\/tr\/wp-json\/wp\/v2\/product"}],"about":[{"href":"https:\/\/logic-vault.com\/tr\/wp-json\/wp\/v2\/types\/product"}],"replies":[{"embeddable":true,"href":"https:\/\/logic-vault.com\/tr\/wp-json\/wp\/v2\/comments?post=26957"}],"wp:featuredmedia":[{"embeddable":true,"href":"https:\/\/logic-vault.com\/tr\/wp-json\/wp\/v2\/media\/26956"}],"wp:attachment":[{"href":"https:\/\/logic-vault.com\/tr\/wp-json\/wp\/v2\/media?parent=26957"}],"wp:term":[{"taxonomy":"product_brand","embeddable":true,"href":"https:\/\/logic-vault.com\/tr\/wp-json\/wp\/v2\/product_brand?post=26957"},{"taxonomy":"product_cat","embeddable":true,"href":"https:\/\/logic-vault.com\/tr\/wp-json\/wp\/v2\/product_cat?post=26957"},{"taxonomy":"product_tag","embeddable":true,"href":"https:\/\/logic-vault.com\/tr\/wp-json\/wp\/v2\/product_tag?post=26957"}],"curies":[{"name":"wp","href":"https:\/\/api.w.org\/{rel}","templated":true}]}}