{"id":26955,"date":"2026-02-17T21:25:49","date_gmt":"2026-02-17T21:25:49","guid":{"rendered":"https:\/\/logic-vault.com\/product\/fresh-innovation-fusion-pro\/"},"modified":"2026-02-17T21:25:50","modified_gmt":"2026-02-17T21:25:50","slug":"fresh-innovation-fusion-pro","status":"publish","type":"product","link":"https:\/\/logic-vault.com\/tr\/urun\/fresh-innovation-fusion-pro\/","title":{"rendered":"Yeni \u0130novasyon F\u00fczyon Pro"},"content":{"rendered":"<p>\u0130\u00e7erik olu\u015fturma, fikir geli\u015ftirme oturumlar\u0131 ve \u00fcr\u00fcn\u00fcn erken a\u015fama ke\u015ffi i\u00e7in harika.<\/p>","protected":false},"excerpt":{"rendered":"<p>\u0130\u00e7erik olu\u015fturma, fikir geli\u015ftirme oturumlar\u0131 ve \u00fcr\u00fcn\u00fcn erken a\u015fama ke\u015ffi i\u00e7in harika.<\/p>","protected":false},"featured_media":26954,"comment_status":"open","ping_status":"closed","template":"","meta":[],"product_brand":[],"product_cat":[4097],"product_tag":[],"class_list":{"0":"post-26955","1":"product","2":"type-product","3":"status-publish","4":"has-post-thumbnail","6":"product_cat-design-creativity","8":"first","9":"instock","10":"downloadable","11":"virtual","12":"product-type-simple"},"bundled_by":[],"bundle_stock_status":"instock","bundle_stock_quantity":null,"bundle_virtual":false,"bundle_layout":"","bundle_add_to_cart_form_location":"","bundle_editable_in_cart":false,"bundle_sold_individually_context":"","bundle_item_grouping":"","bundle_min_size":"","bundle_max_size":"","bundle_price":[],"bundled_items":[],"bundle_sell_ids":[],"_links":{"self":[{"href":"https:\/\/logic-vault.com\/tr\/wp-json\/wp\/v2\/product\/26955","targetHints":{"allow":["GET"]}}],"collection":[{"href":"https:\/\/logic-vault.com\/tr\/wp-json\/wp\/v2\/product"}],"about":[{"href":"https:\/\/logic-vault.com\/tr\/wp-json\/wp\/v2\/types\/product"}],"replies":[{"embeddable":true,"href":"https:\/\/logic-vault.com\/tr\/wp-json\/wp\/v2\/comments?post=26955"}],"wp:featuredmedia":[{"embeddable":true,"href":"https:\/\/logic-vault.com\/tr\/wp-json\/wp\/v2\/media\/26954"}],"wp:attachment":[{"href":"https:\/\/logic-vault.com\/tr\/wp-json\/wp\/v2\/media?parent=26955"}],"wp:term":[{"taxonomy":"product_brand","embeddable":true,"href":"https:\/\/logic-vault.com\/tr\/wp-json\/wp\/v2\/product_brand?post=26955"},{"taxonomy":"product_cat","embeddable":true,"href":"https:\/\/logic-vault.com\/tr\/wp-json\/wp\/v2\/product_cat?post=26955"},{"taxonomy":"product_tag","embeddable":true,"href":"https:\/\/logic-vault.com\/tr\/wp-json\/wp\/v2\/product_tag?post=26955"}],"curies":[{"name":"wp","href":"https:\/\/api.w.org\/{rel}","templated":true}]}}