{"id":26953,"date":"2026-02-17T21:25:49","date_gmt":"2026-02-17T21:25:49","guid":{"rendered":"https:\/\/logic-vault.com\/product\/business-creative-content-generator\/"},"modified":"2026-02-17T21:26:49","modified_gmt":"2026-02-17T21:26:49","slug":"business-creative-content-generator","status":"publish","type":"product","link":"https:\/\/logic-vault.com\/tr\/urun\/business-creative-content-generator\/","title":{"rendered":"\u0130\u015fletmeler \u0130\u00e7in Yarat\u0131c\u0131 \u0130\u00e7erik \u00dcreticisi"},"content":{"rendered":"<p>This prompt helps entrepreneurs, marketers, and innovators create compelling startup pitches in seconds. It generates well-structured, persuasive, and industry-appropriate pitches based on user inputs like product type, target audience, business model, tone, and market size. Perfect for quick MVP validations, investor presentations, or ideation sprints.<\/p>","protected":false},"excerpt":{"rendered":"<p>This prompt helps entrepreneurs, marketers, and innovators create compelling startup pitches in seconds. It generates well-structured, persuasive, and industry-appropriate pitches based on user inputs like product type, target audience, business model, tone, and market size. Perfect for quick MVP validations, investor presentations, or ideation sprints.<\/p>","protected":false},"featured_media":26952,"comment_status":"open","ping_status":"closed","template":"","meta":[],"product_brand":[],"product_cat":[4097],"product_tag":[],"class_list":{"0":"post-26953","1":"product","2":"type-product","3":"status-publish","4":"has-post-thumbnail","6":"product_cat-design-creativity","8":"first","9":"instock","10":"downloadable","11":"virtual","12":"product-type-simple"},"bundled_by":[],"bundle_stock_status":"instock","bundle_stock_quantity":null,"bundle_virtual":false,"bundle_layout":"","bundle_add_to_cart_form_location":"","bundle_editable_in_cart":false,"bundle_sold_individually_context":"","bundle_item_grouping":"","bundle_min_size":"","bundle_max_size":"","bundle_price":[],"bundled_items":[],"bundle_sell_ids":[],"_links":{"self":[{"href":"https:\/\/logic-vault.com\/tr\/wp-json\/wp\/v2\/product\/26953","targetHints":{"allow":["GET"]}}],"collection":[{"href":"https:\/\/logic-vault.com\/tr\/wp-json\/wp\/v2\/product"}],"about":[{"href":"https:\/\/logic-vault.com\/tr\/wp-json\/wp\/v2\/types\/product"}],"replies":[{"embeddable":true,"href":"https:\/\/logic-vault.com\/tr\/wp-json\/wp\/v2\/comments?post=26953"}],"wp:featuredmedia":[{"embeddable":true,"href":"https:\/\/logic-vault.com\/tr\/wp-json\/wp\/v2\/media\/26952"}],"wp:attachment":[{"href":"https:\/\/logic-vault.com\/tr\/wp-json\/wp\/v2\/media?parent=26953"}],"wp:term":[{"taxonomy":"product_brand","embeddable":true,"href":"https:\/\/logic-vault.com\/tr\/wp-json\/wp\/v2\/product_brand?post=26953"},{"taxonomy":"product_cat","embeddable":true,"href":"https:\/\/logic-vault.com\/tr\/wp-json\/wp\/v2\/product_cat?post=26953"},{"taxonomy":"product_tag","embeddable":true,"href":"https:\/\/logic-vault.com\/tr\/wp-json\/wp\/v2\/product_tag?post=26953"}],"curies":[{"name":"wp","href":"https:\/\/api.w.org\/{rel}","templated":true}]}}