{"id":26951,"date":"2026-02-17T21:25:49","date_gmt":"2026-02-17T21:25:49","guid":{"rendered":"https:\/\/logic-vault.com\/product\/text-to-mind-map-generator\/"},"modified":"2026-02-17T21:25:49","modified_gmt":"2026-02-17T21:25:49","slug":"text-to-mind-map-generator","status":"publish","type":"product","link":"https:\/\/logic-vault.com\/tr\/urun\/text-to-mind-map-generator\/","title":{"rendered":"Metni Zihin Haritas\u0131na D\u00f6n\u00fc\u015ft\u00fcr\u00fcc\u00fc"},"content":{"rendered":"<p>\ud83e\udde0 MET\u0130NDEN Z\u0130H\u0130N HAR\u0130TASI OLU\u015eTURUCU, bilgileri d\u00fczenleme \u015feklinizde devrim yaratabilecek, \u00e7\u0131\u011f\u0131r a\u00e7an bir ara\u00e7t\u0131r.<\/p>\n<p>\ud83d\udcdd Tek bir metinle ana fikirleri \u00e7\u0131kar\u0131r ve bunlar\u0131 her t\u00fcrl\u00fc kitleye uygun, net ve kolay okunabilir zihin haritalar\u0131na d\u00f6n\u00fc\u015ft\u00fcr\u00fcr.<\/p>\n<p>\ud83d\udcaaSon derece kullan\u0131c\u0131 dostu ve verimli<\/p>\n<p>\ud83d\udc68\u200d\ud83d\udcbbFikirlerinizi yap\u0131land\u0131rmak i\u00e7in saatlerce zaman harcamay\u0131n, bunu sadece birka\u00e7 dakika i\u00e7inde yapabilirsiniz\u231b<\/p>\n<p>\ud83d\udd34\u015e\u0130MD\u0130 DENEY\u0130N + DE\u011eERL\u0130 ZAMANINIZDAN VE ENERJ\u0130N\u0130ZDEN TASARRUF ED\u0130N\ud83d\udd34<br \/>\n\ud83d\udcc8\u0130\u00e7erik olu\u015fturma becerilerinizi bir \u00fcst seviyeye ta\u015f\u0131y\u0131n!!\ud83d\udcc8<\/p>","protected":false},"excerpt":{"rendered":"<p>\ud83e\udde0 TEXT TO MIND MAP GENERATOR is a game-changing tool that can revolutionize the way you organize information \ud83d\udcdd With just one text, it extracts the main ideas &#038; categorizes them into clear and easy-to-read mind maps, suitable for any audience \ud83d\udcaaIncredibly user-friendly &#038; efficient \ud83d\udc68\u200d\ud83d\udcbbDON&#8217;T WASTE hours trying to structure your ideas WHEN you [&hellip;]<\/p>\n","protected":false},"featured_media":26950,"comment_status":"open","ping_status":"closed","template":"","meta":[],"product_brand":[],"product_cat":[4097],"product_tag":[],"class_list":{"0":"post-26951","1":"product","2":"type-product","3":"status-publish","4":"has-post-thumbnail","6":"product_cat-design-creativity","8":"first","9":"instock","10":"downloadable","11":"virtual","12":"product-type-simple"},"bundled_by":[],"bundle_stock_status":"instock","bundle_stock_quantity":null,"bundle_virtual":false,"bundle_layout":"","bundle_add_to_cart_form_location":"","bundle_editable_in_cart":false,"bundle_sold_individually_context":"","bundle_item_grouping":"","bundle_min_size":"","bundle_max_size":"","bundle_price":[],"bundled_items":[],"bundle_sell_ids":[],"_links":{"self":[{"href":"https:\/\/logic-vault.com\/tr\/wp-json\/wp\/v2\/product\/26951","targetHints":{"allow":["GET"]}}],"collection":[{"href":"https:\/\/logic-vault.com\/tr\/wp-json\/wp\/v2\/product"}],"about":[{"href":"https:\/\/logic-vault.com\/tr\/wp-json\/wp\/v2\/types\/product"}],"replies":[{"embeddable":true,"href":"https:\/\/logic-vault.com\/tr\/wp-json\/wp\/v2\/comments?post=26951"}],"wp:featuredmedia":[{"embeddable":true,"href":"https:\/\/logic-vault.com\/tr\/wp-json\/wp\/v2\/media\/26950"}],"wp:attachment":[{"href":"https:\/\/logic-vault.com\/tr\/wp-json\/wp\/v2\/media?parent=26951"}],"wp:term":[{"taxonomy":"product_brand","embeddable":true,"href":"https:\/\/logic-vault.com\/tr\/wp-json\/wp\/v2\/product_brand?post=26951"},{"taxonomy":"product_cat","embeddable":true,"href":"https:\/\/logic-vault.com\/tr\/wp-json\/wp\/v2\/product_cat?post=26951"},{"taxonomy":"product_tag","embeddable":true,"href":"https:\/\/logic-vault.com\/tr\/wp-json\/wp\/v2\/product_tag?post=26951"}],"curies":[{"name":"wp","href":"https:\/\/api.w.org\/{rel}","templated":true}]}}