{"id":26949,"date":"2026-02-17T21:25:48","date_gmt":"2026-02-17T21:25:48","guid":{"rendered":"https:\/\/logic-vault.com\/product\/bussiness-plan-generator\/"},"modified":"2026-02-17T21:25:48","modified_gmt":"2026-02-17T21:25:48","slug":"bussiness-plan-generator","status":"publish","type":"product","link":"https:\/\/logic-vault.com\/tr\/urun\/bussiness-plan-generator\/","title":{"rendered":"\u0130\u015f Plan\u0131 Olu\u015fturucu"},"content":{"rendered":"<p>Bu komut size i\u015f fikrinizin \u00f6zetini sunacakt\u0131r.<br \/>\nPazar analizi, fiyatland\u0131rma ve da\u011f\u0131t\u0131m kanallar\u0131, Pazarlama ve sat\u0131\u015f stratejileri, Operasyonel plan ve Finansal projeksiyon.<\/p>\n<p>Bu, maliyetlerin ve kar marjlar\u0131n\u0131n kaba tahminlerini ve daha bir\u00e7ok \u015feyi i\u00e7erir.<\/p>","protected":false},"excerpt":{"rendered":"<p>This prompt will give you, an Executive summary of the business idea Market analysis, pricing, and distribution channels, Marketing and sales strategies, Operational plan, and Financial projection. It includes rough estimate of costs and profit margins and much more.<\/p>","protected":false},"featured_media":26948,"comment_status":"open","ping_status":"closed","template":"","meta":[],"product_brand":[],"product_cat":[4097],"product_tag":[],"class_list":{"0":"post-26949","1":"product","2":"type-product","3":"status-publish","4":"has-post-thumbnail","6":"product_cat-design-creativity","8":"first","9":"instock","10":"downloadable","11":"virtual","12":"product-type-simple"},"bundled_by":[],"bundle_stock_status":"instock","bundle_stock_quantity":null,"bundle_virtual":false,"bundle_layout":"","bundle_add_to_cart_form_location":"","bundle_editable_in_cart":false,"bundle_sold_individually_context":"","bundle_item_grouping":"","bundle_min_size":"","bundle_max_size":"","bundle_price":[],"bundled_items":[],"bundle_sell_ids":[],"_links":{"self":[{"href":"https:\/\/logic-vault.com\/tr\/wp-json\/wp\/v2\/product\/26949","targetHints":{"allow":["GET"]}}],"collection":[{"href":"https:\/\/logic-vault.com\/tr\/wp-json\/wp\/v2\/product"}],"about":[{"href":"https:\/\/logic-vault.com\/tr\/wp-json\/wp\/v2\/types\/product"}],"replies":[{"embeddable":true,"href":"https:\/\/logic-vault.com\/tr\/wp-json\/wp\/v2\/comments?post=26949"}],"wp:featuredmedia":[{"embeddable":true,"href":"https:\/\/logic-vault.com\/tr\/wp-json\/wp\/v2\/media\/26948"}],"wp:attachment":[{"href":"https:\/\/logic-vault.com\/tr\/wp-json\/wp\/v2\/media?parent=26949"}],"wp:term":[{"taxonomy":"product_brand","embeddable":true,"href":"https:\/\/logic-vault.com\/tr\/wp-json\/wp\/v2\/product_brand?post=26949"},{"taxonomy":"product_cat","embeddable":true,"href":"https:\/\/logic-vault.com\/tr\/wp-json\/wp\/v2\/product_cat?post=26949"},{"taxonomy":"product_tag","embeddable":true,"href":"https:\/\/logic-vault.com\/tr\/wp-json\/wp\/v2\/product_tag?post=26949"}],"curies":[{"name":"wp","href":"https:\/\/api.w.org\/{rel}","templated":true}]}}