{"id":26945,"date":"2026-02-17T21:25:47","date_gmt":"2026-02-17T21:25:47","guid":{"rendered":"https:\/\/logic-vault.com\/product\/self-consistency-prompt-optimizer\/"},"modified":"2026-02-17T21:25:47","modified_gmt":"2026-02-17T21:25:47","slug":"self-consistency-prompt-optimizer","status":"publish","type":"product","link":"https:\/\/logic-vault.com\/tr\/urun\/self-consistency-prompt-optimizer\/","title":{"rendered":"\u00d6z Tutarl\u0131l\u0131k \u0130stemi Optimize Edici"},"content":{"rendered":"<p>Yapay zek\u00e2ya daha net ve ak\u0131ll\u0131 yan\u0131tlar vermek i\u00e7in komutlar\u0131n\u0131z\u0131 tutarl\u0131l\u0131kla optimize edin. Her seferinde g\u00fcvenilir ve y\u00fcksek kaliteli sonu\u00e7lar isteyen i\u00e7erik olu\u015fturucular ve geli\u015ftiriciler i\u00e7in m\u00fckemmeldir; art\u0131k tahmine dayal\u0131 \u00e7\u00f6z\u00fcmler yok, sadece hassasiyet.<\/p>","protected":false},"excerpt":{"rendered":"<p>Yapay zek\u00e2ya daha net ve ak\u0131ll\u0131 yan\u0131tlar vermek i\u00e7in komutlar\u0131n\u0131z\u0131 tutarl\u0131l\u0131kla optimize edin. Her seferinde g\u00fcvenilir ve y\u00fcksek kaliteli sonu\u00e7lar isteyen i\u00e7erik olu\u015fturucular ve geli\u015ftiriciler i\u00e7in m\u00fckemmeldir; art\u0131k tahmine dayal\u0131 \u00e7\u00f6z\u00fcmler yok, sadece hassasiyet.<\/p>","protected":false},"featured_media":26944,"comment_status":"open","ping_status":"closed","template":"","meta":[],"product_brand":[],"product_cat":[4091],"product_tag":[],"class_list":{"0":"post-26945","1":"product","2":"type-product","3":"status-publish","4":"has-post-thumbnail","6":"product_cat-coding-development","8":"first","9":"instock","10":"downloadable","11":"virtual","12":"product-type-simple"},"bundled_by":[],"bundle_stock_status":"instock","bundle_stock_quantity":null,"bundle_virtual":false,"bundle_layout":"","bundle_add_to_cart_form_location":"","bundle_editable_in_cart":false,"bundle_sold_individually_context":"","bundle_item_grouping":"","bundle_min_size":"","bundle_max_size":"","bundle_price":[],"bundled_items":[],"bundle_sell_ids":[],"_links":{"self":[{"href":"https:\/\/logic-vault.com\/tr\/wp-json\/wp\/v2\/product\/26945","targetHints":{"allow":["GET"]}}],"collection":[{"href":"https:\/\/logic-vault.com\/tr\/wp-json\/wp\/v2\/product"}],"about":[{"href":"https:\/\/logic-vault.com\/tr\/wp-json\/wp\/v2\/types\/product"}],"replies":[{"embeddable":true,"href":"https:\/\/logic-vault.com\/tr\/wp-json\/wp\/v2\/comments?post=26945"}],"wp:featuredmedia":[{"embeddable":true,"href":"https:\/\/logic-vault.com\/tr\/wp-json\/wp\/v2\/media\/26944"}],"wp:attachment":[{"href":"https:\/\/logic-vault.com\/tr\/wp-json\/wp\/v2\/media?parent=26945"}],"wp:term":[{"taxonomy":"product_brand","embeddable":true,"href":"https:\/\/logic-vault.com\/tr\/wp-json\/wp\/v2\/product_brand?post=26945"},{"taxonomy":"product_cat","embeddable":true,"href":"https:\/\/logic-vault.com\/tr\/wp-json\/wp\/v2\/product_cat?post=26945"},{"taxonomy":"product_tag","embeddable":true,"href":"https:\/\/logic-vault.com\/tr\/wp-json\/wp\/v2\/product_tag?post=26945"}],"curies":[{"name":"wp","href":"https:\/\/api.w.org\/{rel}","templated":true}]}}