{"id":26941,"date":"2026-02-17T21:25:46","date_gmt":"2026-02-17T21:25:46","guid":{"rendered":"https:\/\/logic-vault.com\/product\/open-ai-gpt-generator-pro\/"},"modified":"2026-02-17T21:25:46","modified_gmt":"2026-02-17T21:25:46","slug":"open-ai-gpt-generator-pro","status":"publish","type":"product","link":"https:\/\/logic-vault.com\/tr\/urun\/open-ai-gpt-generator-pro\/","title":{"rendered":"A\u00e7\u0131k Yapay Zeka GPT Olu\u015fturucu Pro"},"content":{"rendered":"<p>\ud83d\udcab IT&#8217;S YOUR LAST PROMPT PURCHASE EVER! <\/p>\n<p>\ud83c\udf89 Bid Farewell to Endless Prompt Buying! and start Building your own GPT&#8217;s That can generate outstanding outputs! AND earn from the Open AI Market<\/p>\n<p>\ud83c\udfc6Full GPTs Creator includes<br \/>\n\u2705 Name and Description Generator<br \/>\n\u2705 Detailed Instruction<br \/>\n\u2705 Conversation starters<br \/>\n\u2705 DALL\u00b7E -GPT Profile Picture Prompt<br \/>\n\u2705 Recommended APIs<br \/>\n\u2705 Knowledge&#8221; File Details<br \/>\n\u2705 Privacy Policy<\/p>\n<p>\ud83c\udfc6 Get a Premium bonus prompt, when you leave a review!!<\/p>","protected":false},"excerpt":{"rendered":"<p>\ud83d\udcab IT&#8217;S YOUR LAST PROMPT PURCHASE EVER! \ud83c\udf89 Bid Farewell to Endless Prompt Buying! and start Building your own GPT&#8217;s That can generate outstanding outputs! AND earn from the Open AI Market \ud83c\udfc6Full GPTs Creator includes \u2705 Name and Description Generator \u2705 Detailed Instruction \u2705 Conversation starters \u2705 DALL\u00b7E -GPT Profile Picture Prompt \u2705 Recommended [&hellip;]<\/p>\n","protected":false},"featured_media":26940,"comment_status":"open","ping_status":"closed","template":"","meta":[],"product_brand":[],"product_cat":[4091],"product_tag":[],"class_list":{"0":"post-26941","1":"product","2":"type-product","3":"status-publish","4":"has-post-thumbnail","6":"product_cat-coding-development","8":"first","9":"instock","10":"downloadable","11":"virtual","12":"product-type-simple"},"bundled_by":[],"bundle_stock_status":"instock","bundle_stock_quantity":null,"bundle_virtual":false,"bundle_layout":"","bundle_add_to_cart_form_location":"","bundle_editable_in_cart":false,"bundle_sold_individually_context":"","bundle_item_grouping":"","bundle_min_size":"","bundle_max_size":"","bundle_price":[],"bundled_items":[],"bundle_sell_ids":[],"_links":{"self":[{"href":"https:\/\/logic-vault.com\/tr\/wp-json\/wp\/v2\/product\/26941","targetHints":{"allow":["GET"]}}],"collection":[{"href":"https:\/\/logic-vault.com\/tr\/wp-json\/wp\/v2\/product"}],"about":[{"href":"https:\/\/logic-vault.com\/tr\/wp-json\/wp\/v2\/types\/product"}],"replies":[{"embeddable":true,"href":"https:\/\/logic-vault.com\/tr\/wp-json\/wp\/v2\/comments?post=26941"}],"wp:featuredmedia":[{"embeddable":true,"href":"https:\/\/logic-vault.com\/tr\/wp-json\/wp\/v2\/media\/26940"}],"wp:attachment":[{"href":"https:\/\/logic-vault.com\/tr\/wp-json\/wp\/v2\/media?parent=26941"}],"wp:term":[{"taxonomy":"product_brand","embeddable":true,"href":"https:\/\/logic-vault.com\/tr\/wp-json\/wp\/v2\/product_brand?post=26941"},{"taxonomy":"product_cat","embeddable":true,"href":"https:\/\/logic-vault.com\/tr\/wp-json\/wp\/v2\/product_cat?post=26941"},{"taxonomy":"product_tag","embeddable":true,"href":"https:\/\/logic-vault.com\/tr\/wp-json\/wp\/v2\/product_tag?post=26941"}],"curies":[{"name":"wp","href":"https:\/\/api.w.org\/{rel}","templated":true}]}}