{"id":26939,"date":"2026-02-17T21:25:46","date_gmt":"2026-02-17T21:25:46","guid":{"rendered":"https:\/\/logic-vault.com\/product\/adobe-firefly-prompt-generator\/"},"modified":"2026-02-17T21:25:46","modified_gmt":"2026-02-17T21:25:46","slug":"adobe-firefly-prompt-generator","status":"publish","type":"product","link":"https:\/\/logic-vault.com\/tr\/urun\/adobe-firefly-prompt-generator\/","title":{"rendered":"Adobe Firefly \u0130stem Olu\u015fturucu"},"content":{"rendered":"<p>\ud83d\ude29Adobe Firefly i\u00e7in yarat\u0131c\u0131 i\u00e7erik \u00f6nerileri bulmakta zorlanmaktan b\u0131kt\u0131n\u0131z m\u0131? <\/p>\n<p>\ud83d\udcbbKullan\u0131m\u0131 kolay arac\u0131m\u0131z, istedi\u011finiz herhangi bir kavram i\u00e7in alt\u0131 benzersiz ipucu olu\u015fturacak ve ihtiya\u00e7lar\u0131n\u0131za g\u00f6re uyarlanm\u0131\u015f, ilgi \u00e7ekici a\u00e7\u0131klamalar sunacakt\u0131r.<br \/>\n\u2705Sadece istedi\u011finiz ANAHTAR KEL\u0130MEY\u0130 girin, arac\u0131m\u0131z gerisini halleder.<br \/>\n\u2705Fotoger\u00e7ek\u00e7i harikalardan sanatsal ba\u015fyap\u0131tlara<br \/>\n\u2705Hassas detaylar ve \u00e7e\u015fitli stillerle<\/p>\n<p>\ud83c\udf1fAdobe Firefly Komut \u0130stemi Olu\u015fturucumuzun b\u00fcy\u00fcs\u00fcn\u00fc ke\u015ffedin\ud83c\udf1f<\/p>\n<p>\ud83d\udca5ARACIMIZA HEMEN DENEY\u0130N ve zahmetsiz yarat\u0131c\u0131l\u0131\u011f\u0131n keyfini ya\u015fay\u0131n\ud83d\udca5<\/p>","protected":false},"excerpt":{"rendered":"<p>\ud83d\ude29Tired of struggling to come up with creative prompts for Adobe Firefly? \ud83d\udcbbOur easy-to-use tool will generate six unique prompts for any concept you desire, delivering captivating descriptions tailored to your needs \u2705JUST insert your desired KEYWORD &#038; our tool do the rest \u2705FROM photorealistic marvels TO artistic wonders \u2705With precise details and a variety [&hellip;]<\/p>\n","protected":false},"featured_media":26938,"comment_status":"open","ping_status":"closed","template":"","meta":[],"product_brand":[],"product_cat":[4091],"product_tag":[],"class_list":{"0":"post-26939","1":"product","2":"type-product","3":"status-publish","4":"has-post-thumbnail","6":"product_cat-coding-development","8":"first","9":"instock","10":"downloadable","11":"virtual","12":"product-type-simple"},"bundled_by":[],"bundle_stock_status":"instock","bundle_stock_quantity":null,"bundle_virtual":false,"bundle_layout":"","bundle_add_to_cart_form_location":"","bundle_editable_in_cart":false,"bundle_sold_individually_context":"","bundle_item_grouping":"","bundle_min_size":"","bundle_max_size":"","bundle_price":[],"bundled_items":[],"bundle_sell_ids":[],"_links":{"self":[{"href":"https:\/\/logic-vault.com\/tr\/wp-json\/wp\/v2\/product\/26939","targetHints":{"allow":["GET"]}}],"collection":[{"href":"https:\/\/logic-vault.com\/tr\/wp-json\/wp\/v2\/product"}],"about":[{"href":"https:\/\/logic-vault.com\/tr\/wp-json\/wp\/v2\/types\/product"}],"replies":[{"embeddable":true,"href":"https:\/\/logic-vault.com\/tr\/wp-json\/wp\/v2\/comments?post=26939"}],"wp:featuredmedia":[{"embeddable":true,"href":"https:\/\/logic-vault.com\/tr\/wp-json\/wp\/v2\/media\/26938"}],"wp:attachment":[{"href":"https:\/\/logic-vault.com\/tr\/wp-json\/wp\/v2\/media?parent=26939"}],"wp:term":[{"taxonomy":"product_brand","embeddable":true,"href":"https:\/\/logic-vault.com\/tr\/wp-json\/wp\/v2\/product_brand?post=26939"},{"taxonomy":"product_cat","embeddable":true,"href":"https:\/\/logic-vault.com\/tr\/wp-json\/wp\/v2\/product_cat?post=26939"},{"taxonomy":"product_tag","embeddable":true,"href":"https:\/\/logic-vault.com\/tr\/wp-json\/wp\/v2\/product_tag?post=26939"}],"curies":[{"name":"wp","href":"https:\/\/api.w.org\/{rel}","templated":true}]}}