{"id":26921,"date":"2026-02-17T21:25:40","date_gmt":"2026-02-17T21:25:40","guid":{"rendered":"https:\/\/logic-vault.com\/product\/enterprise-vs-code-stack-blueprint\/"},"modified":"2026-02-17T21:25:41","modified_gmt":"2026-02-17T21:25:41","slug":"enterprise-vs-code-stack-blueprint","status":"publish","type":"product","link":"https:\/\/logic-vault.com\/tr\/urun\/enterprise-vs-code-stack-blueprint\/","title":{"rendered":"Enterprise Vs Code Stack \u015eablonu"},"content":{"rendered":"<p>Visual Studio Code yapay zeka eklentilerini tasarlamak ve y\u00f6netmek i\u00e7in \u00fcretime haz\u0131r bir \u00e7er\u00e7eve. G\u00fcvenli\u011fi \u00f6n planda tutan bir puanlama modeliyle birden fazla arac\u0131 de\u011ferlendirir, temel ve geli\u015fmi\u015f y\u0131\u011f\u0131nlar\u0131 tan\u0131mlar, veri ak\u0131\u015flar\u0131n\u0131 haritaland\u0131r\u0131r ve ger\u00e7ek ekipler ve kurulu\u015flar i\u00e7in g\u00fc\u00e7lendirilmi\u015f ayarlar, geri alma ad\u0131mlar\u0131 ve \u00f6l\u00e7\u00fclebilir \u00fcretkenlik KPI&#039;lar\u0131 sa\u011flar.<\/p>","protected":false},"excerpt":{"rendered":"<p>Visual Studio Code yapay zeka eklentilerini tasarlamak ve y\u00f6netmek i\u00e7in \u00fcretime haz\u0131r bir \u00e7er\u00e7eve. G\u00fcvenli\u011fi \u00f6n planda tutan bir puanlama modeliyle birden fazla arac\u0131 de\u011ferlendirir, temel ve geli\u015fmi\u015f y\u0131\u011f\u0131nlar\u0131 tan\u0131mlar, veri ak\u0131\u015flar\u0131n\u0131 haritaland\u0131r\u0131r ve ger\u00e7ek ekipler ve kurulu\u015flar i\u00e7in g\u00fc\u00e7lendirilmi\u015f ayarlar, geri alma ad\u0131mlar\u0131 ve \u00f6l\u00e7\u00fclebilir \u00fcretkenlik KPI&#039;lar\u0131 sa\u011flar.<\/p>","protected":false},"featured_media":26920,"comment_status":"open","ping_status":"closed","template":"","meta":[],"product_brand":[],"product_cat":[4091],"product_tag":[],"class_list":{"0":"post-26921","1":"product","2":"type-product","3":"status-publish","4":"has-post-thumbnail","6":"product_cat-coding-development","8":"first","9":"instock","10":"downloadable","11":"virtual","12":"product-type-simple"},"bundled_by":[],"bundle_stock_status":"instock","bundle_stock_quantity":null,"bundle_virtual":false,"bundle_layout":"","bundle_add_to_cart_form_location":"","bundle_editable_in_cart":false,"bundle_sold_individually_context":"","bundle_item_grouping":"","bundle_min_size":"","bundle_max_size":"","bundle_price":[],"bundled_items":[],"bundle_sell_ids":[],"_links":{"self":[{"href":"https:\/\/logic-vault.com\/tr\/wp-json\/wp\/v2\/product\/26921","targetHints":{"allow":["GET"]}}],"collection":[{"href":"https:\/\/logic-vault.com\/tr\/wp-json\/wp\/v2\/product"}],"about":[{"href":"https:\/\/logic-vault.com\/tr\/wp-json\/wp\/v2\/types\/product"}],"replies":[{"embeddable":true,"href":"https:\/\/logic-vault.com\/tr\/wp-json\/wp\/v2\/comments?post=26921"}],"wp:featuredmedia":[{"embeddable":true,"href":"https:\/\/logic-vault.com\/tr\/wp-json\/wp\/v2\/media\/26920"}],"wp:attachment":[{"href":"https:\/\/logic-vault.com\/tr\/wp-json\/wp\/v2\/media?parent=26921"}],"wp:term":[{"taxonomy":"product_brand","embeddable":true,"href":"https:\/\/logic-vault.com\/tr\/wp-json\/wp\/v2\/product_brand?post=26921"},{"taxonomy":"product_cat","embeddable":true,"href":"https:\/\/logic-vault.com\/tr\/wp-json\/wp\/v2\/product_cat?post=26921"},{"taxonomy":"product_tag","embeddable":true,"href":"https:\/\/logic-vault.com\/tr\/wp-json\/wp\/v2\/product_tag?post=26921"}],"curies":[{"name":"wp","href":"https:\/\/api.w.org\/{rel}","templated":true}]}}