{"id":26915,"date":"2026-02-17T21:25:39","date_gmt":"2026-02-17T21:25:39","guid":{"rendered":"https:\/\/logic-vault.com\/product\/cypress-chaos-resilience-architect\/"},"modified":"2026-02-17T21:25:39","modified_gmt":"2026-02-17T21:25:39","slug":"cypress-chaos-resilience-architect","status":"publish","type":"product","link":"https:\/\/logic-vault.com\/tr\/urun\/cypress-chaos-resilience-architect\/","title":{"rendered":"Cypress Chaos Dayan\u0131kl\u0131l\u0131k Mimar\u0131"},"content":{"rendered":"<p>&quot;\u0130stikrars\u0131z&quot; testler yazmay\u0131 b\u0131rak\u0131n. Bu komut istemi, Cypress komut dosyalar\u0131n\u0131z\u0131 analiz etmek i\u00e7in K\u0131demli Kalite G\u00fcvence ve Kaos M\u00fchendisi gibi davran\u0131r. Gizli yar\u0131\u015f ko\u015fullar\u0131n\u0131, a\u011f hatalar\u0131n\u0131 ve kullan\u0131c\u0131 aray\u00fcz\u00fc senkronizasyon sorunlar\u0131n\u0131 belirler ve ard\u0131ndan geli\u015fmi\u015f API m\u00fcdahalesi ve dinamik veri stratejileri kullanarak kodunuzun yeniden yaz\u0131lm\u0131\u015f, hatas\u0131z bir s\u00fcr\u00fcm\u00fcn\u00fc sunar.<\/p>","protected":false},"excerpt":{"rendered":"<p>&quot;\u0130stikrars\u0131z&quot; testler yazmay\u0131 b\u0131rak\u0131n. Bu komut istemi, Cypress komut dosyalar\u0131n\u0131z\u0131 analiz etmek i\u00e7in K\u0131demli Kalite G\u00fcvence ve Kaos M\u00fchendisi gibi davran\u0131r. Gizli yar\u0131\u015f ko\u015fullar\u0131n\u0131, a\u011f hatalar\u0131n\u0131 ve kullan\u0131c\u0131 aray\u00fcz\u00fc senkronizasyon sorunlar\u0131n\u0131 belirler ve ard\u0131ndan geli\u015fmi\u015f API m\u00fcdahalesi ve dinamik veri stratejileri kullanarak kodunuzun yeniden yaz\u0131lm\u0131\u015f, hatas\u0131z bir s\u00fcr\u00fcm\u00fcn\u00fc sunar.<\/p>","protected":false},"featured_media":26914,"comment_status":"open","ping_status":"closed","template":"","meta":[],"product_brand":[],"product_cat":[4091],"product_tag":[],"class_list":{"0":"post-26915","1":"product","2":"type-product","3":"status-publish","4":"has-post-thumbnail","6":"product_cat-coding-development","8":"first","9":"instock","10":"downloadable","11":"virtual","12":"product-type-simple"},"bundled_by":[],"bundle_stock_status":"instock","bundle_stock_quantity":null,"bundle_virtual":false,"bundle_layout":"","bundle_add_to_cart_form_location":"","bundle_editable_in_cart":false,"bundle_sold_individually_context":"","bundle_item_grouping":"","bundle_min_size":"","bundle_max_size":"","bundle_price":[],"bundled_items":[],"bundle_sell_ids":[],"_links":{"self":[{"href":"https:\/\/logic-vault.com\/tr\/wp-json\/wp\/v2\/product\/26915","targetHints":{"allow":["GET"]}}],"collection":[{"href":"https:\/\/logic-vault.com\/tr\/wp-json\/wp\/v2\/product"}],"about":[{"href":"https:\/\/logic-vault.com\/tr\/wp-json\/wp\/v2\/types\/product"}],"replies":[{"embeddable":true,"href":"https:\/\/logic-vault.com\/tr\/wp-json\/wp\/v2\/comments?post=26915"}],"wp:featuredmedia":[{"embeddable":true,"href":"https:\/\/logic-vault.com\/tr\/wp-json\/wp\/v2\/media\/26914"}],"wp:attachment":[{"href":"https:\/\/logic-vault.com\/tr\/wp-json\/wp\/v2\/media?parent=26915"}],"wp:term":[{"taxonomy":"product_brand","embeddable":true,"href":"https:\/\/logic-vault.com\/tr\/wp-json\/wp\/v2\/product_brand?post=26915"},{"taxonomy":"product_cat","embeddable":true,"href":"https:\/\/logic-vault.com\/tr\/wp-json\/wp\/v2\/product_cat?post=26915"},{"taxonomy":"product_tag","embeddable":true,"href":"https:\/\/logic-vault.com\/tr\/wp-json\/wp\/v2\/product_tag?post=26915"}],"curies":[{"name":"wp","href":"https:\/\/api.w.org\/{rel}","templated":true}]}}