{"id":26913,"date":"2026-02-17T21:25:39","date_gmt":"2026-02-17T21:25:39","guid":{"rendered":"https:\/\/logic-vault.com\/product\/owasp-top-10-security-auditor\/"},"modified":"2026-02-17T21:25:39","modified_gmt":"2026-02-17T21:25:39","slug":"owasp-top-10-security-auditor","status":"publish","type":"product","link":"https:\/\/logic-vault.com\/tr\/urun\/owasp-top-10-security-auditor\/","title":{"rendered":"OWASP En \u0130yi 10 G\u00fcvenlik Denet\u00e7isi"},"content":{"rendered":"<p>Security-focused code review using the OWASP Top 10 framework. Helps identify common vulnerabilities like SQL injection, XSS, broken access control, cryptographic weaknesses, SSRF, and insecure deserialization. Works with Python, JavaScript, Java, PHP, Ruby, and more. Provides severity ratings, exploitation scenarios, and secure code suggestions. Useful for developers and teams who want to improve their code security awareness.<\/p>","protected":false},"excerpt":{"rendered":"<p>Security-focused code review using the OWASP Top 10 framework. Helps identify common vulnerabilities like SQL injection, XSS, broken access control, cryptographic weaknesses, SSRF, and insecure deserialization. Works with Python, JavaScript, Java, PHP, Ruby, and more. Provides severity ratings, exploitation scenarios, and secure code suggestions. Useful for developers and teams who want to improve their code [&hellip;]<\/p>\n","protected":false},"featured_media":26912,"comment_status":"open","ping_status":"closed","template":"","meta":[],"product_brand":[],"product_cat":[4091],"product_tag":[],"class_list":{"0":"post-26913","1":"product","2":"type-product","3":"status-publish","4":"has-post-thumbnail","6":"product_cat-coding-development","8":"first","9":"instock","10":"downloadable","11":"virtual","12":"product-type-simple"},"bundled_by":[],"bundle_stock_status":"instock","bundle_stock_quantity":null,"bundle_virtual":false,"bundle_layout":"","bundle_add_to_cart_form_location":"","bundle_editable_in_cart":false,"bundle_sold_individually_context":"","bundle_item_grouping":"","bundle_min_size":"","bundle_max_size":"","bundle_price":[],"bundled_items":[],"bundle_sell_ids":[],"_links":{"self":[{"href":"https:\/\/logic-vault.com\/tr\/wp-json\/wp\/v2\/product\/26913","targetHints":{"allow":["GET"]}}],"collection":[{"href":"https:\/\/logic-vault.com\/tr\/wp-json\/wp\/v2\/product"}],"about":[{"href":"https:\/\/logic-vault.com\/tr\/wp-json\/wp\/v2\/types\/product"}],"replies":[{"embeddable":true,"href":"https:\/\/logic-vault.com\/tr\/wp-json\/wp\/v2\/comments?post=26913"}],"wp:featuredmedia":[{"embeddable":true,"href":"https:\/\/logic-vault.com\/tr\/wp-json\/wp\/v2\/media\/26912"}],"wp:attachment":[{"href":"https:\/\/logic-vault.com\/tr\/wp-json\/wp\/v2\/media?parent=26913"}],"wp:term":[{"taxonomy":"product_brand","embeddable":true,"href":"https:\/\/logic-vault.com\/tr\/wp-json\/wp\/v2\/product_brand?post=26913"},{"taxonomy":"product_cat","embeddable":true,"href":"https:\/\/logic-vault.com\/tr\/wp-json\/wp\/v2\/product_cat?post=26913"},{"taxonomy":"product_tag","embeddable":true,"href":"https:\/\/logic-vault.com\/tr\/wp-json\/wp\/v2\/product_tag?post=26913"}],"curies":[{"name":"wp","href":"https:\/\/api.w.org\/{rel}","templated":true}]}}