{"id":26905,"date":"2026-02-17T21:25:38","date_gmt":"2026-02-17T21:25:38","guid":{"rendered":"https:\/\/logic-vault.com\/product\/enhanced-software-tool-description\/"},"modified":"2026-02-17T23:23:57","modified_gmt":"2026-02-17T23:23:57","slug":"enhanced-software-tool-description","status":"publish","type":"product","link":"https:\/\/logic-vault.com\/tr\/urun\/enhanced-software-tool-description\/","title":{"rendered":"Geli\u015fmi\u015f Yaz\u0131l\u0131m Arac\u0131 Tan\u0131m\u0131"},"content":{"rendered":"<p>Bu \u015fablon, verimlilik uygulamalar\u0131ndan \u00f6zel sekt\u00f6r yaz\u0131l\u0131mlar\u0131na kadar \u00e7ok \u00e7e\u015fitli yaz\u0131l\u0131m ara\u00e7lar\u0131na kolayca uyarlanabilir. Arac\u0131n temel \u00f6zelliklerini, faydalar\u0131n\u0131 ve benzersiz sat\u0131\u015f noktalar\u0131n\u0131 kapsayan kapsaml\u0131 bir a\u00e7\u0131klama olu\u015fturulmas\u0131na rehberlik eder.<\/p>","protected":false},"excerpt":{"rendered":"<p>Bu \u015fablon, verimlilik uygulamalar\u0131ndan \u00f6zel sekt\u00f6r yaz\u0131l\u0131mlar\u0131na kadar \u00e7ok \u00e7e\u015fitli yaz\u0131l\u0131m ara\u00e7lar\u0131na kolayca uyarlanabilir. Arac\u0131n temel \u00f6zelliklerini, faydalar\u0131n\u0131 ve benzersiz sat\u0131\u015f noktalar\u0131n\u0131 kapsayan kapsaml\u0131 bir a\u00e7\u0131klama olu\u015fturulmas\u0131na rehberlik eder.<\/p>","protected":false},"featured_media":26904,"comment_status":"open","ping_status":"closed","template":"","meta":[],"product_brand":[],"product_cat":[4091],"product_tag":[],"class_list":{"0":"post-26905","1":"product","2":"type-product","3":"status-publish","4":"has-post-thumbnail","6":"product_cat-coding-development","8":"first","9":"instock","10":"downloadable","11":"virtual","12":"product-type-simple"},"bundled_by":[],"bundle_stock_status":"instock","bundle_stock_quantity":null,"bundle_virtual":false,"bundle_layout":"","bundle_add_to_cart_form_location":"","bundle_editable_in_cart":false,"bundle_sold_individually_context":"","bundle_item_grouping":"","bundle_min_size":"","bundle_max_size":"","bundle_price":[],"bundled_items":[],"bundle_sell_ids":[],"_links":{"self":[{"href":"https:\/\/logic-vault.com\/tr\/wp-json\/wp\/v2\/product\/26905","targetHints":{"allow":["GET"]}}],"collection":[{"href":"https:\/\/logic-vault.com\/tr\/wp-json\/wp\/v2\/product"}],"about":[{"href":"https:\/\/logic-vault.com\/tr\/wp-json\/wp\/v2\/types\/product"}],"replies":[{"embeddable":true,"href":"https:\/\/logic-vault.com\/tr\/wp-json\/wp\/v2\/comments?post=26905"}],"wp:featuredmedia":[{"embeddable":true,"href":"https:\/\/logic-vault.com\/tr\/wp-json\/wp\/v2\/media\/26904"}],"wp:attachment":[{"href":"https:\/\/logic-vault.com\/tr\/wp-json\/wp\/v2\/media?parent=26905"}],"wp:term":[{"taxonomy":"product_brand","embeddable":true,"href":"https:\/\/logic-vault.com\/tr\/wp-json\/wp\/v2\/product_brand?post=26905"},{"taxonomy":"product_cat","embeddable":true,"href":"https:\/\/logic-vault.com\/tr\/wp-json\/wp\/v2\/product_cat?post=26905"},{"taxonomy":"product_tag","embeddable":true,"href":"https:\/\/logic-vault.com\/tr\/wp-json\/wp\/v2\/product_tag?post=26905"}],"curies":[{"name":"wp","href":"https:\/\/api.w.org\/{rel}","templated":true}]}}