{"id":26899,"date":"2026-02-17T21:25:37","date_gmt":"2026-02-17T21:25:37","guid":{"rendered":"https:\/\/logic-vault.com\/product\/find-any-prompt-from-its-output\/"},"modified":"2026-02-17T21:25:37","modified_gmt":"2026-02-17T21:25:37","slug":"find-any-prompt-from-its-output","status":"publish","type":"product","link":"https:\/\/logic-vault.com\/tr\/urun\/find-any-prompt-from-its-output\/","title":{"rendered":"\u00c7\u0131kt\u0131s\u0131ndan herhangi bir komut istemini bulun."},"content":{"rendered":"<p>Bu y\u00f6ntem sayesinde bir daha asla y\u00f6ntem sat\u0131n alman\u0131za gerek kalmayacak.<\/p>\n<p>Komut isteminin \u00e7\u0131kt\u0131s\u0131n\u0131 girmeniz yeterli, o sizin i\u00e7in girdiyi bulacakt\u0131r.<\/p>","protected":false},"excerpt":{"rendered":"<p>With this prompt you will never need to buy a prompt again. Just put the output of the prompt and it will find back the input for you.<\/p>","protected":false},"featured_media":26898,"comment_status":"open","ping_status":"closed","template":"","meta":[],"product_brand":[],"product_cat":[4091],"product_tag":[],"class_list":{"0":"post-26899","1":"product","2":"type-product","3":"status-publish","4":"has-post-thumbnail","6":"product_cat-coding-development","8":"first","9":"instock","10":"downloadable","11":"virtual","12":"product-type-simple"},"bundled_by":[],"bundle_stock_status":"instock","bundle_stock_quantity":null,"bundle_virtual":false,"bundle_layout":"","bundle_add_to_cart_form_location":"","bundle_editable_in_cart":false,"bundle_sold_individually_context":"","bundle_item_grouping":"","bundle_min_size":"","bundle_max_size":"","bundle_price":[],"bundled_items":[],"bundle_sell_ids":[],"_links":{"self":[{"href":"https:\/\/logic-vault.com\/tr\/wp-json\/wp\/v2\/product\/26899","targetHints":{"allow":["GET"]}}],"collection":[{"href":"https:\/\/logic-vault.com\/tr\/wp-json\/wp\/v2\/product"}],"about":[{"href":"https:\/\/logic-vault.com\/tr\/wp-json\/wp\/v2\/types\/product"}],"replies":[{"embeddable":true,"href":"https:\/\/logic-vault.com\/tr\/wp-json\/wp\/v2\/comments?post=26899"}],"wp:featuredmedia":[{"embeddable":true,"href":"https:\/\/logic-vault.com\/tr\/wp-json\/wp\/v2\/media\/26898"}],"wp:attachment":[{"href":"https:\/\/logic-vault.com\/tr\/wp-json\/wp\/v2\/media?parent=26899"}],"wp:term":[{"taxonomy":"product_brand","embeddable":true,"href":"https:\/\/logic-vault.com\/tr\/wp-json\/wp\/v2\/product_brand?post=26899"},{"taxonomy":"product_cat","embeddable":true,"href":"https:\/\/logic-vault.com\/tr\/wp-json\/wp\/v2\/product_cat?post=26899"},{"taxonomy":"product_tag","embeddable":true,"href":"https:\/\/logic-vault.com\/tr\/wp-json\/wp\/v2\/product_tag?post=26899"}],"curies":[{"name":"wp","href":"https:\/\/api.w.org\/{rel}","templated":true}]}}