{"id":26895,"date":"2026-02-17T21:25:36","date_gmt":"2026-02-17T21:25:36","guid":{"rendered":"https:\/\/logic-vault.com\/product\/prompt-optimizer\/"},"modified":"2026-02-17T21:25:36","modified_gmt":"2026-02-17T21:25:36","slug":"prompt-optimizer","status":"publish","type":"product","link":"https:\/\/logic-vault.com\/tr\/urun\/prompt-optimizer\/","title":{"rendered":"\u0130stemi Optimize Et"},"content":{"rendered":"<p>\u0130yi komut istemlerini m\u00fckemmel olanlara d\u00f6n\u00fc\u015ft\u00fcr\u00fcn! PromptPerfect, komut isteminizin yap\u0131s\u0131n\u0131, verimlili\u011fini ve netli\u011fini analiz eder ve daha iyi yapay zeka yan\u0131tlar\u0131 i\u00e7in hedefli iyile\u015ftirmeler \u00f6nerir. Tutarl\u0131 ve verimli performans g\u00f6steren komut istemleri olu\u015fturman\u0131za yard\u0131mc\u0131 olur.<\/p>\n<p>\u00d6zellikler:<br \/>\n\u2728 Derinlemesine Yap\u0131sal Analiz \u2013 Bi\u00e7im, ak\u0131\u015f ve uyumluluk<br \/>\n\ud83d\udcca Performans \u00d6l\u00e7\u00fctleri \u2013 Verimlilik ve a\u00e7\u0131kl\u0131k puanlamas\u0131<br \/>\n\ud83c\udfaf Ak\u0131ll\u0131 Optimizasyon \u2013 Platforma \u00f6zg\u00fc iyile\u015ftirmeler<br \/>\n\ud83d\udcdd Eksiksiz \u00c7\u00f6z\u00fcm \u2013 Geli\u015fmi\u015f isteminizi an\u0131nda al\u0131n<\/p>","protected":false},"excerpt":{"rendered":"<p>Turn good prompts into great ones! PromptPerfect analyzes your prompt&#8217;s structure, efficiency, and clarity &#8211; then suggests targeted improvements for better AI responses. It helps you create prompts that perform consistently and efficiently. Features: \u2728 Deep Structural Analysis &#8211; Format, flow, and compatibility \ud83d\udcca Performance Metrics &#8211; Efficiency and clarity scoring \ud83c\udfaf Smart Optimization &#8211; [&hellip;]<\/p>\n","protected":false},"featured_media":26894,"comment_status":"open","ping_status":"closed","template":"","meta":[],"product_brand":[],"product_cat":[4091],"product_tag":[],"class_list":{"0":"post-26895","1":"product","2":"type-product","3":"status-publish","4":"has-post-thumbnail","6":"product_cat-coding-development","8":"first","9":"instock","10":"downloadable","11":"virtual","12":"product-type-simple"},"bundled_by":[],"bundle_stock_status":"instock","bundle_stock_quantity":null,"bundle_virtual":false,"bundle_layout":"","bundle_add_to_cart_form_location":"","bundle_editable_in_cart":false,"bundle_sold_individually_context":"","bundle_item_grouping":"","bundle_min_size":"","bundle_max_size":"","bundle_price":[],"bundled_items":[],"bundle_sell_ids":[],"_links":{"self":[{"href":"https:\/\/logic-vault.com\/tr\/wp-json\/wp\/v2\/product\/26895","targetHints":{"allow":["GET"]}}],"collection":[{"href":"https:\/\/logic-vault.com\/tr\/wp-json\/wp\/v2\/product"}],"about":[{"href":"https:\/\/logic-vault.com\/tr\/wp-json\/wp\/v2\/types\/product"}],"replies":[{"embeddable":true,"href":"https:\/\/logic-vault.com\/tr\/wp-json\/wp\/v2\/comments?post=26895"}],"wp:featuredmedia":[{"embeddable":true,"href":"https:\/\/logic-vault.com\/tr\/wp-json\/wp\/v2\/media\/26894"}],"wp:attachment":[{"href":"https:\/\/logic-vault.com\/tr\/wp-json\/wp\/v2\/media?parent=26895"}],"wp:term":[{"taxonomy":"product_brand","embeddable":true,"href":"https:\/\/logic-vault.com\/tr\/wp-json\/wp\/v2\/product_brand?post=26895"},{"taxonomy":"product_cat","embeddable":true,"href":"https:\/\/logic-vault.com\/tr\/wp-json\/wp\/v2\/product_cat?post=26895"},{"taxonomy":"product_tag","embeddable":true,"href":"https:\/\/logic-vault.com\/tr\/wp-json\/wp\/v2\/product_tag?post=26895"}],"curies":[{"name":"wp","href":"https:\/\/api.w.org\/{rel}","templated":true}]}}