{"id":26887,"date":"2026-02-17T21:25:35","date_gmt":"2026-02-17T21:25:35","guid":{"rendered":"https:\/\/logic-vault.com\/product\/creative-writing-generator\/"},"modified":"2026-02-17T23:24:16","modified_gmt":"2026-02-17T23:24:16","slug":"creative-writing-generator","status":"publish","type":"product","link":"https:\/\/logic-vault.com\/tr\/urun\/creative-writing-generator\/","title":{"rendered":"Yarat\u0131c\u0131 Yazma Jenerat\u00f6r\u00fc"},"content":{"rendered":"<p>Bu metin \u015fablonu, ChatGPT yard\u0131m\u0131yla ilgi \u00e7ekici bir anlat\u0131 olu\u015fturman\u0131za yard\u0131mc\u0131 olmak i\u00e7in tasarlanm\u0131\u015ft\u0131r.<br \/>\n\u0130ster yazar aday\u0131 olun ister sadece yeni bir hikaye fikri ar\u0131yor olun, bu k\u0131lavuz sizi ilgi \u00e7ekici bir \u00f6yk\u00fc olu\u015fturma s\u00fcrecinde y\u00f6nlendirecektir.<br \/>\nKarakter geli\u015fiminden d\u00fc\u015f\u00fcnd\u00fcr\u00fcc\u00fc temalara kadar her \u015feyi kapsayan bu \u015fablon, d\u00fcnya \u00e7ap\u0131nda okuyucular\u0131 b\u00fcy\u00fcleyecek bir ba\u015fyap\u0131t yaratman\u0131z\u0131 sa\u011flar.<\/p>","protected":false},"excerpt":{"rendered":"<p>This prompt template is designed to help you create a captivating narrative with the assistance of ChatGPT. Whether you&#8217;re an aspiring writer or simply looking for a fresh story idea, this prompt will guide you through the process of crafting a compelling tale. From character development to thought-provoking themes, this template covers it all, enabling [&hellip;]<\/p>\n","protected":false},"featured_media":26886,"comment_status":"open","ping_status":"closed","template":"","meta":[],"product_brand":[],"product_cat":[4095],"product_tag":[],"class_list":{"0":"post-26887","1":"product","2":"type-product","3":"status-publish","4":"has-post-thumbnail","6":"product_cat-content-writing","8":"first","9":"instock","10":"downloadable","11":"virtual","12":"product-type-simple"},"bundled_by":[],"bundle_stock_status":"instock","bundle_stock_quantity":null,"bundle_virtual":false,"bundle_layout":"","bundle_add_to_cart_form_location":"","bundle_editable_in_cart":false,"bundle_sold_individually_context":"","bundle_item_grouping":"","bundle_min_size":"","bundle_max_size":"","bundle_price":[],"bundled_items":[],"bundle_sell_ids":[],"_links":{"self":[{"href":"https:\/\/logic-vault.com\/tr\/wp-json\/wp\/v2\/product\/26887","targetHints":{"allow":["GET"]}}],"collection":[{"href":"https:\/\/logic-vault.com\/tr\/wp-json\/wp\/v2\/product"}],"about":[{"href":"https:\/\/logic-vault.com\/tr\/wp-json\/wp\/v2\/types\/product"}],"replies":[{"embeddable":true,"href":"https:\/\/logic-vault.com\/tr\/wp-json\/wp\/v2\/comments?post=26887"}],"wp:featuredmedia":[{"embeddable":true,"href":"https:\/\/logic-vault.com\/tr\/wp-json\/wp\/v2\/media\/26886"}],"wp:attachment":[{"href":"https:\/\/logic-vault.com\/tr\/wp-json\/wp\/v2\/media?parent=26887"}],"wp:term":[{"taxonomy":"product_brand","embeddable":true,"href":"https:\/\/logic-vault.com\/tr\/wp-json\/wp\/v2\/product_brand?post=26887"},{"taxonomy":"product_cat","embeddable":true,"href":"https:\/\/logic-vault.com\/tr\/wp-json\/wp\/v2\/product_cat?post=26887"},{"taxonomy":"product_tag","embeddable":true,"href":"https:\/\/logic-vault.com\/tr\/wp-json\/wp\/v2\/product_tag?post=26887"}],"curies":[{"name":"wp","href":"https:\/\/api.w.org\/{rel}","templated":true}]}}