{"id":26885,"date":"2026-02-17T21:25:34","date_gmt":"2026-02-17T21:25:34","guid":{"rendered":"https:\/\/logic-vault.com\/product\/article-refresher-for-superior-ranking\/"},"modified":"2026-02-17T21:25:34","modified_gmt":"2026-02-17T21:25:34","slug":"article-refresher-for-superior-ranking","status":"publish","type":"product","link":"https:\/\/logic-vault.com\/tr\/urun\/article-refresher-for-superior-ranking\/","title":{"rendered":"\u00dcst\u00fcn S\u0131ralama \u0130\u00e7in Makale Tekrar\u0131"},"content":{"rendered":"<p>Makalelerinizi kolayca en \u00fcst s\u0131ralara ta\u015f\u0131y\u0131n! \ud83d\udcc8<\/p>\n<p>Makalelerinizi \u00fcst s\u0131ralarda yer alacak \u015fekilde geli\u015ftirmek i\u00e7in tasarlanm\u0131\u015f, olmazsa olmaz bir i\u00e7erik yazma arac\u0131; size daha fazla i\u00e7erik olu\u015fturmak i\u00e7in de\u011ferli zaman kazand\u0131r\u0131yor!<\/p>\n<p>\u015eunlar i\u00e7in ideal:<br \/>\n\u2705SEO ile u\u011fra\u015fmak istemeyen i\u00e7erik \u00fcreticileri.<br \/>\n\u2705Performans g\u00f6stermeyen \u00fcr\u00fcnler.<br \/>\n\u2705Hem ba\u015flang\u0131\u00e7 seviyesinde hem de ileri seviyede i\u00e7erik yazarlar\u0131.<\/p>\n<p>\ud83d\udc49Kullan\u0131m\u0131 kolay (sadece kopyala-yap\u0131\u015ft\u0131r)<br \/>\n\ud83d\udc49An\u0131nda eri\u015fim<br \/>\n\ud83d\udc49S\u0131n\u0131rs\u0131z<\/p>\n<p>Fiyat artmadan \u00f6nce \u015fimdi sadece $4.99&#039;a al\u0131n!<\/p>","protected":false},"excerpt":{"rendered":"<p>Boost your articles to the top with ease! \ud83d\udcc8 A must-have content writing tool trained to enhance articles for superior rankings, saving you precious time to create more! Perfect for: \u2705Creators who don\u2019t want to worry about SEO. \u2705Articles that don\u2019t perform. \u2705Both beginner and advanced content writers. \ud83d\udc49Easy to use (just copy-paste) \ud83d\udc49Instant access [&hellip;]<\/p>\n","protected":false},"featured_media":26884,"comment_status":"open","ping_status":"closed","template":"","meta":[],"product_brand":[],"product_cat":[4095],"product_tag":[],"class_list":{"0":"post-26885","1":"product","2":"type-product","3":"status-publish","4":"has-post-thumbnail","6":"product_cat-content-writing","8":"first","9":"instock","10":"downloadable","11":"virtual","12":"product-type-simple"},"bundled_by":[],"bundle_stock_status":"instock","bundle_stock_quantity":null,"bundle_virtual":false,"bundle_layout":"","bundle_add_to_cart_form_location":"","bundle_editable_in_cart":false,"bundle_sold_individually_context":"","bundle_item_grouping":"","bundle_min_size":"","bundle_max_size":"","bundle_price":[],"bundled_items":[],"bundle_sell_ids":[],"_links":{"self":[{"href":"https:\/\/logic-vault.com\/tr\/wp-json\/wp\/v2\/product\/26885","targetHints":{"allow":["GET"]}}],"collection":[{"href":"https:\/\/logic-vault.com\/tr\/wp-json\/wp\/v2\/product"}],"about":[{"href":"https:\/\/logic-vault.com\/tr\/wp-json\/wp\/v2\/types\/product"}],"replies":[{"embeddable":true,"href":"https:\/\/logic-vault.com\/tr\/wp-json\/wp\/v2\/comments?post=26885"}],"wp:featuredmedia":[{"embeddable":true,"href":"https:\/\/logic-vault.com\/tr\/wp-json\/wp\/v2\/media\/26884"}],"wp:attachment":[{"href":"https:\/\/logic-vault.com\/tr\/wp-json\/wp\/v2\/media?parent=26885"}],"wp:term":[{"taxonomy":"product_brand","embeddable":true,"href":"https:\/\/logic-vault.com\/tr\/wp-json\/wp\/v2\/product_brand?post=26885"},{"taxonomy":"product_cat","embeddable":true,"href":"https:\/\/logic-vault.com\/tr\/wp-json\/wp\/v2\/product_cat?post=26885"},{"taxonomy":"product_tag","embeddable":true,"href":"https:\/\/logic-vault.com\/tr\/wp-json\/wp\/v2\/product_tag?post=26885"}],"curies":[{"name":"wp","href":"https:\/\/api.w.org\/{rel}","templated":true}]}}