{"id":26883,"date":"2026-02-17T21:25:34","date_gmt":"2026-02-17T21:25:34","guid":{"rendered":"https:\/\/logic-vault.com\/product\/predecision-content-evaluator\/"},"modified":"2026-02-17T21:25:34","modified_gmt":"2026-02-17T21:25:34","slug":"predecision-content-evaluator","status":"publish","type":"product","link":"https:\/\/logic-vault.com\/tr\/urun\/predecision-content-evaluator\/","title":{"rendered":"\u00d6n Karar \u0130\u00e7erik De\u011ferlendiricisi"},"content":{"rendered":"<p>A prompt designed to evaluate content before you move forward. Paste any text, idea, concept or draft and receive a clear, structured assessment that highlights weaknesses, inconsistencies, risks and unclear areas. Suitable for beginners who want guidance and professionals who need an objective second perspective before publishing, presenting or making decisions.<\/p>","protected":false},"excerpt":{"rendered":"<p>A prompt designed to evaluate content before you move forward. Paste any text, idea, concept or draft and receive a clear, structured assessment that highlights weaknesses, inconsistencies, risks and unclear areas. Suitable for beginners who want guidance and professionals who need an objective second perspective before publishing, presenting or making decisions.<\/p>","protected":false},"featured_media":26882,"comment_status":"open","ping_status":"closed","template":"","meta":[],"product_brand":[],"product_cat":[4095],"product_tag":[],"class_list":{"0":"post-26883","1":"product","2":"type-product","3":"status-publish","4":"has-post-thumbnail","6":"product_cat-content-writing","8":"first","9":"instock","10":"downloadable","11":"virtual","12":"product-type-simple"},"bundled_by":[],"bundle_stock_status":"instock","bundle_stock_quantity":null,"bundle_virtual":false,"bundle_layout":"","bundle_add_to_cart_form_location":"","bundle_editable_in_cart":false,"bundle_sold_individually_context":"","bundle_item_grouping":"","bundle_min_size":"","bundle_max_size":"","bundle_price":[],"bundled_items":[],"bundle_sell_ids":[],"_links":{"self":[{"href":"https:\/\/logic-vault.com\/tr\/wp-json\/wp\/v2\/product\/26883","targetHints":{"allow":["GET"]}}],"collection":[{"href":"https:\/\/logic-vault.com\/tr\/wp-json\/wp\/v2\/product"}],"about":[{"href":"https:\/\/logic-vault.com\/tr\/wp-json\/wp\/v2\/types\/product"}],"replies":[{"embeddable":true,"href":"https:\/\/logic-vault.com\/tr\/wp-json\/wp\/v2\/comments?post=26883"}],"wp:featuredmedia":[{"embeddable":true,"href":"https:\/\/logic-vault.com\/tr\/wp-json\/wp\/v2\/media\/26882"}],"wp:attachment":[{"href":"https:\/\/logic-vault.com\/tr\/wp-json\/wp\/v2\/media?parent=26883"}],"wp:term":[{"taxonomy":"product_brand","embeddable":true,"href":"https:\/\/logic-vault.com\/tr\/wp-json\/wp\/v2\/product_brand?post=26883"},{"taxonomy":"product_cat","embeddable":true,"href":"https:\/\/logic-vault.com\/tr\/wp-json\/wp\/v2\/product_cat?post=26883"},{"taxonomy":"product_tag","embeddable":true,"href":"https:\/\/logic-vault.com\/tr\/wp-json\/wp\/v2\/product_tag?post=26883"}],"curies":[{"name":"wp","href":"https:\/\/api.w.org\/{rel}","templated":true}]}}