{"id":26877,"date":"2026-02-17T21:25:33","date_gmt":"2026-02-17T21:25:33","guid":{"rendered":"https:\/\/logic-vault.com\/product\/sell-knowledge-without-showing-your-face\/"},"modified":"2026-02-17T21:25:33","modified_gmt":"2026-02-17T21:25:33","slug":"sell-knowledge-without-showing-your-face","status":"publish","type":"product","link":"https:\/\/logic-vault.com\/tr\/urun\/sell-knowledge-without-showing-your-face\/","title":{"rendered":"Y\u00fcz\u00fcn\u00fcz\u00fc g\u00f6stermeden bilgi sat\u0131n."},"content":{"rendered":"<p>Bir\u00e7ok uzman, kamera kar\u015f\u0131s\u0131na \u00e7\u0131kmaktan rahats\u0131z olduklar\u0131 i\u00e7in bilgilerini paraya d\u00f6n\u00fc\u015ft\u00fcrmekten ka\u00e7\u0131n\u0131r.<br \/>\nBu k\u0131lavuz, uzmanl\u0131\u011f\u0131 yaz\u0131l\u0131, sesli veya ekran tabanl\u0131 formatlarda paketleyen, b\u00f6ylece bilginin kamuoyu \u00f6n\u00fcnde g\u00f6r\u00fcn\u00fcrl\u00fck olmadan profesyonelce sat\u0131labilmesini sa\u011flayan, kimli\u011fi belirsiz e-kitap ve kurs i\u015f modelleri tasarlaman\u0131za yard\u0131mc\u0131 olur.<br \/>\n\u2728 Ne Alacaks\u0131n\u0131z:<br \/>\n\ud83d\udcd8 Y\u00fczs\u00fcz e-kitap ve kurs modeli se\u00e7enekleri<br \/>\n\ud83e\udde0 \u015eeffaf i\u00e7erikli ambalaj yap\u0131lar\u0131<br \/>\n\ud83c\udfaf Hedef kitleye uygun \u00fcr\u00fcn konumland\u0131rma<br \/>\n\ud83d\udd04 D\u00fc\u015f\u00fck g\u00f6r\u00fcn\u00fcrl\u00fckl\u00fc teslimat y\u00f6ntemleri<br \/>\n\ud83d\udccc Pratik para kazanma<\/p>","protected":false},"excerpt":{"rendered":"<p>Many experts avoid monetizing their knowledge because they are uncomfortable appearing on camera. This prompt helps you design faceless ebook and course business models that package expertise into written, audio, or screen-based formats\u2014so knowledge can be sold professionally without public visibility. \u2728 What You Receive: \ud83d\udcd8 Faceless ebook and course model options \ud83e\udde0 Clear content [&hellip;]<\/p>\n","protected":false},"featured_media":26876,"comment_status":"open","ping_status":"closed","template":"","meta":[],"product_brand":[],"product_cat":[4095],"product_tag":[],"class_list":{"0":"post-26877","1":"product","2":"type-product","3":"status-publish","4":"has-post-thumbnail","6":"product_cat-content-writing","8":"first","9":"instock","10":"downloadable","11":"virtual","12":"product-type-simple"},"bundled_by":[],"bundle_stock_status":"instock","bundle_stock_quantity":null,"bundle_virtual":false,"bundle_layout":"","bundle_add_to_cart_form_location":"","bundle_editable_in_cart":false,"bundle_sold_individually_context":"","bundle_item_grouping":"","bundle_min_size":"","bundle_max_size":"","bundle_price":[],"bundled_items":[],"bundle_sell_ids":[],"_links":{"self":[{"href":"https:\/\/logic-vault.com\/tr\/wp-json\/wp\/v2\/product\/26877","targetHints":{"allow":["GET"]}}],"collection":[{"href":"https:\/\/logic-vault.com\/tr\/wp-json\/wp\/v2\/product"}],"about":[{"href":"https:\/\/logic-vault.com\/tr\/wp-json\/wp\/v2\/types\/product"}],"replies":[{"embeddable":true,"href":"https:\/\/logic-vault.com\/tr\/wp-json\/wp\/v2\/comments?post=26877"}],"wp:featuredmedia":[{"embeddable":true,"href":"https:\/\/logic-vault.com\/tr\/wp-json\/wp\/v2\/media\/26876"}],"wp:attachment":[{"href":"https:\/\/logic-vault.com\/tr\/wp-json\/wp\/v2\/media?parent=26877"}],"wp:term":[{"taxonomy":"product_brand","embeddable":true,"href":"https:\/\/logic-vault.com\/tr\/wp-json\/wp\/v2\/product_brand?post=26877"},{"taxonomy":"product_cat","embeddable":true,"href":"https:\/\/logic-vault.com\/tr\/wp-json\/wp\/v2\/product_cat?post=26877"},{"taxonomy":"product_tag","embeddable":true,"href":"https:\/\/logic-vault.com\/tr\/wp-json\/wp\/v2\/product_tag?post=26877"}],"curies":[{"name":"wp","href":"https:\/\/api.w.org\/{rel}","templated":true}]}}