{"id":26875,"date":"2026-02-17T21:25:33","date_gmt":"2026-02-17T21:25:33","guid":{"rendered":"https:\/\/logic-vault.com\/product\/pro-technical-review-reality-check\/"},"modified":"2026-02-17T21:25:33","modified_gmt":"2026-02-17T21:25:33","slug":"pro-technical-review-reality-check","status":"publish","type":"product","link":"https:\/\/logic-vault.com\/tr\/urun\/pro-technical-review-reality-check\/","title":{"rendered":"Profesyonel Teknik \u0130nceleme Ger\u00e7eklik Kontrol\u00fc"},"content":{"rendered":"<p>Daha keskin i\u00e7g\u00f6r\u00fcler, daha iyi tart\u0131\u015fmalar ve daha ak\u0131ll\u0131 sat\u0131n alma kararlar\u0131 isteyen i\u00e7erik olu\u015fturucular, yorumcular ve al\u0131c\u0131lar i\u00e7in m\u00fckemmel.<\/p>","protected":false},"excerpt":{"rendered":"<p>Daha keskin i\u00e7g\u00f6r\u00fcler, daha iyi tart\u0131\u015fmalar ve daha ak\u0131ll\u0131 sat\u0131n alma kararlar\u0131 isteyen i\u00e7erik olu\u015fturucular, yorumcular ve al\u0131c\u0131lar i\u00e7in m\u00fckemmel.<\/p>","protected":false},"featured_media":26874,"comment_status":"open","ping_status":"closed","template":"","meta":[],"product_brand":[],"product_cat":[4095],"product_tag":[],"class_list":{"0":"post-26875","1":"product","2":"type-product","3":"status-publish","4":"has-post-thumbnail","6":"product_cat-content-writing","8":"first","9":"instock","10":"downloadable","11":"virtual","12":"product-type-simple"},"bundled_by":[],"bundle_stock_status":"instock","bundle_stock_quantity":null,"bundle_virtual":false,"bundle_layout":"","bundle_add_to_cart_form_location":"","bundle_editable_in_cart":false,"bundle_sold_individually_context":"","bundle_item_grouping":"","bundle_min_size":"","bundle_max_size":"","bundle_price":[],"bundled_items":[],"bundle_sell_ids":[],"_links":{"self":[{"href":"https:\/\/logic-vault.com\/tr\/wp-json\/wp\/v2\/product\/26875","targetHints":{"allow":["GET"]}}],"collection":[{"href":"https:\/\/logic-vault.com\/tr\/wp-json\/wp\/v2\/product"}],"about":[{"href":"https:\/\/logic-vault.com\/tr\/wp-json\/wp\/v2\/types\/product"}],"replies":[{"embeddable":true,"href":"https:\/\/logic-vault.com\/tr\/wp-json\/wp\/v2\/comments?post=26875"}],"wp:featuredmedia":[{"embeddable":true,"href":"https:\/\/logic-vault.com\/tr\/wp-json\/wp\/v2\/media\/26874"}],"wp:attachment":[{"href":"https:\/\/logic-vault.com\/tr\/wp-json\/wp\/v2\/media?parent=26875"}],"wp:term":[{"taxonomy":"product_brand","embeddable":true,"href":"https:\/\/logic-vault.com\/tr\/wp-json\/wp\/v2\/product_brand?post=26875"},{"taxonomy":"product_cat","embeddable":true,"href":"https:\/\/logic-vault.com\/tr\/wp-json\/wp\/v2\/product_cat?post=26875"},{"taxonomy":"product_tag","embeddable":true,"href":"https:\/\/logic-vault.com\/tr\/wp-json\/wp\/v2\/product_tag?post=26875"}],"curies":[{"name":"wp","href":"https:\/\/api.w.org\/{rel}","templated":true}]}}