{"id":26873,"date":"2026-02-17T21:25:32","date_gmt":"2026-02-17T21:25:32","guid":{"rendered":"https:\/\/logic-vault.com\/product\/professional-email-polishers\/"},"modified":"2026-02-17T21:25:32","modified_gmt":"2026-02-17T21:25:32","slug":"professional-email-polishers","status":"publish","type":"product","link":"https:\/\/logic-vault.com\/tr\/urun\/professional-email-polishers\/","title":{"rendered":"Profesyonel E-posta Parlat\u0131c\u0131lar\u0131"},"content":{"rendered":"<p>Sizi eve erken g\u00f6nderemeyiz. \u0130\u015f yerindeki stresinizi de gideremeyiz.<\/p>\n<p>D\u00fcr\u00fcst olal\u0131m: Bu y\u00f6ntem, sizinle patronunuz veya meslekta\u015flar\u0131n\u0131z aras\u0131ndaki s\u00fcrt\u00fc\u015fmeyi ortadan kald\u0131rmayacak. Zorlu ofis hayat\u0131 i\u00e7in sihirli bir \u00e7\u00f6z\u00fcm de\u011fil.<\/p>\n<p>Ama yapabilece\u011fimiz \u015fey, sizi bo\u015f bir ekrana bakma azab\u0131ndan kurtarmak.<\/p>\n<p>Tek bir e-postay\u0131 yeniden yazmak i\u00e7in 30 dakika harcay\u0131p, nas\u0131l ses \u00e7\u0131kard\u0131\u011f\u0131n\u0131z konusunda endi\u015felendi\u011finiz oldu mu hi\u00e7? Biz bu y\u00fck\u00fc omuzlar\u0131n\u0131zdan al\u0131yoruz. D\u00fc\u015f\u00fcnme ve d\u00fcr\u00fcst d\u00fc\u015f\u00fcncelerinizi do\u011fru bir \u015fekilde ifade etme konusunda harcad\u0131\u011f\u0131n\u0131z zaman\u0131 azalt\u0131yoruz.<\/p>","protected":false},"excerpt":{"rendered":"<p>We can\u2019t get you home early. We can\u2019t fix your workplace stress. Let\u2019s be honest: This prompt won&#8217;t eliminate the friction between you and your boss or colleagues. It\u2019s not a magic cure for a difficult office life. But what we CAN do is save you from the agony of staring at a blank screen. [&hellip;]<\/p>\n","protected":false},"featured_media":26872,"comment_status":"open","ping_status":"closed","template":"","meta":[],"product_brand":[],"product_cat":[4095],"product_tag":[],"class_list":{"0":"post-26873","1":"product","2":"type-product","3":"status-publish","4":"has-post-thumbnail","6":"product_cat-content-writing","8":"first","9":"instock","10":"downloadable","11":"virtual","12":"product-type-simple"},"bundled_by":[],"bundle_stock_status":"instock","bundle_stock_quantity":null,"bundle_virtual":false,"bundle_layout":"","bundle_add_to_cart_form_location":"","bundle_editable_in_cart":false,"bundle_sold_individually_context":"","bundle_item_grouping":"","bundle_min_size":"","bundle_max_size":"","bundle_price":[],"bundled_items":[],"bundle_sell_ids":[],"_links":{"self":[{"href":"https:\/\/logic-vault.com\/tr\/wp-json\/wp\/v2\/product\/26873","targetHints":{"allow":["GET"]}}],"collection":[{"href":"https:\/\/logic-vault.com\/tr\/wp-json\/wp\/v2\/product"}],"about":[{"href":"https:\/\/logic-vault.com\/tr\/wp-json\/wp\/v2\/types\/product"}],"replies":[{"embeddable":true,"href":"https:\/\/logic-vault.com\/tr\/wp-json\/wp\/v2\/comments?post=26873"}],"wp:featuredmedia":[{"embeddable":true,"href":"https:\/\/logic-vault.com\/tr\/wp-json\/wp\/v2\/media\/26872"}],"wp:attachment":[{"href":"https:\/\/logic-vault.com\/tr\/wp-json\/wp\/v2\/media?parent=26873"}],"wp:term":[{"taxonomy":"product_brand","embeddable":true,"href":"https:\/\/logic-vault.com\/tr\/wp-json\/wp\/v2\/product_brand?post=26873"},{"taxonomy":"product_cat","embeddable":true,"href":"https:\/\/logic-vault.com\/tr\/wp-json\/wp\/v2\/product_cat?post=26873"},{"taxonomy":"product_tag","embeddable":true,"href":"https:\/\/logic-vault.com\/tr\/wp-json\/wp\/v2\/product_tag?post=26873"}],"curies":[{"name":"wp","href":"https:\/\/api.w.org\/{rel}","templated":true}]}}