{"id":26869,"date":"2026-02-17T21:25:31","date_gmt":"2026-02-17T21:25:31","guid":{"rendered":"https:\/\/logic-vault.com\/product\/court-document-preparation-assistant\/"},"modified":"2026-02-17T21:25:32","modified_gmt":"2026-02-17T21:25:32","slug":"court-document-preparation-assistant","status":"publish","type":"product","link":"https:\/\/logic-vault.com\/tr\/urun\/court-document-preparation-assistant\/","title":{"rendered":"Mahkeme Belgesi Haz\u0131rlama Asistan\u0131"},"content":{"rendered":"<p>\ud83d\udccc Bu komut, ba\u015fl\u0131k bloklar\u0131, olaylar\u0131n \u00f6zeti, hukuki arg\u00fcman b\u00f6l\u00fcmleri ve talep edilen \u00e7\u00f6z\u00fcm yollar\u0131 ile d\u00fczenlenmi\u015f, davay\u0131 reddetme talepleri, \u00f6zet karar dilek\u00e7eleri, temyiz dilek\u00e7eleri ve delil toplama talepleri i\u00e7in ayr\u0131nt\u0131l\u0131 taslak \u00e7er\u00e7eveler olu\u015fturur. <\/p>\n<p>\u203c\ufe0fT\u00fcm \u00e7\u0131kt\u0131lar kullan\u0131mdan \u00f6nce avukat incelemesi, kaynak do\u011frulamas\u0131 ve davaya \u00f6zel d\u00fczenlemeler gerektirir. <\/p>\n<p>\ud83d\udd39Yaz\u0131m s\u00fcre\u00e7lerini h\u0131zland\u0131rmak isteyen avukatlar, hukuk asistanlar\u0131, hukuk \u00f6\u011frencileri ve hukuk ara\u015ft\u0131rmac\u0131lar\u0131 i\u00e7in tasarlanm\u0131\u015ft\u0131r.<\/p>","protected":false},"excerpt":{"rendered":"<p>\ud83d\udccc This prompt creates detailed draft frameworks for motions to dismiss, summary judgment briefs, appellate briefs, and discovery motions organized with caption blocks, statement of facts, legal argument sections, and prayer for relief. \u203c\ufe0fAll outputs require attorney review, citation verification, and case-specific refinement before use. \ud83d\udd39Designed for attorneys, paralegals, law students, and legal researchers who [&hellip;]<\/p>\n","protected":false},"featured_media":26868,"comment_status":"open","ping_status":"closed","template":"","meta":[],"product_brand":[],"product_cat":[4095],"product_tag":[],"class_list":{"0":"post-26869","1":"product","2":"type-product","3":"status-publish","4":"has-post-thumbnail","6":"product_cat-content-writing","8":"first","9":"instock","10":"downloadable","11":"virtual","12":"product-type-simple"},"bundled_by":[],"bundle_stock_status":"instock","bundle_stock_quantity":null,"bundle_virtual":false,"bundle_layout":"","bundle_add_to_cart_form_location":"","bundle_editable_in_cart":false,"bundle_sold_individually_context":"","bundle_item_grouping":"","bundle_min_size":"","bundle_max_size":"","bundle_price":[],"bundled_items":[],"bundle_sell_ids":[],"_links":{"self":[{"href":"https:\/\/logic-vault.com\/tr\/wp-json\/wp\/v2\/product\/26869","targetHints":{"allow":["GET"]}}],"collection":[{"href":"https:\/\/logic-vault.com\/tr\/wp-json\/wp\/v2\/product"}],"about":[{"href":"https:\/\/logic-vault.com\/tr\/wp-json\/wp\/v2\/types\/product"}],"replies":[{"embeddable":true,"href":"https:\/\/logic-vault.com\/tr\/wp-json\/wp\/v2\/comments?post=26869"}],"wp:featuredmedia":[{"embeddable":true,"href":"https:\/\/logic-vault.com\/tr\/wp-json\/wp\/v2\/media\/26868"}],"wp:attachment":[{"href":"https:\/\/logic-vault.com\/tr\/wp-json\/wp\/v2\/media?parent=26869"}],"wp:term":[{"taxonomy":"product_brand","embeddable":true,"href":"https:\/\/logic-vault.com\/tr\/wp-json\/wp\/v2\/product_brand?post=26869"},{"taxonomy":"product_cat","embeddable":true,"href":"https:\/\/logic-vault.com\/tr\/wp-json\/wp\/v2\/product_cat?post=26869"},{"taxonomy":"product_tag","embeddable":true,"href":"https:\/\/logic-vault.com\/tr\/wp-json\/wp\/v2\/product_tag?post=26869"}],"curies":[{"name":"wp","href":"https:\/\/api.w.org\/{rel}","templated":true}]}}