{"id":26861,"date":"2026-02-17T21:25:28","date_gmt":"2026-02-17T21:25:28","guid":{"rendered":"https:\/\/logic-vault.com\/product\/analytical-thinking-prompt-generator\/"},"modified":"2026-02-17T21:25:28","modified_gmt":"2026-02-17T21:25:28","slug":"analytical-thinking-prompt-generator","status":"publish","type":"product","link":"https:\/\/logic-vault.com\/tr\/urun\/analytical-thinking-prompt-generator\/","title":{"rendered":"Analitik D\u00fc\u015f\u00fcnme Sorusu Olu\u015fturucu"},"content":{"rendered":"<p>Temel sorgular\u0131, mant\u0131ksal ak\u0131l y\u00fcr\u00fctmeyi ve sistematik incelemeyi te\u015fvik eden yap\u0131land\u0131r\u0131lm\u0131\u015f analitik istemlere d\u00f6n\u00fc\u015ft\u00fcrmek i\u00e7in bir \u00e7er\u00e7eve. Ayr\u0131\u015ft\u0131rma, \u00f6r\u00fcnt\u00fc tan\u0131mlama, ili\u015fki haritalama ve neden-sonu\u00e7 analizi gerektiren istemler olu\u015fturarak, karma\u015f\u0131k konular, veriler veya sorunlarla ayr\u0131nt\u0131l\u0131 ve metodik bir \u015fekilde etkile\u015fim sa\u011flar.<\/p>","protected":false},"excerpt":{"rendered":"<p>Temel sorgular\u0131, mant\u0131ksal ak\u0131l y\u00fcr\u00fctmeyi ve sistematik incelemeyi te\u015fvik eden yap\u0131land\u0131r\u0131lm\u0131\u015f analitik istemlere d\u00f6n\u00fc\u015ft\u00fcrmek i\u00e7in bir \u00e7er\u00e7eve. Ayr\u0131\u015ft\u0131rma, \u00f6r\u00fcnt\u00fc tan\u0131mlama, ili\u015fki haritalama ve neden-sonu\u00e7 analizi gerektiren istemler olu\u015fturarak, karma\u015f\u0131k konular, veriler veya sorunlarla ayr\u0131nt\u0131l\u0131 ve metodik bir \u015fekilde etkile\u015fim sa\u011flar.<\/p>","protected":false},"featured_media":26860,"comment_status":"open","ping_status":"closed","template":"","meta":[],"product_brand":[],"product_cat":[4098],"product_tag":[],"class_list":{"0":"post-26861","1":"product","2":"type-product","3":"status-publish","4":"has-post-thumbnail","6":"product_cat-education-learning","8":"first","9":"instock","10":"downloadable","11":"virtual","12":"product-type-simple"},"bundled_by":[],"bundle_stock_status":"instock","bundle_stock_quantity":null,"bundle_virtual":false,"bundle_layout":"","bundle_add_to_cart_form_location":"","bundle_editable_in_cart":false,"bundle_sold_individually_context":"","bundle_item_grouping":"","bundle_min_size":"","bundle_max_size":"","bundle_price":[],"bundled_items":[],"bundle_sell_ids":[],"_links":{"self":[{"href":"https:\/\/logic-vault.com\/tr\/wp-json\/wp\/v2\/product\/26861","targetHints":{"allow":["GET"]}}],"collection":[{"href":"https:\/\/logic-vault.com\/tr\/wp-json\/wp\/v2\/product"}],"about":[{"href":"https:\/\/logic-vault.com\/tr\/wp-json\/wp\/v2\/types\/product"}],"replies":[{"embeddable":true,"href":"https:\/\/logic-vault.com\/tr\/wp-json\/wp\/v2\/comments?post=26861"}],"wp:featuredmedia":[{"embeddable":true,"href":"https:\/\/logic-vault.com\/tr\/wp-json\/wp\/v2\/media\/26860"}],"wp:attachment":[{"href":"https:\/\/logic-vault.com\/tr\/wp-json\/wp\/v2\/media?parent=26861"}],"wp:term":[{"taxonomy":"product_brand","embeddable":true,"href":"https:\/\/logic-vault.com\/tr\/wp-json\/wp\/v2\/product_brand?post=26861"},{"taxonomy":"product_cat","embeddable":true,"href":"https:\/\/logic-vault.com\/tr\/wp-json\/wp\/v2\/product_cat?post=26861"},{"taxonomy":"product_tag","embeddable":true,"href":"https:\/\/logic-vault.com\/tr\/wp-json\/wp\/v2\/product_tag?post=26861"}],"curies":[{"name":"wp","href":"https:\/\/api.w.org\/{rel}","templated":true}]}}