{"id":26859,"date":"2026-02-17T21:25:28","date_gmt":"2026-02-17T21:25:28","guid":{"rendered":"https:\/\/logic-vault.com\/product\/academic-research-prompt-designer\/"},"modified":"2026-02-17T21:25:28","modified_gmt":"2026-02-17T21:25:28","slug":"academic-research-prompt-designer","status":"publish","type":"product","link":"https:\/\/logic-vault.com\/tr\/urun\/academic-research-prompt-designer\/","title":{"rendered":"Akademik Ara\u015ft\u0131rma Sorusu Tasar\u0131mc\u0131s\u0131"},"content":{"rendered":"<p>Yap\u0131land\u0131r\u0131lm\u0131\u015f metodolojik yakla\u015f\u0131mlardan, teorik temellerden ve analitik titizlikten yararlanan, ileri d\u00fczey akademik ara\u015ft\u0131rma sorular\u0131 olu\u015fturmak i\u00e7in \u00f6zel bir \u00e7er\u00e7eve. Bu \u015fablon, \u00e7e\u015fitli disiplinlerde kapsaml\u0131 bilimsel ara\u015ft\u0131rmay\u0131 y\u00f6nlendiren, teorik derinli\u011fi metodolojik hassasiyetle dengeleyen ve sistematik sorgulama ve kan\u0131ta dayal\u0131 analiz yoluyla ara\u015ft\u0131rma bo\u015fluklar\u0131n\u0131 ele alan sorular \u00fcretir.<\/p>","protected":false},"excerpt":{"rendered":"<p>Yap\u0131land\u0131r\u0131lm\u0131\u015f metodolojik yakla\u015f\u0131mlardan, teorik temellerden ve analitik titizlikten yararlanan, ileri d\u00fczey akademik ara\u015ft\u0131rma sorular\u0131 olu\u015fturmak i\u00e7in \u00f6zel bir \u00e7er\u00e7eve. Bu \u015fablon, \u00e7e\u015fitli disiplinlerde kapsaml\u0131 bilimsel ara\u015ft\u0131rmay\u0131 y\u00f6nlendiren, teorik derinli\u011fi metodolojik hassasiyetle dengeleyen ve sistematik sorgulama ve kan\u0131ta dayal\u0131 analiz yoluyla ara\u015ft\u0131rma bo\u015fluklar\u0131n\u0131 ele alan sorular \u00fcretir.<\/p>","protected":false},"featured_media":26858,"comment_status":"open","ping_status":"closed","template":"","meta":[],"product_brand":[],"product_cat":[4098],"product_tag":[],"class_list":{"0":"post-26859","1":"product","2":"type-product","3":"status-publish","4":"has-post-thumbnail","6":"product_cat-education-learning","8":"first","9":"instock","10":"downloadable","11":"virtual","12":"product-type-simple"},"bundled_by":[],"bundle_stock_status":"instock","bundle_stock_quantity":null,"bundle_virtual":false,"bundle_layout":"","bundle_add_to_cart_form_location":"","bundle_editable_in_cart":false,"bundle_sold_individually_context":"","bundle_item_grouping":"","bundle_min_size":"","bundle_max_size":"","bundle_price":[],"bundled_items":[],"bundle_sell_ids":[],"_links":{"self":[{"href":"https:\/\/logic-vault.com\/tr\/wp-json\/wp\/v2\/product\/26859","targetHints":{"allow":["GET"]}}],"collection":[{"href":"https:\/\/logic-vault.com\/tr\/wp-json\/wp\/v2\/product"}],"about":[{"href":"https:\/\/logic-vault.com\/tr\/wp-json\/wp\/v2\/types\/product"}],"replies":[{"embeddable":true,"href":"https:\/\/logic-vault.com\/tr\/wp-json\/wp\/v2\/comments?post=26859"}],"wp:featuredmedia":[{"embeddable":true,"href":"https:\/\/logic-vault.com\/tr\/wp-json\/wp\/v2\/media\/26858"}],"wp:attachment":[{"href":"https:\/\/logic-vault.com\/tr\/wp-json\/wp\/v2\/media?parent=26859"}],"wp:term":[{"taxonomy":"product_brand","embeddable":true,"href":"https:\/\/logic-vault.com\/tr\/wp-json\/wp\/v2\/product_brand?post=26859"},{"taxonomy":"product_cat","embeddable":true,"href":"https:\/\/logic-vault.com\/tr\/wp-json\/wp\/v2\/product_cat?post=26859"},{"taxonomy":"product_tag","embeddable":true,"href":"https:\/\/logic-vault.com\/tr\/wp-json\/wp\/v2\/product_tag?post=26859"}],"curies":[{"name":"wp","href":"https:\/\/api.w.org\/{rel}","templated":true}]}}