{"id":26855,"date":"2026-02-17T21:25:27","date_gmt":"2026-02-17T21:25:27","guid":{"rendered":"https:\/\/logic-vault.com\/product\/indepth-course-generator-gpt\/"},"modified":"2026-02-17T21:25:27","modified_gmt":"2026-02-17T21:25:27","slug":"indepth-course-generator-gpt","status":"publish","type":"product","link":"https:\/\/logic-vault.com\/tr\/urun\/indepth-course-generator-gpt\/","title":{"rendered":"Derinlemesine Kurs Olu\u015fturucu GPT"},"content":{"rendered":"<p>\ud83d\ude29Kapsaml\u0131 kurslar olu\u015fturmak i\u00e7in saatler harcamaktan b\u0131kt\u0131n\u0131z m\u0131?<br \/>\n\ud83c\udf93Herhangi bir konuda profesyonel olmak m\u0131 istiyorsunuz?<\/p>\n<p>\ud83d\udce2Derinlemesine Kurs Olu\u015fturucu GPT ile Tan\u0131\u015f\u0131n! \ud83d\udce2<\/p>\n<p>\ud83d\udcbbKullan\u0131m\u0131 kolay arac\u0131m\u0131zla, ihtiya\u00e7lar\u0131n\u0131za \u00f6zel ve TAM bir kursa sahip olun:<br \/>\n\u2705Mod\u00fcller halinde yap\u0131land\u0131r\u0131lm\u0131\u015f olup, ba\u015flang\u0131\u00e7 seviyesinden ileri seviyeye do\u011fru ilerlemektedir.<br \/>\n\u2705Projeler ve \u00d6devler<br \/>\n\u2705Ek Kaynaklar<\/p>\n<p>\ud83c\udf81TAM \u00d6RNEK + \u0130PU\u00c7LARI DAH\u0130L\ud83c\udf81<\/p>\n<p>\ud83d\udd34ARACIMIZA \u015e\u0130MD\u0130 DENEY\u0130N\ud83d\udd34<br \/>\n\ud83d\udd25\u00d6\u011frenme potansiyelinizi en \u00fcst d\u00fczeye \u00e7\u0131kar\u0131n ve herhangi bir konuda uzman olun\ud83d\udd25<\/p>","protected":false},"excerpt":{"rendered":"<p>\ud83d\ude29Tired of spending hours CREATING comprehensive COURSES? \ud83c\udf93Seeking to become a PRO in ANY SUBJECT? \ud83d\udce2Introducing the In-Depth Course Generator GPT! \ud83d\udce2 \ud83d\udcbbWith our easy-to-use tool get a COMPLETE and TAILORED to your needs COURSE: \u2705Structured into modules, progressing from beginner to advanced levels of proficiency \u2705Projects and Assignments \u2705Aditional Resources \ud83c\udf81FULL EXAMPLE + TIPS [&hellip;]<\/p>\n","protected":false},"featured_media":26854,"comment_status":"open","ping_status":"closed","template":"","meta":[],"product_brand":[],"product_cat":[4098],"product_tag":[],"class_list":{"0":"post-26855","1":"product","2":"type-product","3":"status-publish","4":"has-post-thumbnail","6":"product_cat-education-learning","8":"first","9":"instock","10":"downloadable","11":"virtual","12":"product-type-simple"},"bundled_by":[],"bundle_stock_status":"instock","bundle_stock_quantity":null,"bundle_virtual":false,"bundle_layout":"","bundle_add_to_cart_form_location":"","bundle_editable_in_cart":false,"bundle_sold_individually_context":"","bundle_item_grouping":"","bundle_min_size":"","bundle_max_size":"","bundle_price":[],"bundled_items":[],"bundle_sell_ids":[],"_links":{"self":[{"href":"https:\/\/logic-vault.com\/tr\/wp-json\/wp\/v2\/product\/26855","targetHints":{"allow":["GET"]}}],"collection":[{"href":"https:\/\/logic-vault.com\/tr\/wp-json\/wp\/v2\/product"}],"about":[{"href":"https:\/\/logic-vault.com\/tr\/wp-json\/wp\/v2\/types\/product"}],"replies":[{"embeddable":true,"href":"https:\/\/logic-vault.com\/tr\/wp-json\/wp\/v2\/comments?post=26855"}],"wp:featuredmedia":[{"embeddable":true,"href":"https:\/\/logic-vault.com\/tr\/wp-json\/wp\/v2\/media\/26854"}],"wp:attachment":[{"href":"https:\/\/logic-vault.com\/tr\/wp-json\/wp\/v2\/media?parent=26855"}],"wp:term":[{"taxonomy":"product_brand","embeddable":true,"href":"https:\/\/logic-vault.com\/tr\/wp-json\/wp\/v2\/product_brand?post=26855"},{"taxonomy":"product_cat","embeddable":true,"href":"https:\/\/logic-vault.com\/tr\/wp-json\/wp\/v2\/product_cat?post=26855"},{"taxonomy":"product_tag","embeddable":true,"href":"https:\/\/logic-vault.com\/tr\/wp-json\/wp\/v2\/product_tag?post=26855"}],"curies":[{"name":"wp","href":"https:\/\/api.w.org\/{rel}","templated":true}]}}