{"id":26843,"date":"2026-02-17T21:25:25","date_gmt":"2026-02-17T21:25:25","guid":{"rendered":"https:\/\/logic-vault.com\/product\/top-tier-study-mode-for-students\/"},"modified":"2026-02-17T21:25:25","modified_gmt":"2026-02-17T21:25:25","slug":"top-tier-study-mode-for-students","status":"publish","type":"product","link":"https:\/\/logic-vault.com\/tr\/urun\/top-tier-study-mode-for-students\/","title":{"rendered":"\u00d6\u011frenciler \u0130\u00e7in En \u00dcst D\u00fczey \u00c7al\u0131\u015fma Modu"},"content":{"rendered":"<p>Bir \u00fcniversite \u00f6\u011frencisi olarak, \u00f6\u011frenmenizi h\u0131zland\u0131rmak i\u00e7in devrim niteli\u011finde \u00f6zel bir \u00f6\u011frenme y\u00f6ntemi geli\u015ftirdim. Bu y\u00f6ntem, herhangi bir ders konusunu rekor s\u00fcrede kavraman\u0131za ve ustala\u015fman\u0131za yard\u0131mc\u0131 olur; her zamankinden daha h\u0131zl\u0131, daha ak\u0131ll\u0131ca ve daha etkili bir \u015fekilde.<\/p>","protected":false},"excerpt":{"rendered":"<p>Bir \u00fcniversite \u00f6\u011frencisi olarak, \u00f6\u011frenmenizi h\u0131zland\u0131rmak i\u00e7in devrim niteli\u011finde \u00f6zel bir \u00f6\u011frenme y\u00f6ntemi geli\u015ftirdim. Bu y\u00f6ntem, herhangi bir ders konusunu rekor s\u00fcrede kavraman\u0131za ve ustala\u015fman\u0131za yard\u0131mc\u0131 olur; her zamankinden daha h\u0131zl\u0131, daha ak\u0131ll\u0131ca ve daha etkili bir \u015fekilde.<\/p>","protected":false},"featured_media":26842,"comment_status":"open","ping_status":"closed","template":"","meta":[],"product_brand":[],"product_cat":[4098],"product_tag":[],"class_list":{"0":"post-26843","1":"product","2":"type-product","3":"status-publish","4":"has-post-thumbnail","6":"product_cat-education-learning","8":"first","9":"instock","10":"downloadable","11":"virtual","12":"product-type-simple"},"bundled_by":[],"bundle_stock_status":"instock","bundle_stock_quantity":null,"bundle_virtual":false,"bundle_layout":"","bundle_add_to_cart_form_location":"","bundle_editable_in_cart":false,"bundle_sold_individually_context":"","bundle_item_grouping":"","bundle_min_size":"","bundle_max_size":"","bundle_price":[],"bundled_items":[],"bundle_sell_ids":[],"_links":{"self":[{"href":"https:\/\/logic-vault.com\/tr\/wp-json\/wp\/v2\/product\/26843","targetHints":{"allow":["GET"]}}],"collection":[{"href":"https:\/\/logic-vault.com\/tr\/wp-json\/wp\/v2\/product"}],"about":[{"href":"https:\/\/logic-vault.com\/tr\/wp-json\/wp\/v2\/types\/product"}],"replies":[{"embeddable":true,"href":"https:\/\/logic-vault.com\/tr\/wp-json\/wp\/v2\/comments?post=26843"}],"wp:featuredmedia":[{"embeddable":true,"href":"https:\/\/logic-vault.com\/tr\/wp-json\/wp\/v2\/media\/26842"}],"wp:attachment":[{"href":"https:\/\/logic-vault.com\/tr\/wp-json\/wp\/v2\/media?parent=26843"}],"wp:term":[{"taxonomy":"product_brand","embeddable":true,"href":"https:\/\/logic-vault.com\/tr\/wp-json\/wp\/v2\/product_brand?post=26843"},{"taxonomy":"product_cat","embeddable":true,"href":"https:\/\/logic-vault.com\/tr\/wp-json\/wp\/v2\/product_cat?post=26843"},{"taxonomy":"product_tag","embeddable":true,"href":"https:\/\/logic-vault.com\/tr\/wp-json\/wp\/v2\/product_tag?post=26843"}],"curies":[{"name":"wp","href":"https:\/\/api.w.org\/{rel}","templated":true}]}}