{"id":26839,"date":"2026-02-17T21:25:24","date_gmt":"2026-02-17T21:25:24","guid":{"rendered":"https:\/\/logic-vault.com\/product\/literature-synthesis-for-stem\/"},"modified":"2026-02-17T21:25:24","modified_gmt":"2026-02-17T21:25:24","slug":"literature-synthesis-for-stem","status":"publish","type":"product","link":"https:\/\/logic-vault.com\/tr\/urun\/literature-synthesis-for-stem\/","title":{"rendered":"K\u00f6k H\u00fccreler \u0130\u00e7in Literat\u00fcr Sentezi"},"content":{"rendered":"<p>A copy-paste prompt for a research scientist to turn a set of pasted paper texts into a decision-grade literature synthesis map: it forces quote-backed claims, flags missing info as NOT SPECIFIED, marks incomplete papers as LIMITED EVIDENCE, and explicitly maps themes, agreements, disagreements, methods\/evaluation differences, assumptions, and reproducibility risks\u2014without resolving contradictions or inventing details.<\/p>","protected":false},"excerpt":{"rendered":"<p>A copy-paste prompt for a research scientist to turn a set of pasted paper texts into a decision-grade literature synthesis map: it forces quote-backed claims, flags missing info as NOT SPECIFIED, marks incomplete papers as LIMITED EVIDENCE, and explicitly maps themes, agreements, disagreements, methods\/evaluation differences, assumptions, and reproducibility risks\u2014without resolving contradictions or inventing details.<\/p>","protected":false},"featured_media":26838,"comment_status":"open","ping_status":"closed","template":"","meta":[],"product_brand":[],"product_cat":[4098],"product_tag":[],"class_list":{"0":"post-26839","1":"product","2":"type-product","3":"status-publish","4":"has-post-thumbnail","6":"product_cat-education-learning","8":"first","9":"instock","10":"downloadable","11":"virtual","12":"product-type-simple"},"bundled_by":[],"bundle_stock_status":"instock","bundle_stock_quantity":null,"bundle_virtual":false,"bundle_layout":"","bundle_add_to_cart_form_location":"","bundle_editable_in_cart":false,"bundle_sold_individually_context":"","bundle_item_grouping":"","bundle_min_size":"","bundle_max_size":"","bundle_price":[],"bundled_items":[],"bundle_sell_ids":[],"_links":{"self":[{"href":"https:\/\/logic-vault.com\/tr\/wp-json\/wp\/v2\/product\/26839","targetHints":{"allow":["GET"]}}],"collection":[{"href":"https:\/\/logic-vault.com\/tr\/wp-json\/wp\/v2\/product"}],"about":[{"href":"https:\/\/logic-vault.com\/tr\/wp-json\/wp\/v2\/types\/product"}],"replies":[{"embeddable":true,"href":"https:\/\/logic-vault.com\/tr\/wp-json\/wp\/v2\/comments?post=26839"}],"wp:featuredmedia":[{"embeddable":true,"href":"https:\/\/logic-vault.com\/tr\/wp-json\/wp\/v2\/media\/26838"}],"wp:attachment":[{"href":"https:\/\/logic-vault.com\/tr\/wp-json\/wp\/v2\/media?parent=26839"}],"wp:term":[{"taxonomy":"product_brand","embeddable":true,"href":"https:\/\/logic-vault.com\/tr\/wp-json\/wp\/v2\/product_brand?post=26839"},{"taxonomy":"product_cat","embeddable":true,"href":"https:\/\/logic-vault.com\/tr\/wp-json\/wp\/v2\/product_cat?post=26839"},{"taxonomy":"product_tag","embeddable":true,"href":"https:\/\/logic-vault.com\/tr\/wp-json\/wp\/v2\/product_tag?post=26839"}],"curies":[{"name":"wp","href":"https:\/\/api.w.org\/{rel}","templated":true}]}}