{"id":26835,"date":"2026-02-17T21:25:23","date_gmt":"2026-02-17T21:25:23","guid":{"rendered":"https:\/\/logic-vault.com\/product\/study-coach-homework-helper\/"},"modified":"2026-02-17T21:25:24","modified_gmt":"2026-02-17T21:25:24","slug":"study-coach-homework-helper","status":"publish","type":"product","link":"https:\/\/logic-vault.com\/tr\/urun\/study-coach-homework-helper\/","title":{"rendered":"\u00c7al\u0131\u015fma Ko\u00e7u \u00d6dev Yard\u0131mc\u0131s\u0131"},"content":{"rendered":"<p>Bu yapay zeka destekli \u00e7al\u0131\u015fma ko\u00e7u ve \u00f6dev yard\u0131mc\u0131s\u0131, ChatGPT&#039;yi sab\u0131rl\u0131, ad\u0131m ad\u0131m bir \u00f6zel \u00f6\u011fretmene d\u00f6n\u00fc\u015ft\u00fcr\u00fcyor. Kavramlar\u0131 net bir \u015fekilde a\u00e7\u0131kl\u0131yor, \u00f6\u011frencinin seviyesine uyum sa\u011fl\u0131yor, \u00f6rnekler kullan\u0131yor ve sadece cevap vermek yerine anlama d\u00fczeyini kontrol ediyor. \u00d6dev yard\u0131m\u0131, s\u0131nav haz\u0131rl\u0131\u011f\u0131 ve herhangi bir konuyu g\u00fcvenle \u00f6\u011frenmek i\u00e7in m\u00fckemmel. Matematik, fen, okuma ve yazma alanlar\u0131nda tekrar kullan\u0131labilir.<\/p>","protected":false},"excerpt":{"rendered":"<p>Bu yapay zeka destekli \u00e7al\u0131\u015fma ko\u00e7u ve \u00f6dev yard\u0131mc\u0131s\u0131, ChatGPT&#039;yi sab\u0131rl\u0131, ad\u0131m ad\u0131m bir \u00f6zel \u00f6\u011fretmene d\u00f6n\u00fc\u015ft\u00fcr\u00fcyor. Kavramlar\u0131 net bir \u015fekilde a\u00e7\u0131kl\u0131yor, \u00f6\u011frencinin seviyesine uyum sa\u011fl\u0131yor, \u00f6rnekler kullan\u0131yor ve sadece cevap vermek yerine anlama d\u00fczeyini kontrol ediyor. \u00d6dev yard\u0131m\u0131, s\u0131nav haz\u0131rl\u0131\u011f\u0131 ve herhangi bir konuyu g\u00fcvenle \u00f6\u011frenmek i\u00e7in m\u00fckemmel. Matematik, fen, okuma ve yazma alanlar\u0131nda tekrar kullan\u0131labilir.<\/p>","protected":false},"featured_media":26834,"comment_status":"open","ping_status":"closed","template":"","meta":[],"product_brand":[],"product_cat":[4098],"product_tag":[],"class_list":{"0":"post-26835","1":"product","2":"type-product","3":"status-publish","4":"has-post-thumbnail","6":"product_cat-education-learning","8":"first","9":"instock","10":"downloadable","11":"virtual","12":"product-type-simple"},"bundled_by":[],"bundle_stock_status":"instock","bundle_stock_quantity":null,"bundle_virtual":false,"bundle_layout":"","bundle_add_to_cart_form_location":"","bundle_editable_in_cart":false,"bundle_sold_individually_context":"","bundle_item_grouping":"","bundle_min_size":"","bundle_max_size":"","bundle_price":[],"bundled_items":[],"bundle_sell_ids":[],"_links":{"self":[{"href":"https:\/\/logic-vault.com\/tr\/wp-json\/wp\/v2\/product\/26835","targetHints":{"allow":["GET"]}}],"collection":[{"href":"https:\/\/logic-vault.com\/tr\/wp-json\/wp\/v2\/product"}],"about":[{"href":"https:\/\/logic-vault.com\/tr\/wp-json\/wp\/v2\/types\/product"}],"replies":[{"embeddable":true,"href":"https:\/\/logic-vault.com\/tr\/wp-json\/wp\/v2\/comments?post=26835"}],"wp:featuredmedia":[{"embeddable":true,"href":"https:\/\/logic-vault.com\/tr\/wp-json\/wp\/v2\/media\/26834"}],"wp:attachment":[{"href":"https:\/\/logic-vault.com\/tr\/wp-json\/wp\/v2\/media?parent=26835"}],"wp:term":[{"taxonomy":"product_brand","embeddable":true,"href":"https:\/\/logic-vault.com\/tr\/wp-json\/wp\/v2\/product_brand?post=26835"},{"taxonomy":"product_cat","embeddable":true,"href":"https:\/\/logic-vault.com\/tr\/wp-json\/wp\/v2\/product_cat?post=26835"},{"taxonomy":"product_tag","embeddable":true,"href":"https:\/\/logic-vault.com\/tr\/wp-json\/wp\/v2\/product_tag?post=26835"}],"curies":[{"name":"wp","href":"https:\/\/api.w.org\/{rel}","templated":true}]}}