{"id":26833,"date":"2026-02-17T21:25:23","date_gmt":"2026-02-17T21:25:23","guid":{"rendered":"https:\/\/logic-vault.com\/product\/teacher-parent-communication-toolkit\/"},"modified":"2026-02-17T21:25:23","modified_gmt":"2026-02-17T21:25:23","slug":"teacher-parent-communication-toolkit","status":"publish","type":"product","link":"https:\/\/logic-vault.com\/tr\/urun\/teacher-parent-communication-toolkit\/","title":{"rendered":"\u00d6\u011fretmen-Veli \u0130leti\u015fim Ara\u00e7 Kiti"},"content":{"rendered":"<p>Save hours on sensitive parent emails. Designed to reduce emotional stress and prevent conflicts. Generate professional, empathetic messages instantly.<\/p>\n<p>HANDLES DIFFICULT SITUATIONS:<br \/>\n* Late\/missing assignments<br \/>\n* Behavioral incidents<br \/>\n* Academic struggles<br \/>\n* Meeting requests with resistant parents<\/p>\n<p>FEATURES:<br \/>\n\u2705 Tone Control: Supportive, Firm, or Neutral.<br \/>\n\u2705 Conflict Shield: Uses objective language to diffuse emotion.<br \/>\n\u2705 Multi-Channel: Generates Email + SMS version.<\/p>\n<p>INPUT: cenario + Tone.<\/p>","protected":false},"excerpt":{"rendered":"<p>Save hours on sensitive parent emails. Designed to reduce emotional stress and prevent conflicts. Generate professional, empathetic messages instantly. HANDLES DIFFICULT SITUATIONS: * Late\/missing assignments * Behavioral incidents * Academic struggles * Meeting requests with resistant parents FEATURES: \u2705 Tone Control: Supportive, Firm, or Neutral. \u2705 Conflict Shield: Uses objective language to diffuse emotion. \u2705 [&hellip;]<\/p>\n","protected":false},"featured_media":26832,"comment_status":"open","ping_status":"closed","template":"","meta":[],"product_brand":[],"product_cat":[4098],"product_tag":[],"class_list":{"0":"post-26833","1":"product","2":"type-product","3":"status-publish","4":"has-post-thumbnail","6":"product_cat-education-learning","8":"first","9":"instock","10":"downloadable","11":"virtual","12":"product-type-simple"},"bundled_by":[],"bundle_stock_status":"instock","bundle_stock_quantity":null,"bundle_virtual":false,"bundle_layout":"","bundle_add_to_cart_form_location":"","bundle_editable_in_cart":false,"bundle_sold_individually_context":"","bundle_item_grouping":"","bundle_min_size":"","bundle_max_size":"","bundle_price":[],"bundled_items":[],"bundle_sell_ids":[],"_links":{"self":[{"href":"https:\/\/logic-vault.com\/tr\/wp-json\/wp\/v2\/product\/26833","targetHints":{"allow":["GET"]}}],"collection":[{"href":"https:\/\/logic-vault.com\/tr\/wp-json\/wp\/v2\/product"}],"about":[{"href":"https:\/\/logic-vault.com\/tr\/wp-json\/wp\/v2\/types\/product"}],"replies":[{"embeddable":true,"href":"https:\/\/logic-vault.com\/tr\/wp-json\/wp\/v2\/comments?post=26833"}],"wp:featuredmedia":[{"embeddable":true,"href":"https:\/\/logic-vault.com\/tr\/wp-json\/wp\/v2\/media\/26832"}],"wp:attachment":[{"href":"https:\/\/logic-vault.com\/tr\/wp-json\/wp\/v2\/media?parent=26833"}],"wp:term":[{"taxonomy":"product_brand","embeddable":true,"href":"https:\/\/logic-vault.com\/tr\/wp-json\/wp\/v2\/product_brand?post=26833"},{"taxonomy":"product_cat","embeddable":true,"href":"https:\/\/logic-vault.com\/tr\/wp-json\/wp\/v2\/product_cat?post=26833"},{"taxonomy":"product_tag","embeddable":true,"href":"https:\/\/logic-vault.com\/tr\/wp-json\/wp\/v2\/product_tag?post=26833"}],"curies":[{"name":"wp","href":"https:\/\/api.w.org\/{rel}","templated":true}]}}