{"id":26825,"date":"2026-02-17T21:25:22","date_gmt":"2026-02-17T21:25:22","guid":{"rendered":"https:\/\/logic-vault.com\/product\/learning-style-discoverer\/"},"modified":"2026-02-17T21:25:22","modified_gmt":"2026-02-17T21:25:22","slug":"learning-style-discoverer","status":"publish","type":"product","link":"https:\/\/logic-vault.com\/tr\/urun\/learning-style-discoverer\/","title":{"rendered":"\u00d6\u011frenme Stili Ke\u015fif Arac\u0131"},"content":{"rendered":"<p>\u00d6\u011frenme tarz\u0131n\u0131z\u0131n kapsaml\u0131 bir analizini ve kendi kendine \u00f6\u011frenme yolculu\u011funuzu geli\u015ftirmek i\u00e7in ki\u015fiselle\u015ftirilmi\u015f stratejiler alacaks\u0131n\u0131z. Bu ara\u00e7, benzersiz \u00f6\u011frenme tercihlerinizi anlaman\u0131za ve \u00f6\u011frenme deneyiminizi optimize etmek i\u00e7in uygulanabilir ad\u0131mlar sunman\u0131za yard\u0131mc\u0131 olmak \u00fczere tasarlanm\u0131\u015ft\u0131r.<\/p>","protected":false},"excerpt":{"rendered":"<p>\u00d6\u011frenme tarz\u0131n\u0131z\u0131n kapsaml\u0131 bir analizini ve kendi kendine \u00f6\u011frenme yolculu\u011funuzu geli\u015ftirmek i\u00e7in ki\u015fiselle\u015ftirilmi\u015f stratejiler alacaks\u0131n\u0131z. Bu ara\u00e7, benzersiz \u00f6\u011frenme tercihlerinizi anlaman\u0131za ve \u00f6\u011frenme deneyiminizi optimize etmek i\u00e7in uygulanabilir ad\u0131mlar sunman\u0131za yard\u0131mc\u0131 olmak \u00fczere tasarlanm\u0131\u015ft\u0131r.<\/p>","protected":false},"featured_media":26824,"comment_status":"open","ping_status":"closed","template":"","meta":[],"product_brand":[],"product_cat":[4098],"product_tag":[],"class_list":{"0":"post-26825","1":"product","2":"type-product","3":"status-publish","4":"has-post-thumbnail","6":"product_cat-education-learning","8":"first","9":"instock","10":"downloadable","11":"virtual","12":"product-type-simple"},"bundled_by":[],"bundle_stock_status":"instock","bundle_stock_quantity":null,"bundle_virtual":false,"bundle_layout":"","bundle_add_to_cart_form_location":"","bundle_editable_in_cart":false,"bundle_sold_individually_context":"","bundle_item_grouping":"","bundle_min_size":"","bundle_max_size":"","bundle_price":[],"bundled_items":[],"bundle_sell_ids":[],"_links":{"self":[{"href":"https:\/\/logic-vault.com\/tr\/wp-json\/wp\/v2\/product\/26825","targetHints":{"allow":["GET"]}}],"collection":[{"href":"https:\/\/logic-vault.com\/tr\/wp-json\/wp\/v2\/product"}],"about":[{"href":"https:\/\/logic-vault.com\/tr\/wp-json\/wp\/v2\/types\/product"}],"replies":[{"embeddable":true,"href":"https:\/\/logic-vault.com\/tr\/wp-json\/wp\/v2\/comments?post=26825"}],"wp:featuredmedia":[{"embeddable":true,"href":"https:\/\/logic-vault.com\/tr\/wp-json\/wp\/v2\/media\/26824"}],"wp:attachment":[{"href":"https:\/\/logic-vault.com\/tr\/wp-json\/wp\/v2\/media?parent=26825"}],"wp:term":[{"taxonomy":"product_brand","embeddable":true,"href":"https:\/\/logic-vault.com\/tr\/wp-json\/wp\/v2\/product_brand?post=26825"},{"taxonomy":"product_cat","embeddable":true,"href":"https:\/\/logic-vault.com\/tr\/wp-json\/wp\/v2\/product_cat?post=26825"},{"taxonomy":"product_tag","embeddable":true,"href":"https:\/\/logic-vault.com\/tr\/wp-json\/wp\/v2\/product_tag?post=26825"}],"curies":[{"name":"wp","href":"https:\/\/api.w.org\/{rel}","templated":true}]}}