{"id":26821,"date":"2026-02-17T21:25:21","date_gmt":"2026-02-17T21:25:21","guid":{"rendered":"https:\/\/logic-vault.com\/product\/writing-your-way-to-a\/"},"modified":"2026-02-17T21:25:21","modified_gmt":"2026-02-17T21:25:21","slug":"writing-your-way-to-a","status":"publish","type":"product","link":"https:\/\/logic-vault.com\/tr\/urun\/writing-your-way-to-a\/","title":{"rendered":"Yazarak Bir \u015eeye Ula\u015f\u0131n"},"content":{"rendered":"<p>Bu ara\u00e7, kelimelerinizi yeniden yazman\u0131za gerek kalmadan, yaz\u0131n\u0131z hakk\u0131nda ki\u015fiselle\u015ftirilmi\u015f ve yap\u0131c\u0131 geri bildirim sa\u011flar. Mevcut not seviyenizi anlaman\u0131za yard\u0131mc\u0131 olur ve A+ seviyesine ula\u015fman\u0131z i\u00e7in hedefli \u00f6neriler sunar, b\u00f6ylece ba\u015far\u0131n\u0131z\u0131n yazar\u0131 siz olursunuz.<\/p>","protected":false},"excerpt":{"rendered":"<p>Bu ara\u00e7, kelimelerinizi yeniden yazman\u0131za gerek kalmadan, yaz\u0131n\u0131z hakk\u0131nda ki\u015fiselle\u015ftirilmi\u015f ve yap\u0131c\u0131 geri bildirim sa\u011flar. Mevcut not seviyenizi anlaman\u0131za yard\u0131mc\u0131 olur ve A+ seviyesine ula\u015fman\u0131z i\u00e7in hedefli \u00f6neriler sunar, b\u00f6ylece ba\u015far\u0131n\u0131z\u0131n yazar\u0131 siz olursunuz.<\/p>","protected":false},"featured_media":26820,"comment_status":"open","ping_status":"closed","template":"","meta":[],"product_brand":[],"product_cat":[4098],"product_tag":[],"class_list":{"0":"post-26821","1":"product","2":"type-product","3":"status-publish","4":"has-post-thumbnail","6":"product_cat-education-learning","8":"first","9":"instock","10":"downloadable","11":"virtual","12":"product-type-simple"},"bundled_by":[],"bundle_stock_status":"instock","bundle_stock_quantity":null,"bundle_virtual":false,"bundle_layout":"","bundle_add_to_cart_form_location":"","bundle_editable_in_cart":false,"bundle_sold_individually_context":"","bundle_item_grouping":"","bundle_min_size":"","bundle_max_size":"","bundle_price":[],"bundled_items":[],"bundle_sell_ids":[],"_links":{"self":[{"href":"https:\/\/logic-vault.com\/tr\/wp-json\/wp\/v2\/product\/26821","targetHints":{"allow":["GET"]}}],"collection":[{"href":"https:\/\/logic-vault.com\/tr\/wp-json\/wp\/v2\/product"}],"about":[{"href":"https:\/\/logic-vault.com\/tr\/wp-json\/wp\/v2\/types\/product"}],"replies":[{"embeddable":true,"href":"https:\/\/logic-vault.com\/tr\/wp-json\/wp\/v2\/comments?post=26821"}],"wp:featuredmedia":[{"embeddable":true,"href":"https:\/\/logic-vault.com\/tr\/wp-json\/wp\/v2\/media\/26820"}],"wp:attachment":[{"href":"https:\/\/logic-vault.com\/tr\/wp-json\/wp\/v2\/media?parent=26821"}],"wp:term":[{"taxonomy":"product_brand","embeddable":true,"href":"https:\/\/logic-vault.com\/tr\/wp-json\/wp\/v2\/product_brand?post=26821"},{"taxonomy":"product_cat","embeddable":true,"href":"https:\/\/logic-vault.com\/tr\/wp-json\/wp\/v2\/product_cat?post=26821"},{"taxonomy":"product_tag","embeddable":true,"href":"https:\/\/logic-vault.com\/tr\/wp-json\/wp\/v2\/product_tag?post=26821"}],"curies":[{"name":"wp","href":"https:\/\/api.w.org\/{rel}","templated":true}]}}