{"id":26817,"date":"2026-02-17T21:25:21","date_gmt":"2026-02-17T21:25:21","guid":{"rendered":"https:\/\/logic-vault.com\/product\/idea-igniter\/"},"modified":"2026-02-17T21:25:21","modified_gmt":"2026-02-17T21:25:21","slug":"idea-igniter","status":"publish","type":"product","link":"https:\/\/logic-vault.com\/tr\/urun\/idea-igniter\/","title":{"rendered":"Fikir Ate\u015fleyici"},"content":{"rendered":"<p>Bu komut, yapay zekan\u0131n belirli bir sekt\u00f6r ve hedef kitle i\u00e7in i\u00e7erik fikirleri \u00fcretmesini y\u00f6nlendirir. \u015eunlar\u0131 ister:<br \/>\n1. Sekt\u00f6r trend analizi<br \/>\n2. \u0130zleyici ilgisinin dikkate al\u0131nmas\u0131<br \/>\n3. 10+ ilgili konu<br \/>\n4. Konuyla ilgili k\u0131sa a\u00e7\u0131klamalar<\/p>\n<p>Yapay zek\u00e2, profesyonel bir \u00fcslup kullanarak, derinlik potansiyeli ta\u015f\u0131yan, sekt\u00f6rle ilgili ve tart\u0131\u015fmal\u0131 olmayan konulara odaklanmal\u0131d\u0131r. Ama\u00e7, i\u00e7erik olu\u015fturucular\u0131n portf\u00f6ylerini ilgi \u00e7ekici ve hedef odakl\u0131 fikirlerle geni\u015fletmelerine yard\u0131mc\u0131 olmakt\u0131r.<\/p>","protected":false},"excerpt":{"rendered":"<p>This prompt guides an AI to generate content ideas for a specific industry and audience. It requests: 1. Industry trend analysis 2. Audience interest consideration 3. 10+ relevant topics 4. Brief topic relevance explanations Using a professional tone, the AI should focus on industry-related, non-controversial subjects with depth potential. The goal is to help content [&hellip;]<\/p>\n","protected":false},"featured_media":26816,"comment_status":"open","ping_status":"closed","template":"","meta":[],"product_brand":[],"product_cat":[4098],"product_tag":[],"class_list":{"0":"post-26817","1":"product","2":"type-product","3":"status-publish","4":"has-post-thumbnail","6":"product_cat-education-learning","8":"first","9":"instock","10":"downloadable","11":"virtual","12":"product-type-simple"},"bundled_by":[],"bundle_stock_status":"instock","bundle_stock_quantity":null,"bundle_virtual":false,"bundle_layout":"","bundle_add_to_cart_form_location":"","bundle_editable_in_cart":false,"bundle_sold_individually_context":"","bundle_item_grouping":"","bundle_min_size":"","bundle_max_size":"","bundle_price":[],"bundled_items":[],"bundle_sell_ids":[],"_links":{"self":[{"href":"https:\/\/logic-vault.com\/tr\/wp-json\/wp\/v2\/product\/26817","targetHints":{"allow":["GET"]}}],"collection":[{"href":"https:\/\/logic-vault.com\/tr\/wp-json\/wp\/v2\/product"}],"about":[{"href":"https:\/\/logic-vault.com\/tr\/wp-json\/wp\/v2\/types\/product"}],"replies":[{"embeddable":true,"href":"https:\/\/logic-vault.com\/tr\/wp-json\/wp\/v2\/comments?post=26817"}],"wp:featuredmedia":[{"embeddable":true,"href":"https:\/\/logic-vault.com\/tr\/wp-json\/wp\/v2\/media\/26816"}],"wp:attachment":[{"href":"https:\/\/logic-vault.com\/tr\/wp-json\/wp\/v2\/media?parent=26817"}],"wp:term":[{"taxonomy":"product_brand","embeddable":true,"href":"https:\/\/logic-vault.com\/tr\/wp-json\/wp\/v2\/product_brand?post=26817"},{"taxonomy":"product_cat","embeddable":true,"href":"https:\/\/logic-vault.com\/tr\/wp-json\/wp\/v2\/product_cat?post=26817"},{"taxonomy":"product_tag","embeddable":true,"href":"https:\/\/logic-vault.com\/tr\/wp-json\/wp\/v2\/product_tag?post=26817"}],"curies":[{"name":"wp","href":"https:\/\/api.w.org\/{rel}","templated":true}]}}