{"id":26815,"date":"2026-02-17T21:25:20","date_gmt":"2026-02-17T21:25:20","guid":{"rendered":"https:\/\/logic-vault.com\/product\/critical-thinking-prompt-generator\/"},"modified":"2026-02-17T21:25:20","modified_gmt":"2026-02-17T21:25:20","slug":"critical-thinking-prompt-generator","status":"publish","type":"product","link":"https:\/\/logic-vault.com\/tr\/urun\/critical-thinking-prompt-generator\/","title":{"rendered":"Ele\u015ftirel D\u00fc\u015f\u00fcnme Sorusu Olu\u015fturucu"},"content":{"rendered":"<p>Bilgi alanlar\u0131nda \u00fcst d\u00fczey bili\u015fsel s\u00fcre\u00e7leri harekete ge\u00e7iren, hedef odakl\u0131 ele\u015ftirel d\u00fc\u015f\u00fcnme sorular\u0131 tasarlamak i\u00e7in kapsaml\u0131 bir \u00e7er\u00e7eve. Belirli hedef kitleler ve e\u011fitim ba\u011flamlar\u0131 i\u00e7in karma\u015f\u0131k d\u00fc\u015f\u00fcnme s\u00fcre\u00e7lerini desteklerken analitik ak\u0131l y\u00fcr\u00fctmeyi, de\u011ferlendirme becerilerini ve bak\u0131\u015f a\u00e7\u0131s\u0131 kazanmay\u0131 te\u015fvik eden \u00f6zelle\u015ftirilmi\u015f soru setleri olu\u015fturun.<\/p>","protected":false},"excerpt":{"rendered":"<p>Bilgi alanlar\u0131nda \u00fcst d\u00fczey bili\u015fsel s\u00fcre\u00e7leri harekete ge\u00e7iren, hedef odakl\u0131 ele\u015ftirel d\u00fc\u015f\u00fcnme sorular\u0131 tasarlamak i\u00e7in kapsaml\u0131 bir \u00e7er\u00e7eve. Belirli hedef kitleler ve e\u011fitim ba\u011flamlar\u0131 i\u00e7in karma\u015f\u0131k d\u00fc\u015f\u00fcnme s\u00fcre\u00e7lerini desteklerken analitik ak\u0131l y\u00fcr\u00fctmeyi, de\u011ferlendirme becerilerini ve bak\u0131\u015f a\u00e7\u0131s\u0131 kazanmay\u0131 te\u015fvik eden \u00f6zelle\u015ftirilmi\u015f soru setleri olu\u015fturun.<\/p>","protected":false},"featured_media":26814,"comment_status":"open","ping_status":"closed","template":"","meta":[],"product_brand":[],"product_cat":[4098],"product_tag":[],"class_list":{"0":"post-26815","1":"product","2":"type-product","3":"status-publish","4":"has-post-thumbnail","6":"product_cat-education-learning","8":"first","9":"instock","10":"downloadable","11":"virtual","12":"product-type-simple"},"bundled_by":[],"bundle_stock_status":"instock","bundle_stock_quantity":null,"bundle_virtual":false,"bundle_layout":"","bundle_add_to_cart_form_location":"","bundle_editable_in_cart":false,"bundle_sold_individually_context":"","bundle_item_grouping":"","bundle_min_size":"","bundle_max_size":"","bundle_price":[],"bundled_items":[],"bundle_sell_ids":[],"_links":{"self":[{"href":"https:\/\/logic-vault.com\/tr\/wp-json\/wp\/v2\/product\/26815","targetHints":{"allow":["GET"]}}],"collection":[{"href":"https:\/\/logic-vault.com\/tr\/wp-json\/wp\/v2\/product"}],"about":[{"href":"https:\/\/logic-vault.com\/tr\/wp-json\/wp\/v2\/types\/product"}],"replies":[{"embeddable":true,"href":"https:\/\/logic-vault.com\/tr\/wp-json\/wp\/v2\/comments?post=26815"}],"wp:featuredmedia":[{"embeddable":true,"href":"https:\/\/logic-vault.com\/tr\/wp-json\/wp\/v2\/media\/26814"}],"wp:attachment":[{"href":"https:\/\/logic-vault.com\/tr\/wp-json\/wp\/v2\/media?parent=26815"}],"wp:term":[{"taxonomy":"product_brand","embeddable":true,"href":"https:\/\/logic-vault.com\/tr\/wp-json\/wp\/v2\/product_brand?post=26815"},{"taxonomy":"product_cat","embeddable":true,"href":"https:\/\/logic-vault.com\/tr\/wp-json\/wp\/v2\/product_cat?post=26815"},{"taxonomy":"product_tag","embeddable":true,"href":"https:\/\/logic-vault.com\/tr\/wp-json\/wp\/v2\/product_tag?post=26815"}],"curies":[{"name":"wp","href":"https:\/\/api.w.org\/{rel}","templated":true}]}}