{"id":26813,"date":"2026-02-17T21:25:20","date_gmt":"2026-02-17T21:25:20","guid":{"rendered":"https:\/\/logic-vault.com\/product\/tree-of-thought-gpt\/"},"modified":"2026-02-17T21:25:20","modified_gmt":"2026-02-17T21:25:20","slug":"tree-of-thought-gpt","status":"publish","type":"product","link":"https:\/\/logic-vault.com\/tr\/urun\/tree-of-thought-gpt\/","title":{"rendered":"D\u00fc\u015f\u00fcnce A\u011fac\u0131 Gpt"},"content":{"rendered":"<p>\ud83d\ude23\u0130lgi \u00e7ekici ve birbiriyle ba\u011flant\u0131l\u0131 fikirler \u00fcretmekte zorlan\u0131yor musunuz?<\/p>\n<p>\ud83d\udce2 D\u00fc\u015f\u00fcnce A\u011fac\u0131 GPT&#039;yi Tan\u0131t\u0131yoruz\ud83d\udce2<\/p>\n<p>\ud83d\udcbbKullan\u0131m\u0131 kolay arac\u0131m\u0131z:<br \/>\n\u2705Giri\u015f verilerinizi ayr\u0131\u015ft\u0131r\u0131r<br \/>\n\u2705Konulara ve alt konulara ayr\u0131l\u0131r<br \/>\n\u2705Hedef odakl\u0131 y\u00f6nlendirmelerin canl\u0131 bir b\u00fct\u00fcn\u00fcne d\u00f6n\u00fc\u015f\u00fcyor <\/p>\n<p>Sadece giri\u015finizi ekleyin.<br \/>\nVe arac\u0131m\u0131z gerisini halledecek.<\/p>\n<p>\ud83c\udf1fD\u00fc\u015f\u00fcnce A\u011fac\u0131 GPT&#039;mizi deneyin ve birbirine ba\u011fl\u0131 ipu\u00e7lar\u0131n\u0131n g\u00fcc\u00fcn\u00fc ke\u015ffedin\ud83c\udf1f<\/p>","protected":false},"excerpt":{"rendered":"<p>\ud83d\ude23Struggling to generate captivating and interconnected ideas? \ud83d\udce2 Introducing the Tree of Thought GPT\ud83d\udce2 \ud83d\udcbbOur easy-to-use tool: \u2705Breaks down your input \u2705Branches into topics and subtopics \u2705Blossoms into a vibrant ensemble of goal-oriented prompts JUST insert your input AND our tool will do the rest \ud83c\udf1fTRY our Tree of Thought GPT and Embrace the power [&hellip;]<\/p>\n","protected":false},"featured_media":26812,"comment_status":"open","ping_status":"closed","template":"","meta":[],"product_brand":[],"product_cat":[4098],"product_tag":[],"class_list":{"0":"post-26813","1":"product","2":"type-product","3":"status-publish","4":"has-post-thumbnail","6":"product_cat-education-learning","8":"first","9":"instock","10":"downloadable","11":"virtual","12":"product-type-simple"},"bundled_by":[],"bundle_stock_status":"instock","bundle_stock_quantity":null,"bundle_virtual":false,"bundle_layout":"","bundle_add_to_cart_form_location":"","bundle_editable_in_cart":false,"bundle_sold_individually_context":"","bundle_item_grouping":"","bundle_min_size":"","bundle_max_size":"","bundle_price":[],"bundled_items":[],"bundle_sell_ids":[],"_links":{"self":[{"href":"https:\/\/logic-vault.com\/tr\/wp-json\/wp\/v2\/product\/26813","targetHints":{"allow":["GET"]}}],"collection":[{"href":"https:\/\/logic-vault.com\/tr\/wp-json\/wp\/v2\/product"}],"about":[{"href":"https:\/\/logic-vault.com\/tr\/wp-json\/wp\/v2\/types\/product"}],"replies":[{"embeddable":true,"href":"https:\/\/logic-vault.com\/tr\/wp-json\/wp\/v2\/comments?post=26813"}],"wp:featuredmedia":[{"embeddable":true,"href":"https:\/\/logic-vault.com\/tr\/wp-json\/wp\/v2\/media\/26812"}],"wp:attachment":[{"href":"https:\/\/logic-vault.com\/tr\/wp-json\/wp\/v2\/media?parent=26813"}],"wp:term":[{"taxonomy":"product_brand","embeddable":true,"href":"https:\/\/logic-vault.com\/tr\/wp-json\/wp\/v2\/product_brand?post=26813"},{"taxonomy":"product_cat","embeddable":true,"href":"https:\/\/logic-vault.com\/tr\/wp-json\/wp\/v2\/product_cat?post=26813"},{"taxonomy":"product_tag","embeddable":true,"href":"https:\/\/logic-vault.com\/tr\/wp-json\/wp\/v2\/product_tag?post=26813"}],"curies":[{"name":"wp","href":"https:\/\/api.w.org\/{rel}","templated":true}]}}