{"id":26811,"date":"2026-02-17T21:25:20","date_gmt":"2026-02-17T21:25:20","guid":{"rendered":"https:\/\/logic-vault.com\/product\/deep-research-search-query-generator\/"},"modified":"2026-02-17T21:25:20","modified_gmt":"2026-02-17T21:25:20","slug":"deep-research-search-query-generator","status":"publish","type":"product","link":"https:\/\/logic-vault.com\/tr\/urun\/deep-research-search-query-generator\/","title":{"rendered":"Derinlemesine Ara\u015ft\u0131rma Arama Sorgusu Olu\u015fturucu"},"content":{"rendered":"<p>Bu \u015fablon, ara\u015ft\u0131rmac\u0131lar\u0131 belirli ara\u015ft\u0131rma alanlar\u0131na, ara\u015ft\u0131rma hedeflerine, metodolojik yakla\u015f\u0131mlara ve bilgi entegrasyonu gereksinimlerine g\u00f6re uyarlanm\u0131\u015f sistematik bilgi ke\u015ffi, kan\u0131t de\u011ferlendirmesi ve i\u00e7g\u00f6r\u00fc geli\u015ftirme s\u00fcre\u00e7lerinde y\u00f6nlendiren, hassas bir \u015fekilde kalibre edilmi\u015f arama stratejileri olu\u015fturur.<br \/>\n\u2014<br \/>\nGemini, ChatGPT ve Perplexity&#039;de Derin Ara\u015ft\u0131rma modu i\u00e7in optimize edilmi\u015f komut istemi.<\/p>","protected":false},"excerpt":{"rendered":"<p>This template generates precisely calibrated search strategies that guide researchers through systematic information discovery, evidence evaluation, and insight development tailored to specific research domains, investigative objectives, methodological approaches, and knowledge integration requirements. &#8212; Optimized prompt for Deep Research mode in Gemini, ChatGPT, and Perplexity<\/p>","protected":false},"featured_media":26810,"comment_status":"open","ping_status":"closed","template":"","meta":[],"product_brand":[],"product_cat":[4098],"product_tag":[],"class_list":{"0":"post-26811","1":"product","2":"type-product","3":"status-publish","4":"has-post-thumbnail","6":"product_cat-education-learning","8":"first","9":"instock","10":"downloadable","11":"virtual","12":"product-type-simple"},"bundled_by":[],"bundle_stock_status":"instock","bundle_stock_quantity":null,"bundle_virtual":false,"bundle_layout":"","bundle_add_to_cart_form_location":"","bundle_editable_in_cart":false,"bundle_sold_individually_context":"","bundle_item_grouping":"","bundle_min_size":"","bundle_max_size":"","bundle_price":[],"bundled_items":[],"bundle_sell_ids":[],"_links":{"self":[{"href":"https:\/\/logic-vault.com\/tr\/wp-json\/wp\/v2\/product\/26811","targetHints":{"allow":["GET"]}}],"collection":[{"href":"https:\/\/logic-vault.com\/tr\/wp-json\/wp\/v2\/product"}],"about":[{"href":"https:\/\/logic-vault.com\/tr\/wp-json\/wp\/v2\/types\/product"}],"replies":[{"embeddable":true,"href":"https:\/\/logic-vault.com\/tr\/wp-json\/wp\/v2\/comments?post=26811"}],"wp:featuredmedia":[{"embeddable":true,"href":"https:\/\/logic-vault.com\/tr\/wp-json\/wp\/v2\/media\/26810"}],"wp:attachment":[{"href":"https:\/\/logic-vault.com\/tr\/wp-json\/wp\/v2\/media?parent=26811"}],"wp:term":[{"taxonomy":"product_brand","embeddable":true,"href":"https:\/\/logic-vault.com\/tr\/wp-json\/wp\/v2\/product_brand?post=26811"},{"taxonomy":"product_cat","embeddable":true,"href":"https:\/\/logic-vault.com\/tr\/wp-json\/wp\/v2\/product_cat?post=26811"},{"taxonomy":"product_tag","embeddable":true,"href":"https:\/\/logic-vault.com\/tr\/wp-json\/wp\/v2\/product_tag?post=26811"}],"curies":[{"name":"wp","href":"https:\/\/api.w.org\/{rel}","templated":true}]}}