{"id":26807,"date":"2026-02-17T21:25:19","date_gmt":"2026-02-17T21:25:19","guid":{"rendered":"https:\/\/logic-vault.com\/product\/reflective-reasoning-optimization\/"},"modified":"2026-02-17T21:25:19","modified_gmt":"2026-02-17T21:25:19","slug":"reflective-reasoning-optimization","status":"publish","type":"product","link":"https:\/\/logic-vault.com\/tr\/urun\/reflective-reasoning-optimization\/","title":{"rendered":"Yans\u0131t\u0131c\u0131 Ak\u0131l Y\u00fcr\u00fctme Optimizasyonu"},"content":{"rendered":"<p>\u0130stemleri, yinelemeli ak\u0131l y\u00fcr\u00fctme de\u011ferlendirmesini kullanan, kendi kendini yans\u0131tan Meta D\u00fc\u015f\u00fcnce Zinciri yap\u0131lar\u0131na d\u00f6n\u00fc\u015ft\u00fcrmek i\u00e7in kapsaml\u0131 bir \u00e7er\u00e7eve. A\u00e7\u0131k ak\u0131l y\u00fcr\u00fctme, stratejik d\u00fc\u015f\u00fcnme noktalar\u0131, g\u00fcven kalibrasyonu ve uzman insan meta bili\u015fini yans\u0131tan s\u00fcrekli iyile\u015ftirme d\u00f6ng\u00fcleri yoluyla problem \u00e7\u00f6zmeyi geli\u015ftirerek \u00fcst\u00fcn analitik sonu\u00e7lar elde edin.<\/p>","protected":false},"excerpt":{"rendered":"<p>\u0130stemleri, yinelemeli ak\u0131l y\u00fcr\u00fctme de\u011ferlendirmesini kullanan, kendi kendini yans\u0131tan Meta D\u00fc\u015f\u00fcnce Zinciri yap\u0131lar\u0131na d\u00f6n\u00fc\u015ft\u00fcrmek i\u00e7in kapsaml\u0131 bir \u00e7er\u00e7eve. A\u00e7\u0131k ak\u0131l y\u00fcr\u00fctme, stratejik d\u00fc\u015f\u00fcnme noktalar\u0131, g\u00fcven kalibrasyonu ve uzman insan meta bili\u015fini yans\u0131tan s\u00fcrekli iyile\u015ftirme d\u00f6ng\u00fcleri yoluyla problem \u00e7\u00f6zmeyi geli\u015ftirerek \u00fcst\u00fcn analitik sonu\u00e7lar elde edin.<\/p>","protected":false},"featured_media":26806,"comment_status":"open","ping_status":"closed","template":"","meta":[],"product_brand":[],"product_cat":[4098],"product_tag":[],"class_list":{"0":"post-26807","1":"product","2":"type-product","3":"status-publish","4":"has-post-thumbnail","6":"product_cat-education-learning","8":"first","9":"instock","10":"downloadable","11":"virtual","12":"product-type-simple"},"bundled_by":[],"bundle_stock_status":"instock","bundle_stock_quantity":null,"bundle_virtual":false,"bundle_layout":"","bundle_add_to_cart_form_location":"","bundle_editable_in_cart":false,"bundle_sold_individually_context":"","bundle_item_grouping":"","bundle_min_size":"","bundle_max_size":"","bundle_price":[],"bundled_items":[],"bundle_sell_ids":[],"_links":{"self":[{"href":"https:\/\/logic-vault.com\/tr\/wp-json\/wp\/v2\/product\/26807","targetHints":{"allow":["GET"]}}],"collection":[{"href":"https:\/\/logic-vault.com\/tr\/wp-json\/wp\/v2\/product"}],"about":[{"href":"https:\/\/logic-vault.com\/tr\/wp-json\/wp\/v2\/types\/product"}],"replies":[{"embeddable":true,"href":"https:\/\/logic-vault.com\/tr\/wp-json\/wp\/v2\/comments?post=26807"}],"wp:featuredmedia":[{"embeddable":true,"href":"https:\/\/logic-vault.com\/tr\/wp-json\/wp\/v2\/media\/26806"}],"wp:attachment":[{"href":"https:\/\/logic-vault.com\/tr\/wp-json\/wp\/v2\/media?parent=26807"}],"wp:term":[{"taxonomy":"product_brand","embeddable":true,"href":"https:\/\/logic-vault.com\/tr\/wp-json\/wp\/v2\/product_brand?post=26807"},{"taxonomy":"product_cat","embeddable":true,"href":"https:\/\/logic-vault.com\/tr\/wp-json\/wp\/v2\/product_cat?post=26807"},{"taxonomy":"product_tag","embeddable":true,"href":"https:\/\/logic-vault.com\/tr\/wp-json\/wp\/v2\/product_tag?post=26807"}],"curies":[{"name":"wp","href":"https:\/\/api.w.org\/{rel}","templated":true}]}}