{"id":26805,"date":"2026-02-17T21:25:18","date_gmt":"2026-02-17T21:25:18","guid":{"rendered":"https:\/\/logic-vault.com\/product\/humanize-chatgpt\/"},"modified":"2026-02-17T21:25:19","modified_gmt":"2026-02-17T21:25:19","slug":"humanize-chatgpt","status":"publish","type":"product","link":"https:\/\/logic-vault.com\/tr\/urun\/humanize-chatgpt\/","title":{"rendered":"Chatgpt&#039;yi \u0130nsanla\u015ft\u0131r"},"content":{"rendered":"<p>Humanize every text you&#8217;ve got!<\/p>\n<p>\ud83d\udd04 Frequently updated: up to date with AI detectors<br \/>\n\ud83d\ude0a Easy to use: copy-paste<br \/>\n\ud83c\udf0d Unusual texts: works for every type of text<\/p>\n<p>And here&#8217;s what you get:<\/p>\n<p>\u2705 A quality content marked text<br \/>\n\u2705 A text categorized as very low to zero AI writing<br \/>\n\u2705 A more audience-optimized content<br \/>\n\u2705 More trust<\/p>\n<p>Trust me on this&#8230;<\/p>\n<p>This is the single REAL bot-to-human text converter you can ever find.<\/p>\n<p>\ud83c\udf81Leave a review and you get to choose a prompt to get for free!<\/p>","protected":false},"excerpt":{"rendered":"<p>Humanize every text you&#8217;ve got! \ud83d\udd04 Frequently updated: up to date with AI detectors \ud83d\ude0a Easy to use: copy-paste \ud83c\udf0d Unusual texts: works for every type of text And here&#8217;s what you get: \u2705 A quality content marked text \u2705 A text categorized as very low to zero AI writing \u2705 A more audience-optimized content [&hellip;]<\/p>\n","protected":false},"featured_media":26804,"comment_status":"open","ping_status":"closed","template":"","meta":[],"product_brand":[],"product_cat":[4101],"product_tag":[],"class_list":{"0":"post-26805","1":"product","2":"type-product","3":"status-publish","4":"has-post-thumbnail","6":"product_cat-productivity-automation","8":"first","9":"instock","10":"downloadable","11":"virtual","12":"product-type-simple"},"bundled_by":[],"bundle_stock_status":"instock","bundle_stock_quantity":null,"bundle_virtual":false,"bundle_layout":"","bundle_add_to_cart_form_location":"","bundle_editable_in_cart":false,"bundle_sold_individually_context":"","bundle_item_grouping":"","bundle_min_size":"","bundle_max_size":"","bundle_price":[],"bundled_items":[],"bundle_sell_ids":[],"_links":{"self":[{"href":"https:\/\/logic-vault.com\/tr\/wp-json\/wp\/v2\/product\/26805","targetHints":{"allow":["GET"]}}],"collection":[{"href":"https:\/\/logic-vault.com\/tr\/wp-json\/wp\/v2\/product"}],"about":[{"href":"https:\/\/logic-vault.com\/tr\/wp-json\/wp\/v2\/types\/product"}],"replies":[{"embeddable":true,"href":"https:\/\/logic-vault.com\/tr\/wp-json\/wp\/v2\/comments?post=26805"}],"wp:featuredmedia":[{"embeddable":true,"href":"https:\/\/logic-vault.com\/tr\/wp-json\/wp\/v2\/media\/26804"}],"wp:attachment":[{"href":"https:\/\/logic-vault.com\/tr\/wp-json\/wp\/v2\/media?parent=26805"}],"wp:term":[{"taxonomy":"product_brand","embeddable":true,"href":"https:\/\/logic-vault.com\/tr\/wp-json\/wp\/v2\/product_brand?post=26805"},{"taxonomy":"product_cat","embeddable":true,"href":"https:\/\/logic-vault.com\/tr\/wp-json\/wp\/v2\/product_cat?post=26805"},{"taxonomy":"product_tag","embeddable":true,"href":"https:\/\/logic-vault.com\/tr\/wp-json\/wp\/v2\/product_tag?post=26805"}],"curies":[{"name":"wp","href":"https:\/\/api.w.org\/{rel}","templated":true}]}}