{"id":26801,"date":"2026-02-17T21:25:16","date_gmt":"2026-02-17T21:25:16","guid":{"rendered":"https:\/\/logic-vault.com\/product\/human-like-seo-optimized-blog-articles\/"},"modified":"2026-02-17T21:25:16","modified_gmt":"2026-02-17T21:25:16","slug":"human-like-seo-optimized-blog-articles","status":"publish","type":"product","link":"https:\/\/logic-vault.com\/tr\/urun\/human-like-seo-optimized-blog-articles\/","title":{"rendered":"\u0130nsan benzeri SEO optimizasyonlu blog yaz\u0131lar\u0131"},"content":{"rendered":"<p>\ud83d\udcdd Ger\u00e7ek insanlar taraf\u0131ndan yaz\u0131lm\u0131\u015f gibi duran blog yaz\u0131lar\u0131 olu\u015fturun!\ud83d\ude4b\u200d\u2642\ufe0f\ud83d\ude4b\u200d\u2640\ufe0f<\/p>\n<p>Birinci \u015fah\u0131s anlat\u0131m\u0131yla olu\u015fturulan bu g\u00f6nderiler, yarat\u0131c\u0131l\u0131kla dolup ta\u015farken, yapay zek\u00e2 metin s\u0131n\u0131fland\u0131r\u0131c\u0131lar\u0131ndan da ustaca ka\u00e7\u0131n\u0131yor.\ud83d\udd75\ufe0f\u200d\u2642\ufe0f\u2753.<\/p>\n<p>\u00d6zelle\u015ftirmesi \u00e7ok kolay! T\u00fcm kontrol sizde! <\/p>\n<p>\ud83c\udfae GPT 3.5, GPT4-o ve GPT 4 ile uyumludur.<\/p>\n<p>Bu komut dosyas\u0131 m\u0131? Tam bir alt\u0131n madeni! SEO en iyi uygulamalar\u0131n\u0131 ger\u00e7ek bir insan dokunu\u015fuyla kusursuz bir \u015fekilde harmanlayan bu komut dosyas\u0131, herhangi bir konuda yay\u0131na haz\u0131r, son derece odakl\u0131, bilgi dolu bir blog yaz\u0131s\u0131 olu\u015fturman\u0131z i\u00e7in size bir f\u0131rsat sunuyor \ud83d\udcdd.<\/p>","protected":false},"excerpt":{"rendered":"<p>\ud83d\udcdd Create blog posts that sound like they were written by real people!\ud83d\ude4b\u200d\u2642\ufe0f\ud83d\ude4b\u200d\u2640\ufe0f Crafting content in a first-person tone, these posts ooze creativity, all while slyly dodging those AI text classifiers.\ud83d\udd75\ufe0f\u200d\u2642\ufe0f\u2753. Easy to customize! You&#8217;ve got all the control! \ud83c\udfae Works with GPT 3.5, GPT4-o &#038; GPT 4 This prompt? It&#8217;s pure gold! Seamlessly blending [&hellip;]<\/p>\n","protected":false},"featured_media":26800,"comment_status":"open","ping_status":"closed","template":"","meta":[],"product_brand":[],"product_cat":[4101],"product_tag":[],"class_list":{"0":"post-26801","1":"product","2":"type-product","3":"status-publish","4":"has-post-thumbnail","6":"product_cat-productivity-automation","8":"first","9":"instock","10":"downloadable","11":"virtual","12":"product-type-simple"},"bundled_by":[],"bundle_stock_status":"instock","bundle_stock_quantity":null,"bundle_virtual":false,"bundle_layout":"","bundle_add_to_cart_form_location":"","bundle_editable_in_cart":false,"bundle_sold_individually_context":"","bundle_item_grouping":"","bundle_min_size":"","bundle_max_size":"","bundle_price":[],"bundled_items":[],"bundle_sell_ids":[],"_links":{"self":[{"href":"https:\/\/logic-vault.com\/tr\/wp-json\/wp\/v2\/product\/26801","targetHints":{"allow":["GET"]}}],"collection":[{"href":"https:\/\/logic-vault.com\/tr\/wp-json\/wp\/v2\/product"}],"about":[{"href":"https:\/\/logic-vault.com\/tr\/wp-json\/wp\/v2\/types\/product"}],"replies":[{"embeddable":true,"href":"https:\/\/logic-vault.com\/tr\/wp-json\/wp\/v2\/comments?post=26801"}],"wp:featuredmedia":[{"embeddable":true,"href":"https:\/\/logic-vault.com\/tr\/wp-json\/wp\/v2\/media\/26800"}],"wp:attachment":[{"href":"https:\/\/logic-vault.com\/tr\/wp-json\/wp\/v2\/media?parent=26801"}],"wp:term":[{"taxonomy":"product_brand","embeddable":true,"href":"https:\/\/logic-vault.com\/tr\/wp-json\/wp\/v2\/product_brand?post=26801"},{"taxonomy":"product_cat","embeddable":true,"href":"https:\/\/logic-vault.com\/tr\/wp-json\/wp\/v2\/product_cat?post=26801"},{"taxonomy":"product_tag","embeddable":true,"href":"https:\/\/logic-vault.com\/tr\/wp-json\/wp\/v2\/product_tag?post=26801"}],"curies":[{"name":"wp","href":"https:\/\/api.w.org\/{rel}","templated":true}]}}