{"id":26797,"date":"2026-02-17T21:25:15","date_gmt":"2026-02-17T21:25:15","guid":{"rendered":"https:\/\/logic-vault.com\/product\/small-business-sop-templates-system\/"},"modified":"2026-02-17T21:25:15","modified_gmt":"2026-02-17T21:25:15","slug":"small-business-sop-templates-system","status":"publish","type":"product","link":"https:\/\/logic-vault.com\/tr\/urun\/small-business-sop-templates-system\/","title":{"rendered":"Small Business Sop Templates System"},"content":{"rendered":"<p>Work gets messy when processes aren\u2019t documented.<br \/>\nThis prompt generates clear, structured SOP templates for daily business operations\u2014so teams work consistently without constant supervision.<br \/>\nAl\u0131c\u0131ya Sa\u011flanan Faydalar:<br \/>\n\ud83d\udcd8 Professional SOP structure<br \/>\n\u2699\ufe0f Clear step-by-step processes<br \/>\n\ud83e\udde0 Reduced training time<br \/>\n\ud83d\udd01 Consistent team execution<br \/>\n\ud83d\udcbc Works for agencies &#038; small businesses<br \/>\n\ud83d\udc49 Use this prompt to create clean SOP systems fast.<\/p>","protected":false},"excerpt":{"rendered":"<p>Work gets messy when processes aren\u2019t documented. This prompt generates clear, structured SOP templates for daily business operations\u2014so teams work consistently without constant supervision. Buyer Benefits: \ud83d\udcd8 Professional SOP structure \u2699\ufe0f Clear step-by-step processes \ud83e\udde0 Reduced training time \ud83d\udd01 Consistent team execution \ud83d\udcbc Works for agencies &#038; small businesses \ud83d\udc49 Use this prompt to create [&hellip;]<\/p>\n","protected":false},"featured_media":26796,"comment_status":"open","ping_status":"closed","template":"","meta":[],"product_brand":[],"product_cat":[4101],"product_tag":[],"class_list":{"0":"post-26797","1":"product","2":"type-product","3":"status-publish","4":"has-post-thumbnail","6":"product_cat-productivity-automation","8":"first","9":"instock","10":"downloadable","11":"virtual","12":"product-type-simple"},"bundled_by":[],"bundle_stock_status":"instock","bundle_stock_quantity":null,"bundle_virtual":false,"bundle_layout":"","bundle_add_to_cart_form_location":"","bundle_editable_in_cart":false,"bundle_sold_individually_context":"","bundle_item_grouping":"","bundle_min_size":"","bundle_max_size":"","bundle_price":[],"bundled_items":[],"bundle_sell_ids":[],"_links":{"self":[{"href":"https:\/\/logic-vault.com\/tr\/wp-json\/wp\/v2\/product\/26797","targetHints":{"allow":["GET"]}}],"collection":[{"href":"https:\/\/logic-vault.com\/tr\/wp-json\/wp\/v2\/product"}],"about":[{"href":"https:\/\/logic-vault.com\/tr\/wp-json\/wp\/v2\/types\/product"}],"replies":[{"embeddable":true,"href":"https:\/\/logic-vault.com\/tr\/wp-json\/wp\/v2\/comments?post=26797"}],"wp:featuredmedia":[{"embeddable":true,"href":"https:\/\/logic-vault.com\/tr\/wp-json\/wp\/v2\/media\/26796"}],"wp:attachment":[{"href":"https:\/\/logic-vault.com\/tr\/wp-json\/wp\/v2\/media?parent=26797"}],"wp:term":[{"taxonomy":"product_brand","embeddable":true,"href":"https:\/\/logic-vault.com\/tr\/wp-json\/wp\/v2\/product_brand?post=26797"},{"taxonomy":"product_cat","embeddable":true,"href":"https:\/\/logic-vault.com\/tr\/wp-json\/wp\/v2\/product_cat?post=26797"},{"taxonomy":"product_tag","embeddable":true,"href":"https:\/\/logic-vault.com\/tr\/wp-json\/wp\/v2\/product_tag?post=26797"}],"curies":[{"name":"wp","href":"https:\/\/api.w.org\/{rel}","templated":true}]}}