{"id":26791,"date":"2026-02-17T21:25:14","date_gmt":"2026-02-17T21:25:14","guid":{"rendered":"https:\/\/logic-vault.com\/product\/pro-cover-letter-impact-engine\/"},"modified":"2026-02-17T21:25:14","modified_gmt":"2026-02-17T21:25:14","slug":"pro-cover-letter-impact-engine","status":"publish","type":"product","link":"https:\/\/logic-vault.com\/tr\/urun\/pro-cover-letter-impact-engine\/","title":{"rendered":"Profesyonel Kapak Mektubu Etki Motoru"},"content":{"rendered":"<p>\u00c7o\u011fu i\u015f ba\u015fvuru mektubu \u00f6zge\u00e7mi\u015fin ayn\u0131s\u0131n\u0131 tekrarlar.<\/p>\n<p>Etkileyici \u00f6zge\u00e7mi\u015f mektuplar\u0131 i\u015fe al\u0131m kararlar\u0131n\u0131 etkiler.<\/p>\n<p>COVER LETTER IMPACT ENGINE\u2122 ba\u015fvurunuzu a\u015fa\u011f\u0131daki ama\u00e7lara y\u00f6nelik stratejik bir ikna belgesine d\u00f6n\u00fc\u015ft\u00fcr\u00fcr:<\/p>\n<p>\u2714 Hemen dikkat \u00e7ekin<br \/>\n\u2714 Konuya dair derinlemesine bilgi sahibi oldu\u011funuzu g\u00f6sterin.<br \/>\n\u2714 Kendinizi aday de\u011fil, \u00e7\u00f6z\u00fcm olarak konumland\u0131r\u0131n<br \/>\n\u2714 Otorite ve g\u00fcvenilirlik alg\u0131s\u0131n\u0131 tetikler<br \/>\n\u2714 M\u00fclakat olas\u0131l\u0131\u011f\u0131n\u0131 art\u0131r\u0131n<\/p>","protected":false},"excerpt":{"rendered":"<p>Most cover letters repeat resumes. High-impact cover letters influence hiring decisions. COVER LETTER IMPACT ENGINE\u2122 transforms your application into a strategic persuasion document designed to: \u2714 Capture attention immediately \u2714 Demonstrate insider-level understanding \u2714 Position you as a solution, not a candidate \u2714 Trigger authority &#038; credibility perception \u2714 Increase interview probability<\/p>","protected":false},"featured_media":26790,"comment_status":"open","ping_status":"closed","template":"","meta":[],"product_brand":[],"product_cat":[4101],"product_tag":[],"class_list":{"0":"post-26791","1":"product","2":"type-product","3":"status-publish","4":"has-post-thumbnail","6":"product_cat-productivity-automation","8":"first","9":"instock","10":"downloadable","11":"virtual","12":"product-type-simple"},"bundled_by":[],"bundle_stock_status":"instock","bundle_stock_quantity":null,"bundle_virtual":false,"bundle_layout":"","bundle_add_to_cart_form_location":"","bundle_editable_in_cart":false,"bundle_sold_individually_context":"","bundle_item_grouping":"","bundle_min_size":"","bundle_max_size":"","bundle_price":[],"bundled_items":[],"bundle_sell_ids":[],"_links":{"self":[{"href":"https:\/\/logic-vault.com\/tr\/wp-json\/wp\/v2\/product\/26791","targetHints":{"allow":["GET"]}}],"collection":[{"href":"https:\/\/logic-vault.com\/tr\/wp-json\/wp\/v2\/product"}],"about":[{"href":"https:\/\/logic-vault.com\/tr\/wp-json\/wp\/v2\/types\/product"}],"replies":[{"embeddable":true,"href":"https:\/\/logic-vault.com\/tr\/wp-json\/wp\/v2\/comments?post=26791"}],"wp:featuredmedia":[{"embeddable":true,"href":"https:\/\/logic-vault.com\/tr\/wp-json\/wp\/v2\/media\/26790"}],"wp:attachment":[{"href":"https:\/\/logic-vault.com\/tr\/wp-json\/wp\/v2\/media?parent=26791"}],"wp:term":[{"taxonomy":"product_brand","embeddable":true,"href":"https:\/\/logic-vault.com\/tr\/wp-json\/wp\/v2\/product_brand?post=26791"},{"taxonomy":"product_cat","embeddable":true,"href":"https:\/\/logic-vault.com\/tr\/wp-json\/wp\/v2\/product_cat?post=26791"},{"taxonomy":"product_tag","embeddable":true,"href":"https:\/\/logic-vault.com\/tr\/wp-json\/wp\/v2\/product_tag?post=26791"}],"curies":[{"name":"wp","href":"https:\/\/api.w.org\/{rel}","templated":true}]}}