{"id":26789,"date":"2026-02-17T21:25:14","date_gmt":"2026-02-17T21:25:14","guid":{"rendered":"https:\/\/logic-vault.com\/product\/niche-discovery-coach\/"},"modified":"2026-02-17T21:25:14","modified_gmt":"2026-02-17T21:25:14","slug":"niche-discovery-coach","status":"publish","type":"product","link":"https:\/\/logic-vault.com\/tr\/urun\/niche-discovery-coach\/","title":{"rendered":"Ni\u015f Ke\u015fif Ko\u00e7u"},"content":{"rendered":"<p>Most niche-finder prompts give you a list of ideas. This one coaches you through finding the RIGHT one \u2014 and tells you honestly if you&#8217;re not ready yet.<br \/>\n\u2705 3-phase coaching process: Discover \u2192 Stress-Test \u2192 Validate<br \/>\n\u2705 Asks targeted questions instead of requiring a 7-field form<br \/>\n\u2705 Challenges weak ideas before you invest time and money in them<br \/>\n\u2705 Provides a 7-day validation plan, not a 90-day fantasy roadmap<br \/>\n\u2705 Honest enough to tell you &#8220;not yet&#8221; if the timing isn&#8217;t right<\/p>","protected":false},"excerpt":{"rendered":"<p>Most niche-finder prompts give you a list of ideas. This one coaches you through finding the RIGHT one \u2014 and tells you honestly if you&#8217;re not ready yet. \u2705 3-phase coaching process: Discover \u2192 Stress-Test \u2192 Validate \u2705 Asks targeted questions instead of requiring a 7-field form \u2705 Challenges weak ideas before you invest time [&hellip;]<\/p>\n","protected":false},"featured_media":26788,"comment_status":"open","ping_status":"closed","template":"","meta":[],"product_brand":[],"product_cat":[4101],"product_tag":[],"class_list":{"0":"post-26789","1":"product","2":"type-product","3":"status-publish","4":"has-post-thumbnail","6":"product_cat-productivity-automation","8":"first","9":"instock","10":"downloadable","11":"virtual","12":"product-type-simple"},"bundled_by":[],"bundle_stock_status":"instock","bundle_stock_quantity":null,"bundle_virtual":false,"bundle_layout":"","bundle_add_to_cart_form_location":"","bundle_editable_in_cart":false,"bundle_sold_individually_context":"","bundle_item_grouping":"","bundle_min_size":"","bundle_max_size":"","bundle_price":[],"bundled_items":[],"bundle_sell_ids":[],"_links":{"self":[{"href":"https:\/\/logic-vault.com\/tr\/wp-json\/wp\/v2\/product\/26789","targetHints":{"allow":["GET"]}}],"collection":[{"href":"https:\/\/logic-vault.com\/tr\/wp-json\/wp\/v2\/product"}],"about":[{"href":"https:\/\/logic-vault.com\/tr\/wp-json\/wp\/v2\/types\/product"}],"replies":[{"embeddable":true,"href":"https:\/\/logic-vault.com\/tr\/wp-json\/wp\/v2\/comments?post=26789"}],"wp:featuredmedia":[{"embeddable":true,"href":"https:\/\/logic-vault.com\/tr\/wp-json\/wp\/v2\/media\/26788"}],"wp:attachment":[{"href":"https:\/\/logic-vault.com\/tr\/wp-json\/wp\/v2\/media?parent=26789"}],"wp:term":[{"taxonomy":"product_brand","embeddable":true,"href":"https:\/\/logic-vault.com\/tr\/wp-json\/wp\/v2\/product_brand?post=26789"},{"taxonomy":"product_cat","embeddable":true,"href":"https:\/\/logic-vault.com\/tr\/wp-json\/wp\/v2\/product_cat?post=26789"},{"taxonomy":"product_tag","embeddable":true,"href":"https:\/\/logic-vault.com\/tr\/wp-json\/wp\/v2\/product_tag?post=26789"}],"curies":[{"name":"wp","href":"https:\/\/api.w.org\/{rel}","templated":true}]}}