{"id":26783,"date":"2026-02-17T21:25:13","date_gmt":"2026-02-17T21:25:13","guid":{"rendered":"https:\/\/logic-vault.com\/product\/passive-income-strategy\/"},"modified":"2026-02-17T21:25:13","modified_gmt":"2026-02-17T21:25:13","slug":"passive-income-strategy","status":"publish","type":"product","link":"https:\/\/logic-vault.com\/tr\/urun\/passive-income-strategy\/","title":{"rendered":"Pasif Gelir Stratejisi"},"content":{"rendered":"<p>Many passive income ideas sound good\u2014but don\u2019t fit real life. \ud83d\udcad\ud83d\udcb8<br \/>\nBu ipucu nas\u0131l yard\u0131mc\u0131 olur:<br \/>\n\ud83e\udde0 Suggests realistic income ideas<br \/>\n\ud83c\udfaf Matches ideas to your skills and time<br \/>\n\ud83d\udcca Explains effort vs return<br \/>\n\u270d\ufe0f Recommends beginner-friendly options<br \/>\n\ud83d\udcc8 Creates a simple action plan<br \/>\n\ud83d\udc49 Use this prompt to find passive income ideas that actually fit you.<\/p>","protected":false},"excerpt":{"rendered":"<p>Many passive income ideas sound good\u2014but don\u2019t fit real life. \ud83d\udcad\ud83d\udcb8 How this prompt helps: \ud83e\udde0 Suggests realistic income ideas \ud83c\udfaf Matches ideas to your skills and time \ud83d\udcca Explains effort vs return \u270d\ufe0f Recommends beginner-friendly options \ud83d\udcc8 Creates a simple action plan \ud83d\udc49 Use this prompt to find passive income ideas that actually fit [&hellip;]<\/p>\n","protected":false},"featured_media":26782,"comment_status":"open","ping_status":"closed","template":"","meta":[],"product_brand":[],"product_cat":[4101],"product_tag":[],"class_list":{"0":"post-26783","1":"product","2":"type-product","3":"status-publish","4":"has-post-thumbnail","6":"product_cat-productivity-automation","8":"first","9":"instock","10":"downloadable","11":"virtual","12":"product-type-simple"},"bundled_by":[],"bundle_stock_status":"instock","bundle_stock_quantity":null,"bundle_virtual":false,"bundle_layout":"","bundle_add_to_cart_form_location":"","bundle_editable_in_cart":false,"bundle_sold_individually_context":"","bundle_item_grouping":"","bundle_min_size":"","bundle_max_size":"","bundle_price":[],"bundled_items":[],"bundle_sell_ids":[],"_links":{"self":[{"href":"https:\/\/logic-vault.com\/tr\/wp-json\/wp\/v2\/product\/26783","targetHints":{"allow":["GET"]}}],"collection":[{"href":"https:\/\/logic-vault.com\/tr\/wp-json\/wp\/v2\/product"}],"about":[{"href":"https:\/\/logic-vault.com\/tr\/wp-json\/wp\/v2\/types\/product"}],"replies":[{"embeddable":true,"href":"https:\/\/logic-vault.com\/tr\/wp-json\/wp\/v2\/comments?post=26783"}],"wp:featuredmedia":[{"embeddable":true,"href":"https:\/\/logic-vault.com\/tr\/wp-json\/wp\/v2\/media\/26782"}],"wp:attachment":[{"href":"https:\/\/logic-vault.com\/tr\/wp-json\/wp\/v2\/media?parent=26783"}],"wp:term":[{"taxonomy":"product_brand","embeddable":true,"href":"https:\/\/logic-vault.com\/tr\/wp-json\/wp\/v2\/product_brand?post=26783"},{"taxonomy":"product_cat","embeddable":true,"href":"https:\/\/logic-vault.com\/tr\/wp-json\/wp\/v2\/product_cat?post=26783"},{"taxonomy":"product_tag","embeddable":true,"href":"https:\/\/logic-vault.com\/tr\/wp-json\/wp\/v2\/product_tag?post=26783"}],"curies":[{"name":"wp","href":"https:\/\/api.w.org\/{rel}","templated":true}]}}